{"id":35273,"date":"2025-02-02T07:43:08","date_gmt":"2025-02-02T07:43:08","guid":{"rendered":"https:\/\/chilimag.hu\/webshop\/?post_type=product&#038;p=35273"},"modified":"2026-02-15T13:53:09","modified_gmt":"2026-02-15T13:53:09","slug":"burgonya-soltastic-hibrid-eln-sl","status":"publish","type":"product","link":"https:\/\/chilimag.hu\/webshop\/termek\/burgonya-soltastic-hibrid-eln-sl\/","title":{"rendered":"Burgonya SOLTASTIC Hibrid ELN SL"},"content":{"rendered":"","protected":false},"excerpt":{"rendered":"<p><img decoding=\"async\" class=\"logo img-responsive\" src=\"https:\/\/www.seklos.lt\/static\/themes\/site\/img\/site_logo.png\" alt=\"Home\" width=\"270\" height=\"151\" \/><\/p>\n<p>Burgonya \u00a0SOLTASTIC H Egyed\u00fcl\u00e1ll\u00f3 hibrid burgonyafajta, amelyet finom burgonya termeszt\u00e9s\u00e9re terveztek apr\u00f3 magvakb\u00f3l. Ide\u00e1lis a kert\u00e9szked\u00e9s igazi szerelmeseinek. Sz\u00e9p form\u00e1j\u00fa, s\u00e1rg\u00e1s gy\u00f6k\u00e9rz\u00f6lds\u00e9gek, s\u00e1rga bels\u0151 h\u00fas\u00fa. A burgonya ov\u00e1lis alak\u00fa, k\u00f6zepes m\u00e9ret\u0171. A magokat kora tavasszal vetik; a kihajtott pal\u00e1nt\u00e1kat m\u00e1jusban \u00fcltetj\u00fck ki a term\u0151helyre, miut\u00e1n m\u00e1r nem \u00e1ll fenn a fagyvesz\u00e9ly. Burgonya termeszthet\u0151 cser\u00e9pben, termeszt\u0151zs\u00e1kban, 1 m2-es \u00e1gy\u00e1sban vagy kertben. \u00dcltessen egy pal\u00e1nt\u00e1t, \u00e9s \u00e9lvezze a kompakt n\u00f6v\u00e9nyt, amely szeptemberben \u00f6r\u00f6met okoz \u00d6nnek. 10 mag elegend\u0151 egy 2 m\u00b2-es ter\u00fclethez vagy 7 cser\u00e9phez.<\/p>\n<p>Vet\u00e9sid\u0151 \u00fcvegh\u00e1zban II-IV<br \/>\nT\u00e1vols\u00e1gok, 20&#215;60 cm<br \/>\nSz\u00fcret VIII-IX<br \/>\nLucia Elite m\u00e1rka<br \/>\n\u00dcltet\u00e9si m\u00e9lys\u00e9g, cm 0,5<\/p>\n","protected":false},"featured_media":35274,"comment_status":"closed","ping_status":"closed","template":"","meta":[],"product_brand":[],"product_cat":[368,329],"product_tag":[],"class_list":{"0":"post-35273","1":"product","2":"type-product","3":"status-publish","4":"has-post-thumbnail","6":"product_cat-zoldseg-vetomagok","7":"product_cat-zoldseg-vetomagok-egyeb-es-kulonleges-vetomagok","9":"first","10":"instock","11":"taxable","12":"shipping-taxable","13":"purchasable","14":"product-type-simple"},"_links":{"self":[{"href":"https:\/\/chilimag.hu\/webshop\/wp-json\/wp\/v2\/product\/35273","targetHints":{"allow":["GET"]}}],"collection":[{"href":"https:\/\/chilimag.hu\/webshop\/wp-json\/wp\/v2\/product"}],"about":[{"href":"https:\/\/chilimag.hu\/webshop\/wp-json\/wp\/v2\/types\/product"}],"replies":[{"embeddable":true,"href":"https:\/\/chilimag.hu\/webshop\/wp-json\/wp\/v2\/comments?post=35273"}],"wp:featuredmedia":[{"embeddable":true,"href":"https:\/\/chilimag.hu\/webshop\/wp-json\/wp\/v2\/media\/35274"}],"wp:attachment":[{"href":"https:\/\/chilimag.hu\/webshop\/wp-json\/wp\/v2\/media?parent=35273"}],"wp:term":[{"taxonomy":"product_brand","embeddable":true,"href":"https:\/\/chilimag.hu\/webshop\/wp-json\/wp\/v2\/product_brand?post=35273"},{"taxonomy":"product_cat","embeddable":true,"href":"https:\/\/chilimag.hu\/webshop\/wp-json\/wp\/v2\/product_cat?post=35273"},{"taxonomy":"product_tag","embeddable":true,"href":"https:\/\/chilimag.hu\/webshop\/wp-json\/wp\/v2\/product_tag?post=35273"}],"curies":[{"name":"wp","href":"https:\/\/api.w.org\/{rel}","templated":true}]}}