{"id":35266,"date":"2025-02-02T06:45:23","date_gmt":"2025-02-02T06:45:23","guid":{"rendered":"https:\/\/chilimag.hu\/webshop\/?post_type=product&#038;p=35266"},"modified":"2026-03-17T13:27:36","modified_gmt":"2026-03-17T13:27:36","slug":"diszkoles-frosted-explosion-z-s-sl","status":"publish","type":"product","link":"https:\/\/chilimag.hu\/webshop\/termek\/diszkoles-frosted-explosion-z-s-sl\/","title":{"rendered":"D\u00edszk\u00f6les FROSTED EXPLOSION Z.S SL"},"content":{"rendered":"","protected":false},"excerpt":{"rendered":"<p><img decoding=\"async\" class=\"logo img-responsive\" src=\"https:\/\/www.seklos.lt\/static\/themes\/site\/img\/site_logo.png\" alt=\"Home\" width=\"270\" height=\"151\" \/><\/p>\n<p>Le\u00edr\u00e1s<\/p>\n<p>Egyny\u00e1ri, nagyon dekorat\u00edv, 50 cm magas l\u00e1gysz\u00e1r\u00fa n\u00f6v\u00e9ny. Vir\u00e1g\u00e1gy\u00e1sokban, vir\u00e1gkompoz\u00edci\u00f3kban \u00e9s naturalista vir\u00e1g\u00e1gy\u00e1sokban termesztik. Remek h\u00e1tt\u00e9rn\u00f6v\u00e9ny, amely kiemeli a mellette term\u0151 n\u00f6v\u00e9nyeket. A vir\u00e1gzat vir\u00e1gkompoz\u00edci\u00f3kban haszn\u00e1lhat\u00f3, a sz\u00e1r\u00edtott vir\u00e1gzat nem vesz\u00edt dekorat\u00edv min\u0151s\u00e9g\u00e9b\u0151l. A vir\u00e1goskertben v\u00edz- \u00e9s leveg\u0151\u00e1tereszt\u0151 talajt, napos vagy f\u00e9lig napos helyet v\u00e1lasztunk a termeszt\u00e9shez<\/p>\n<p>Magok sz\u00e1ma grammonk\u00e9nt 300<br \/>\nVet\u00e9sid\u0151 a talajban X<br \/>\nVet\u00e9sid\u0151 \u00fcvegh\u00e1zban IV<br \/>\nVir\u00e1gz\u00e1si id\u0151szak VII-IX<br \/>\nN\u00f6v\u00e9nymagass\u00e1g, 50 cm<br \/>\nTerm\u0151f\u00f6ld<br \/>\nM\u00e1rka \u017dalia stotel\u0117<br \/>\nNapos hely Igen<br \/>\nF\u00e9l\u00e1rny\u00e9k Igen<br \/>\nSz\u00edn Z\u00f6ld<br \/>\nKiszerel\u00e9s 1 g<\/p>\n<p>&nbsp;<\/p>\n","protected":false},"featured_media":35267,"comment_status":"closed","ping_status":"closed","template":"","meta":[],"product_brand":[],"product_cat":[363],"product_tag":[],"class_list":{"0":"post-35266","1":"product","2":"type-product","3":"status-publish","4":"has-post-thumbnail","6":"product_cat-virag-vetomagok-zalia-stotele","8":"first","9":"instock","10":"taxable","11":"shipping-taxable","12":"purchasable","13":"product-type-simple"},"_links":{"self":[{"href":"https:\/\/chilimag.hu\/webshop\/wp-json\/wp\/v2\/product\/35266","targetHints":{"allow":["GET"]}}],"collection":[{"href":"https:\/\/chilimag.hu\/webshop\/wp-json\/wp\/v2\/product"}],"about":[{"href":"https:\/\/chilimag.hu\/webshop\/wp-json\/wp\/v2\/types\/product"}],"replies":[{"embeddable":true,"href":"https:\/\/chilimag.hu\/webshop\/wp-json\/wp\/v2\/comments?post=35266"}],"wp:featuredmedia":[{"embeddable":true,"href":"https:\/\/chilimag.hu\/webshop\/wp-json\/wp\/v2\/media\/35267"}],"wp:attachment":[{"href":"https:\/\/chilimag.hu\/webshop\/wp-json\/wp\/v2\/media?parent=35266"}],"wp:term":[{"taxonomy":"product_brand","embeddable":true,"href":"https:\/\/chilimag.hu\/webshop\/wp-json\/wp\/v2\/product_brand?post=35266"},{"taxonomy":"product_cat","embeddable":true,"href":"https:\/\/chilimag.hu\/webshop\/wp-json\/wp\/v2\/product_cat?post=35266"},{"taxonomy":"product_tag","embeddable":true,"href":"https:\/\/chilimag.hu\/webshop\/wp-json\/wp\/v2\/product_tag?post=35266"}],"curies":[{"name":"wp","href":"https:\/\/api.w.org\/{rel}","templated":true}]}}