{"id":35264,"date":"2025-02-02T06:30:56","date_gmt":"2025-02-02T06:30:56","guid":{"rendered":"https:\/\/chilimag.hu\/webshop\/?post_type=product&#038;p=35264"},"modified":"2026-03-09T10:26:46","modified_gmt":"2026-03-09T10:26:46","slug":"kerti-macskamenta-z-s-sl","status":"publish","type":"product","link":"https:\/\/chilimag.hu\/webshop\/termek\/kerti-macskamenta-z-s-sl\/","title":{"rendered":"Kerti macskamenta Catmint Faassenii Z.S SL"},"content":{"rendered":"","protected":false},"excerpt":{"rendered":"<p><img decoding=\"async\" class=\"logo img-responsive\" src=\"https:\/\/www.seklos.lt\/static\/themes\/site\/img\/site_logo.png\" alt=\"Home\" width=\"270\" height=\"151\" \/><\/p>\n<p>&nbsp;<\/p>\n<p>Le\u00edr\u00e1s<\/p>\n<p>\u00c9vel\u0151, 40 cm magas kompakt n\u00f6v\u00e9ny. Eg\u00e9sz ny\u00e1ron hosszan \u00e9s b\u0151s\u00e9gesen vir\u00e1gzik, ez\u00e9rt n\u00e9pszer\u0171 d\u00edszn\u00f6v\u00e9nyk\u00e9nt k\u00fcl\u00f6nf\u00e9le st\u00edlus\u00fa vir\u00e1goskertekben. J\u00f3l illik a r\u00f6vid vir\u00e1gz\u00e1si peri\u00f3dus\u00fa vir\u00e1gokhoz. K\u00fcl\u00f6nleges talajviszonyokat nem ig\u00e9nyel, a legjobban napos helyen, nem vizes talajban fejl\u0151dik. A tavaszi pal\u00e1nt\u00e1kat vir\u00e1g\u00e1gy\u00e1sokba \u00fcltetik. Ugyanazon a helyen t\u00f6bb mint egy \u00e9vig n\u0151het.<\/p>\n<p>Magok sz\u00e1ma grammonk\u00e9nt 1100<br \/>\nVet\u00e9sid\u0151 a talajban V-VI<br \/>\nVet\u00e9sid\u0151 \u00fcvegh\u00e1zban III-IV<br \/>\nVir\u00e1gz\u00e1si id\u0151szak VI-VII<br \/>\nN\u00f6v\u00e9nymagass\u00e1g, 40 cm<br \/>\nTerm\u0151f\u00f6ld<br \/>\nM\u00e1rka \u017dalia stotel\u0117<br \/>\nTranszplant\u00e1ci\u00f3 V-VI<br \/>\nNapos hely Igen<br \/>\n\u00c9vel\u0151 Igen<br \/>\nSz\u00edn K\u00e9k<br \/>\nKiszerel\u00e9s 0,4 g<\/p>\n<p>&nbsp;<\/p>\n","protected":false},"featured_media":35265,"comment_status":"closed","ping_status":"closed","template":"","meta":[],"product_brand":[],"product_cat":[363],"product_tag":[],"class_list":{"0":"post-35264","1":"product","2":"type-product","3":"status-publish","4":"has-post-thumbnail","6":"product_cat-virag-vetomagok-zalia-stotele","8":"first","9":"instock","10":"taxable","11":"shipping-taxable","12":"purchasable","13":"product-type-simple"},"_links":{"self":[{"href":"https:\/\/chilimag.hu\/webshop\/wp-json\/wp\/v2\/product\/35264","targetHints":{"allow":["GET"]}}],"collection":[{"href":"https:\/\/chilimag.hu\/webshop\/wp-json\/wp\/v2\/product"}],"about":[{"href":"https:\/\/chilimag.hu\/webshop\/wp-json\/wp\/v2\/types\/product"}],"replies":[{"embeddable":true,"href":"https:\/\/chilimag.hu\/webshop\/wp-json\/wp\/v2\/comments?post=35264"}],"wp:featuredmedia":[{"embeddable":true,"href":"https:\/\/chilimag.hu\/webshop\/wp-json\/wp\/v2\/media\/35265"}],"wp:attachment":[{"href":"https:\/\/chilimag.hu\/webshop\/wp-json\/wp\/v2\/media?parent=35264"}],"wp:term":[{"taxonomy":"product_brand","embeddable":true,"href":"https:\/\/chilimag.hu\/webshop\/wp-json\/wp\/v2\/product_brand?post=35264"},{"taxonomy":"product_cat","embeddable":true,"href":"https:\/\/chilimag.hu\/webshop\/wp-json\/wp\/v2\/product_cat?post=35264"},{"taxonomy":"product_tag","embeddable":true,"href":"https:\/\/chilimag.hu\/webshop\/wp-json\/wp\/v2\/product_tag?post=35264"}],"curies":[{"name":"wp","href":"https:\/\/api.w.org\/{rel}","templated":true}]}}