{"id":35258,"date":"2025-02-01T20:48:45","date_gmt":"2025-02-01T20:48:45","guid":{"rendered":"https:\/\/chilimag.hu\/webshop\/?post_type=product&#038;p=35258"},"modified":"2026-04-19T15:39:27","modified_gmt":"2026-04-19T15:39:27","slug":"kokuszrost-tegla-5-kg-ow-sl","status":"publish","type":"product","link":"https:\/\/chilimag.hu\/webshop\/termek\/kokuszrost-tegla-5-kg-ow-sl\/","title":{"rendered":"K\u00f3kuszrost t\u00e9gla 5 kg OW SL"},"content":{"rendered":"","protected":false},"excerpt":{"rendered":"<p><img decoding=\"async\" class=\"logo\" src=\"https:\/\/b2b.seklos.lt\/themes\/warehouse\/img\/logo_en.png\" alt=\"Agrofirma S\u0117klos, UAB\" \/><\/p>\n<p>Le\u00edr\u00e1s<\/p>\n<p>K\u00d3KUSZ T\u00c9LA Felhaszn\u00e1l\u00e1s: k\u00f3kuszrost t\u00e9gla vir\u00e1gok, szoban\u00f6v\u00e9nyek, hagym\u00e1s vir\u00e1gok \u00e9s magvak \u00fcltet\u00e9s\u00e9re \u00e9s \u00e1t\u00fcltet\u00e9s\u00e9re. A k\u00f3kuszh\u00e9j egyenl\u0151 ar\u00e1nyban keverhet\u0151 a kerti talajjal, \u00e9s haszn\u00e1lhat\u00f3 talajtakar\u00f3k\u00e9nt n\u00f6v\u00e9nyek \u00e9s cserj\u00e9k sz\u00e1m\u00e1ra. Tippek: helyezze a t\u00e9gl\u00e1t egy ed\u00e9nybe, \u00f6nts\u00f6n r\u00e1 2-3 liter tiszta vizet, \u00e9s hagyja \u00e1llni k\u00f6r\u00fclbel\u00fcl 30 percig. Haszn\u00e1lat el\u0151tt keverje meg. Biztons\u00e1g \u00e9s t\u00e1rol\u00e1s: az \u00e1ltal\u00e1nos higi\u00e9ni\u00e1t be kell tartani, \u00e9s a kezel\u00e9s sor\u00e1n keszty\u0171t kell viselni. Gyermekekt\u0151l elz\u00e1rva tartand\u00f3! Sz\u00e1raz helyen, k\u00f6zvetlen napf\u00e9nyt\u0151l, nedvess\u00e9gt\u0151l, esetleges szennyez\u0151d\u00e9st\u0151l \u00e9s a csomagol\u00e1s mechanikai s\u00e9r\u00fcl\u00e9s\u00e9t\u0151l v\u00e9dve t\u00e1roland\u00f3. T\u00e1ptalajok, egy\u00e9b t\u00e1ptalajok: F.2.1.1.12 K\u00f3kuszrost. F\u0151bb \u00f6sszetev\u0151k: 100% mechanikusan apr\u00edtott k\u00f3kuszrost. \u00d6sszet\u00e9tel: savass\u00e1g pH (H\u2082O) 5,2-6,8, elektromos vezet\u0151k\u00e9pess\u00e9g (EC mS\/m) 1,2, frakci\u00f3 (sz\u00e1razanyagban) 0,5-1 mm, szervesanyag-tartalom (sz\u00e1razanyagban) 92,3%, t\u00e9rfogats\u0171r\u0171s\u00e9g (sz\u00e1razanyagban) 92 g\/l, nedvess\u00e9gtartalom &gt; 15,2%, fizikai forma \u2013 t\u00f6m\u00f6r\u00edtett. K\u00e9miai \u00f6sszet\u00e9tel (sz\u00e1razanyagban): \u00f6sszes nitrog\u00e9n (N) 0,30%, amm\u00f3nia nitrog\u00e9n 0,12%, nitrog\u00e9n 0,18%, oldhat\u00f3 foszf\u00e1t (P2O5) 0,30%, oldhat\u00f3 k\u00e1lium (K2O) 0,30%. K\u00e9miai \u00f6sszet\u00e9tel (nedves anyagban): \u00f6sszes nitrog\u00e9n (N) 0,05%, amm\u00f3nia nitrog\u00e9n 0,02%, nitrog\u00e9n 0,03%, oldhat\u00f3 foszf\u00e1t (P2O5) 0,05%, oldhat\u00f3 k\u00e1lium (K2O) 0,05%. Szennyez\u0151d\u00e9sek: kadmium (Cd) 0,05 mg\/kg, \u00f3lom (Pb) &lt; 2,5 mg\/kg, higany (Hg) &lt;0,08 mg\/kg, kr\u00f3m (Cr) &lt; 15,3 mg\/kg, cink (Zn) 0,5 mg\/kg, r\u00e9z (Cu) 0,2 mg\/l, arz\u00e9n (As) 1,3 mg\/kg, nikkel (Ni) 6,3 mg\/kg, hat vegy\u00e9rt\u00e9k\u0171 kr\u00f3m (Cr VI) &lt; 1 mg\/kg.<\/p>\n<p>ORGANIC WAY m\u00e1rka<br \/>\nC\u00e9l pal\u00e1nt\u00e1khoz, Univerz\u00e1lis<br \/>\nKiszerel\u00e9s \u00a05 kg=75 l<\/p>\n<p>&nbsp;<\/p>\n","protected":false},"featured_media":35259,"comment_status":"closed","ping_status":"closed","template":"","meta":[],"product_brand":[],"product_cat":[466,371],"product_tag":[],"class_list":{"0":"post-35258","1":"product","2":"type-product","3":"status-publish","4":"has-post-thumbnail","6":"product_cat-talaj-javitok-es-takarok","7":"product_cat-seklos-lt-tozegek","9":"first","10":"outofstock","11":"taxable","12":"shipping-taxable","13":"purchasable","14":"product-type-simple"},"_links":{"self":[{"href":"https:\/\/chilimag.hu\/webshop\/wp-json\/wp\/v2\/product\/35258","targetHints":{"allow":["GET"]}}],"collection":[{"href":"https:\/\/chilimag.hu\/webshop\/wp-json\/wp\/v2\/product"}],"about":[{"href":"https:\/\/chilimag.hu\/webshop\/wp-json\/wp\/v2\/types\/product"}],"replies":[{"embeddable":true,"href":"https:\/\/chilimag.hu\/webshop\/wp-json\/wp\/v2\/comments?post=35258"}],"wp:featuredmedia":[{"embeddable":true,"href":"https:\/\/chilimag.hu\/webshop\/wp-json\/wp\/v2\/media\/35259"}],"wp:attachment":[{"href":"https:\/\/chilimag.hu\/webshop\/wp-json\/wp\/v2\/media?parent=35258"}],"wp:term":[{"taxonomy":"product_brand","embeddable":true,"href":"https:\/\/chilimag.hu\/webshop\/wp-json\/wp\/v2\/product_brand?post=35258"},{"taxonomy":"product_cat","embeddable":true,"href":"https:\/\/chilimag.hu\/webshop\/wp-json\/wp\/v2\/product_cat?post=35258"},{"taxonomy":"product_tag","embeddable":true,"href":"https:\/\/chilimag.hu\/webshop\/wp-json\/wp\/v2\/product_tag?post=35258"}],"curies":[{"name":"wp","href":"https:\/\/api.w.org\/{rel}","templated":true}]}}