{"id":35255,"date":"2025-02-01T20:26:38","date_gmt":"2025-02-01T20:26:38","guid":{"rendered":"https:\/\/chilimag.hu\/webshop\/?post_type=product&#038;p=35255"},"modified":"2025-08-22T10:09:23","modified_gmt":"2025-08-22T10:09:23","slug":"viragmix-keverek-tubinger-ow-sl","status":"publish","type":"product","link":"https:\/\/chilimag.hu\/webshop\/termek\/viragmix-keverek-tubinger-ow-sl\/","title":{"rendered":"Vir\u00e1gmix kever\u00e9k Tubinger OW SL"},"content":{"rendered":"","protected":false},"excerpt":{"rendered":"<p><img decoding=\"async\" class=\"active-logo\" src=\"https:\/\/b2b.seklos.lt\/themes\/warehouse\/img\/logo_en.png\" alt=\"Agrofirma S\u0117klos, UAB\" width=\"280\" height=\"95\" \/><\/p>\n<p>VIR\u00c1GKEVER\u00c9K TUMB\u00d3<br \/>\nSz\u00ednes, illatos vir\u00e1gkever\u00e9k ny\u00e1ri vir\u00e1g\u00e1gy\u00e1sokba. Az \u00e9l\u00e9nk sz\u00edn\u0171, illatos vir\u00e1gz\u00e1s vonzza a m\u00e9heket \u00e9s a pillang\u00f3kat a vir\u00e1g\u00e1gy\u00e1sokba. A magvakat k\u00f6zvetlen\u00fcl a vir\u00e1g\u00e1gy\u00e1sokba lehet vetni. A termeszt\u00e9shez napos helyet, leveg\u0151t \u00e9s vizet \u00e1tereszt\u0151 talajt kell v\u00e1lasztani.<\/p>\n<p>\u00d6kol\u00f3giai term\u00e9k \u00d6kol\u00f3giai<br \/>\nEgy csomagban l\u00e9v\u0151 mennyis\u00e9g 1 g<br \/>\nMagok sz\u00e1ma grammonk\u00e9nt ~300<br \/>\nVet\u00e9sid\u0151 a talajban V-VI, X<br \/>\nSz\u00fcret VI-IX<br \/>\nTermeszt\u00e9si hely Erk\u00e9ly, Sz\u00e1nt\u00f3f\u00f6ld, Terasz<br \/>\nORGANIC WAY m\u00e1rka<br \/>\nNapos hely Igen<br \/>\nF\u00e9l\u00e1rny\u00e9k Igen<br \/>\nVir\u00e1g\u00e1gy\u00e1sok termeszt\u00e9s\u00e9re alkalmas<br \/>\nNyelvek a csomagol\u00e1son EE, PL, DK, EN, LV, NO, SE, LT<br \/>\nS\u00faly 1 g<\/p>\n","protected":false},"featured_media":35256,"comment_status":"closed","ping_status":"closed","template":"","meta":[],"product_brand":[],"product_cat":[354],"product_tag":[],"class_list":{"0":"post-35255","1":"product","2":"type-product","3":"status-publish","4":"has-post-thumbnail","6":"product_cat-organic-way","8":"first","9":"outofstock","10":"taxable","11":"shipping-taxable","12":"purchasable","13":"product-type-simple"},"_links":{"self":[{"href":"https:\/\/chilimag.hu\/webshop\/wp-json\/wp\/v2\/product\/35255","targetHints":{"allow":["GET"]}}],"collection":[{"href":"https:\/\/chilimag.hu\/webshop\/wp-json\/wp\/v2\/product"}],"about":[{"href":"https:\/\/chilimag.hu\/webshop\/wp-json\/wp\/v2\/types\/product"}],"replies":[{"embeddable":true,"href":"https:\/\/chilimag.hu\/webshop\/wp-json\/wp\/v2\/comments?post=35255"}],"wp:featuredmedia":[{"embeddable":true,"href":"https:\/\/chilimag.hu\/webshop\/wp-json\/wp\/v2\/media\/35256"}],"wp:attachment":[{"href":"https:\/\/chilimag.hu\/webshop\/wp-json\/wp\/v2\/media?parent=35255"}],"wp:term":[{"taxonomy":"product_brand","embeddable":true,"href":"https:\/\/chilimag.hu\/webshop\/wp-json\/wp\/v2\/product_brand?post=35255"},{"taxonomy":"product_cat","embeddable":true,"href":"https:\/\/chilimag.hu\/webshop\/wp-json\/wp\/v2\/product_cat?post=35255"},{"taxonomy":"product_tag","embeddable":true,"href":"https:\/\/chilimag.hu\/webshop\/wp-json\/wp\/v2\/product_tag?post=35255"}],"curies":[{"name":"wp","href":"https:\/\/api.w.org\/{rel}","templated":true}]}}