{"id":35228,"date":"2025-02-01T07:00:08","date_gmt":"2025-02-01T07:00:08","guid":{"rendered":"https:\/\/chilimag.hu\/webshop\/?post_type=product&#038;p=35228"},"modified":"2025-05-31T10:52:52","modified_gmt":"2025-05-31T10:52:52","slug":"varadicslevelu-mezontofu-bz-h","status":"publish","type":"product","link":"https:\/\/chilimag.hu\/webshop\/termek\/varadicslevelu-mezontofu-bz-h\/","title":{"rendered":"Var\u00e1dicslevel\u0171 m\u00e9zont\u00f3f\u0171 Bz H"},"content":{"rendered":"","protected":false},"excerpt":{"rendered":"<p><img decoding=\"async\" src=\"https:\/\/chilimag.hu\/webshop\/wp-content\/uploads\/2025\/02\/Buzzy_Roll_Over-150x150.jpg\" \/><\/p>\n<p>Le\u00edr\u00e1s<\/p>\n<p>Botanikai n\u00e9v: <span id=\"column_2_uc_product_details_ctl04_lbl_ff_desc2\" class=\"value\">Phacelia tanacetifolia <\/span><\/p>\n<p><span id=\"column_2_uc_product_details_ctl04_lbl_ff_desc2\" class=\"value\">Minden talajt\u00edpusra alkalmas \u00e9s gyors takar\u00f3n\u00f6v\u00e9ny. Rengeteg szerves anyagot biztos\u00edt, amelyet t\u00e1pl\u00e1l\u00f3 humusz el\u0151\u00e1ll\u00edt\u00e1s\u00e1hoz haszn\u00e1lnak fel. A Phacelia nem t\u00e9l\u00e1ll\u00f3, \u00e9s nem \u00e9li t\u00fal a t\u00e9l kezdet\u00e9t. K\u00f6nny\u0171 \u00e1t\u00e1sni. Vet\u00e9sid\u0151: \u00e1prilist\u00f3l augusztus v\u00e9g\u00e9ig. Vet\u00e9sm\u00e9lys\u00e9g: kb. 1 cm; sorok k\u00f6z\u00f6tti t\u00e1vols\u00e1g: 20 cm.<br \/>\nTartalom: 100g 100 m2-re alkalmas.<\/span><\/p>\n<p>&nbsp;<\/p>\n","protected":false},"featured_media":35229,"comment_status":"closed","ping_status":"closed","template":"","meta":[],"product_brand":[],"product_cat":[471,439],"product_tag":[],"class_list":{"0":"post-35228","1":"product","2":"type-product","3":"status-publish","4":"has-post-thumbnail","6":"product_cat-fu-es-mezogazdasagi-vetomagok","7":"product_cat-buzzy","9":"first","10":"instock","11":"taxable","12":"shipping-taxable","13":"purchasable","14":"product-type-simple"},"_links":{"self":[{"href":"https:\/\/chilimag.hu\/webshop\/wp-json\/wp\/v2\/product\/35228","targetHints":{"allow":["GET"]}}],"collection":[{"href":"https:\/\/chilimag.hu\/webshop\/wp-json\/wp\/v2\/product"}],"about":[{"href":"https:\/\/chilimag.hu\/webshop\/wp-json\/wp\/v2\/types\/product"}],"replies":[{"embeddable":true,"href":"https:\/\/chilimag.hu\/webshop\/wp-json\/wp\/v2\/comments?post=35228"}],"wp:featuredmedia":[{"embeddable":true,"href":"https:\/\/chilimag.hu\/webshop\/wp-json\/wp\/v2\/media\/35229"}],"wp:attachment":[{"href":"https:\/\/chilimag.hu\/webshop\/wp-json\/wp\/v2\/media?parent=35228"}],"wp:term":[{"taxonomy":"product_brand","embeddable":true,"href":"https:\/\/chilimag.hu\/webshop\/wp-json\/wp\/v2\/product_brand?post=35228"},{"taxonomy":"product_cat","embeddable":true,"href":"https:\/\/chilimag.hu\/webshop\/wp-json\/wp\/v2\/product_cat?post=35228"},{"taxonomy":"product_tag","embeddable":true,"href":"https:\/\/chilimag.hu\/webshop\/wp-json\/wp\/v2\/product_tag?post=35228"}],"curies":[{"name":"wp","href":"https:\/\/api.w.org\/{rel}","templated":true}]}}