{"id":35225,"date":"2025-02-01T06:51:24","date_gmt":"2025-02-01T06:51:24","guid":{"rendered":"https:\/\/chilimag.hu\/webshop\/?post_type=product&#038;p=35225"},"modified":"2025-02-01T06:51:24","modified_gmt":"2025-02-01T06:51:24","slug":"kek-viragu-csillagfurt-bz-h","status":"publish","type":"product","link":"https:\/\/chilimag.hu\/webshop\/termek\/kek-viragu-csillagfurt-bz-h\/","title":{"rendered":"K\u00e9k vir\u00e1g\u00fa csillagf\u0171rt Bz H"},"content":{"rendered":"","protected":false},"excerpt":{"rendered":"<p><img decoding=\"async\" src=\"https:\/\/chilimag.hu\/webshop\/wp-content\/uploads\/2025\/02\/Buzzy_Roll_Over-150x150.jpg\" \/><\/p>\n<p>Le\u00edr\u00e1s<\/p>\n<p>&nbsp;<\/p>\n<p>Botanikai n\u00e9v: <span id=\"column_2_uc_product_details_ctl04_lbl_ff_desc2\" class=\"value\">Lupines angustifolius <\/span><\/p>\n<p><span id=\"column_2_uc_product_details_ctl04_lbl_ff_desc2\" class=\"value\">A k\u00e9k csillagf\u00fcrt a Fabaceae csal\u00e1dj\u00e1ba tartoz\u00f3, m\u00e9lyen gy\u00f6kerez\u0151, gyorsan n\u00f6vekv\u0151 egyny\u00e1ri n\u00f6v\u00e9ny. Gyakran haszn\u00e1lj\u00e1k a talaj nitrog\u00e9ntartalm\u00e1nak n\u00f6vel\u00e9s\u00e9re. Magass\u00e1g: kb 80 cm. A csillagf\u00fcrt \u00e1prilis elej\u00e9t\u0151l augusztus k\u00f6zep\u00e9ig vethet\u0151. Sorok k\u00f6z\u00f6tti t\u00e1vols\u00e1g: 35 cm. Ezek a n\u00f6v\u00e9nyek nagyon \u00e9rz\u00e9kenyek a fagyra. Tartalom: 100g 10 m2-re alkalmas.<\/span><\/p>\n<p>A csomag 100 gr magot tartalmaz<\/p>\n","protected":false},"featured_media":35226,"comment_status":"closed","ping_status":"closed","template":"","meta":[],"product_brand":[],"product_cat":[439,471],"product_tag":[],"class_list":{"0":"post-35225","1":"product","2":"type-product","3":"status-publish","4":"has-post-thumbnail","6":"product_cat-buzzy","7":"product_cat-fu-es-mezogazdasagi-vetomagok","9":"first","10":"instock","11":"taxable","12":"shipping-taxable","13":"purchasable","14":"product-type-simple"},"_links":{"self":[{"href":"https:\/\/chilimag.hu\/webshop\/wp-json\/wp\/v2\/product\/35225","targetHints":{"allow":["GET"]}}],"collection":[{"href":"https:\/\/chilimag.hu\/webshop\/wp-json\/wp\/v2\/product"}],"about":[{"href":"https:\/\/chilimag.hu\/webshop\/wp-json\/wp\/v2\/types\/product"}],"replies":[{"embeddable":true,"href":"https:\/\/chilimag.hu\/webshop\/wp-json\/wp\/v2\/comments?post=35225"}],"wp:featuredmedia":[{"embeddable":true,"href":"https:\/\/chilimag.hu\/webshop\/wp-json\/wp\/v2\/media\/35226"}],"wp:attachment":[{"href":"https:\/\/chilimag.hu\/webshop\/wp-json\/wp\/v2\/media?parent=35225"}],"wp:term":[{"taxonomy":"product_brand","embeddable":true,"href":"https:\/\/chilimag.hu\/webshop\/wp-json\/wp\/v2\/product_brand?post=35225"},{"taxonomy":"product_cat","embeddable":true,"href":"https:\/\/chilimag.hu\/webshop\/wp-json\/wp\/v2\/product_cat?post=35225"},{"taxonomy":"product_tag","embeddable":true,"href":"https:\/\/chilimag.hu\/webshop\/wp-json\/wp\/v2\/product_tag?post=35225"}],"curies":[{"name":"wp","href":"https:\/\/api.w.org\/{rel}","templated":true}]}}