{"id":35217,"date":"2025-01-31T18:52:53","date_gmt":"2025-01-31T18:52:53","guid":{"rendered":"https:\/\/chilimag.hu\/webshop\/?post_type=product&#038;p=35217"},"modified":"2026-03-11T19:45:29","modified_gmt":"2026-03-11T19:45:29","slug":"kinai-metelohagyma-xotica-h","status":"publish","type":"product","link":"https:\/\/chilimag.hu\/webshop\/termek\/kinai-metelohagyma-xotica-h\/","title":{"rendered":"K\u00ednai met\u00e9l\u0151hagyma Xotica H"},"content":{"rendered":"","protected":false},"excerpt":{"rendered":"<p><img decoding=\"async\" src=\"https:\/\/chilimag.hu\/webshop\/wp-content\/uploads\/2025\/01\/Buzzy_Roll_Over-150x150.jpg\" \/><\/p>\n<p>Botanikai n\u00e9v:<span id=\"column_2_uc_product_details_ctl04_lbl_ff_desc2\" class=\"value\">Allium tuberosum<\/span><\/p>\n<p><span id=\"column_2_uc_product_details_ctl04_lbl_ff_desc2\" class=\"value\">K\u00ednai fokhagyma met\u00e9l\u0151hagyma<br \/>\nM\u00e1rciust\u00f3l augusztusig vess\u00fck sorokba ny\u00edlt terepen, vagy eg\u00e9sz \u00e9vben termeszthetj\u00fck ezt a n\u00f6v\u00e9nyt cser\u00e9pben belt\u00e9ren. Ahhoz, hogy tov\u00e1bbra is j\u00f3 term\u00e9st kapjon a met\u00e9l\u0151hagyma<br \/>\nA vir\u00e1gsz\u00e1rakat a m\u00e1sodik \u00e9v ut\u00e1n vissza kell v\u00e1gni.<br \/>\nA k\u00ednai met\u00e9l\u0151hagyma l\u00e1gy fokhagym\u00e1s \u00edz\u0171, \u00e9s nagyon j\u00f3 sal\u00e1t\u00e1kban, levesekben, hal\u00e9telekben \u00e9s omlettekben.<\/span><\/p>\n<p>A csomag 3 gr magot tartalmaz<\/p>\n<p>&nbsp;<\/p>\n","protected":false},"featured_media":35218,"comment_status":"closed","ping_status":"closed","template":"","meta":[],"product_brand":[],"product_cat":[440],"product_tag":[],"class_list":{"0":"post-35217","1":"product","2":"type-product","3":"status-publish","4":"has-post-thumbnail","6":"product_cat-xotica-collection","8":"first","9":"instock","10":"taxable","11":"shipping-taxable","12":"purchasable","13":"product-type-simple"},"_links":{"self":[{"href":"https:\/\/chilimag.hu\/webshop\/wp-json\/wp\/v2\/product\/35217","targetHints":{"allow":["GET"]}}],"collection":[{"href":"https:\/\/chilimag.hu\/webshop\/wp-json\/wp\/v2\/product"}],"about":[{"href":"https:\/\/chilimag.hu\/webshop\/wp-json\/wp\/v2\/types\/product"}],"replies":[{"embeddable":true,"href":"https:\/\/chilimag.hu\/webshop\/wp-json\/wp\/v2\/comments?post=35217"}],"wp:featuredmedia":[{"embeddable":true,"href":"https:\/\/chilimag.hu\/webshop\/wp-json\/wp\/v2\/media\/35218"}],"wp:attachment":[{"href":"https:\/\/chilimag.hu\/webshop\/wp-json\/wp\/v2\/media?parent=35217"}],"wp:term":[{"taxonomy":"product_brand","embeddable":true,"href":"https:\/\/chilimag.hu\/webshop\/wp-json\/wp\/v2\/product_brand?post=35217"},{"taxonomy":"product_cat","embeddable":true,"href":"https:\/\/chilimag.hu\/webshop\/wp-json\/wp\/v2\/product_cat?post=35217"},{"taxonomy":"product_tag","embeddable":true,"href":"https:\/\/chilimag.hu\/webshop\/wp-json\/wp\/v2\/product_tag?post=35217"}],"curies":[{"name":"wp","href":"https:\/\/api.w.org\/{rel}","templated":true}]}}