{"id":35207,"date":"2025-01-31T13:36:44","date_gmt":"2025-01-31T13:36:44","guid":{"rendered":"https:\/\/chilimag.hu\/webshop\/?post_type=product&#038;p=35207"},"modified":"2026-01-17T16:57:47","modified_gmt":"2026-01-17T16:57:47","slug":"borso-rajnai-torpe-200-gr-zki","status":"publish","type":"product","link":"https:\/\/chilimag.hu\/webshop\/termek\/borso-rajnai-torpe-200-gr-zki\/","title":{"rendered":"Bors\u00f3 rajnai T\u00f6rpe 200 gr ZKI"},"content":{"rendered":"","protected":false},"excerpt":{"rendered":"<p>Le\u00edr\u00e1s<\/p>\n<p>Korai \u00e9r\u00e9s\u0171 kifejt\u0151bors\u00f3, a mostoh\u00e1bb viszonyokat is j\u00f3l t\u0171r\u0151 fajta.A n\u00f6v\u00e9ny magass\u00e1ga 35-40 cm.H\u00fcvelyei 7-8 cm-esek, melyekben 9 s\u00f6t\u00e9tz\u00f6ld szem fejl\u0151dik. Igen korai \u00e9s szakaszos vet\u00e9sre is kiv\u00e1l\u00f3an alkalmas.Friss fogyaszt\u00e1sra \u00e9s feldolgoz\u00e1sra egyar\u00e1nt alkalmas.(A tasak kb. 900-1000 szem bors\u00f3t tartalmaz.)<\/p>\n<p>A csomag 200 gr magot tartalmaz<\/p>\n<p>&nbsp;<\/p>\n<p>&nbsp;<\/p>\n","protected":false},"featured_media":35208,"comment_status":"closed","ping_status":"closed","template":"","meta":[],"product_brand":[],"product_cat":[297],"product_tag":[],"class_list":{"0":"post-35207","1":"product","2":"type-product","3":"status-publish","4":"has-post-thumbnail","6":"product_cat-zki-borso-es-bab-vetomagok","8":"first","9":"instock","10":"taxable","11":"shipping-taxable","12":"purchasable","13":"product-type-simple"},"_links":{"self":[{"href":"https:\/\/chilimag.hu\/webshop\/wp-json\/wp\/v2\/product\/35207","targetHints":{"allow":["GET"]}}],"collection":[{"href":"https:\/\/chilimag.hu\/webshop\/wp-json\/wp\/v2\/product"}],"about":[{"href":"https:\/\/chilimag.hu\/webshop\/wp-json\/wp\/v2\/types\/product"}],"replies":[{"embeddable":true,"href":"https:\/\/chilimag.hu\/webshop\/wp-json\/wp\/v2\/comments?post=35207"}],"wp:featuredmedia":[{"embeddable":true,"href":"https:\/\/chilimag.hu\/webshop\/wp-json\/wp\/v2\/media\/35208"}],"wp:attachment":[{"href":"https:\/\/chilimag.hu\/webshop\/wp-json\/wp\/v2\/media?parent=35207"}],"wp:term":[{"taxonomy":"product_brand","embeddable":true,"href":"https:\/\/chilimag.hu\/webshop\/wp-json\/wp\/v2\/product_brand?post=35207"},{"taxonomy":"product_cat","embeddable":true,"href":"https:\/\/chilimag.hu\/webshop\/wp-json\/wp\/v2\/product_cat?post=35207"},{"taxonomy":"product_tag","embeddable":true,"href":"https:\/\/chilimag.hu\/webshop\/wp-json\/wp\/v2\/product_tag?post=35207"}],"curies":[{"name":"wp","href":"https:\/\/api.w.org\/{rel}","templated":true}]}}