{"id":35205,"date":"2025-01-31T13:21:32","date_gmt":"2025-01-31T13:21:32","guid":{"rendered":"https:\/\/chilimag.hu\/webshop\/?post_type=product&#038;p=35205"},"modified":"2026-04-22T21:05:59","modified_gmt":"2026-04-22T21:05:59","slug":"majoranna-zki","status":"publish","type":"product","link":"https:\/\/chilimag.hu\/webshop\/termek\/majoranna-zki\/","title":{"rendered":"Majoranna ZKI 4"},"content":{"rendered":"","protected":false},"excerpt":{"rendered":"<p>Le\u00edr\u00e1s<\/p>\n<p>Kellemes illat\u00fa \u00e9s \u00edz\u0171, egy\u00e9ves f\u0171szern\u00f6v\u00e9ny. A mag optim\u00e1lis cs\u00edr\u00e1z\u00e1si h\u0151m\u00e9rs\u00e9klete 15-18 c. Sek\u00e9lyen gy\u00f6keresedik, ez\u00e9rt v\u00edzig\u00e9nyes. Cser\u00e9pben is termeszthet\u0151. Levesekhez, vadakhoz, frissens\u00fcltekhez, f\u0151zel\u00e9kekhez aj\u00e1nljuk. Nyugtat\u00f3 hat\u00e1s\u00fa, gyomor-, b\u00e9l- \u00e9s epeb\u00e1ntalmakra aj\u00e1nlott.<\/p>\n<p>A csomag 0,5 g magot tartalmaz<\/p>\n<p>&nbsp;<\/p>\n","protected":false},"featured_media":35206,"comment_status":"closed","ping_status":"closed","template":"","meta":[],"product_brand":[],"product_cat":[299],"product_tag":[],"class_list":{"0":"post-35205","1":"product","2":"type-product","3":"status-publish","4":"has-post-thumbnail","6":"product_cat-zki-fuszernovenyek","8":"first","9":"instock","10":"taxable","11":"shipping-taxable","12":"purchasable","13":"product-type-simple"},"_links":{"self":[{"href":"https:\/\/chilimag.hu\/webshop\/wp-json\/wp\/v2\/product\/35205","targetHints":{"allow":["GET"]}}],"collection":[{"href":"https:\/\/chilimag.hu\/webshop\/wp-json\/wp\/v2\/product"}],"about":[{"href":"https:\/\/chilimag.hu\/webshop\/wp-json\/wp\/v2\/types\/product"}],"replies":[{"embeddable":true,"href":"https:\/\/chilimag.hu\/webshop\/wp-json\/wp\/v2\/comments?post=35205"}],"wp:featuredmedia":[{"embeddable":true,"href":"https:\/\/chilimag.hu\/webshop\/wp-json\/wp\/v2\/media\/35206"}],"wp:attachment":[{"href":"https:\/\/chilimag.hu\/webshop\/wp-json\/wp\/v2\/media?parent=35205"}],"wp:term":[{"taxonomy":"product_brand","embeddable":true,"href":"https:\/\/chilimag.hu\/webshop\/wp-json\/wp\/v2\/product_brand?post=35205"},{"taxonomy":"product_cat","embeddable":true,"href":"https:\/\/chilimag.hu\/webshop\/wp-json\/wp\/v2\/product_cat?post=35205"},{"taxonomy":"product_tag","embeddable":true,"href":"https:\/\/chilimag.hu\/webshop\/wp-json\/wp\/v2\/product_tag?post=35205"}],"curies":[{"name":"wp","href":"https:\/\/api.w.org\/{rel}","templated":true}]}}