{"id":35203,"date":"2025-01-31T13:14:29","date_gmt":"2025-01-31T13:14:29","guid":{"rendered":"https:\/\/chilimag.hu\/webshop\/?post_type=product&#038;p=35203"},"modified":"2026-02-08T11:28:18","modified_gmt":"2026-02-08T11:28:18","slug":"paradicsom-curranto-f1-royal-3","status":"publish","type":"product","link":"https:\/\/chilimag.hu\/webshop\/termek\/paradicsom-curranto-f1-royal-3\/","title":{"rendered":"Paradicsom Curranto F1 Royal 3"},"content":{"rendered":"","protected":false},"excerpt":{"rendered":"<p>Le\u00edr\u00e1<\/p>\n<p>Korai \u00e9r\u00e9s\u0171, apr\u00f3 szem\u0171 hibrid paradicsom. Term\u00e9se kicsi, form\u00e1ja kerek, \u00e9l\u00e9nk piros sz\u00edn\u0171. Alkalmas aszal\u00e1sra, bef\u0151z\u00e9sre \u00e9s friss fogyaszt\u00e1sra is. F\u00fcrtjei lehetnek szimpla vagy dupla sorosak is, soronk\u00e9nt 20-30 szem term\u00e9ssel &#8211; szemenk\u00e9nt 8-13 g s\u00fallyal. Alkalmas szabadf\u00f6ldi \u00e9s balkon termeszt\u00e9sre is.<\/p>\n<p>A csomag 20 szem magot tartalmaz<\/p>\n<p>&nbsp;<\/p>\n","protected":false},"featured_media":35204,"comment_status":"closed","ping_status":"closed","template":"","meta":[],"product_brand":[],"product_cat":[258],"product_tag":[],"class_list":{"0":"post-35203","1":"product","2":"type-product","3":"status-publish","4":"has-post-thumbnail","6":"product_cat-paradicsom-royal-sluis","8":"first","9":"instock","10":"taxable","11":"shipping-taxable","12":"purchasable","13":"product-type-simple"},"_links":{"self":[{"href":"https:\/\/chilimag.hu\/webshop\/wp-json\/wp\/v2\/product\/35203","targetHints":{"allow":["GET"]}}],"collection":[{"href":"https:\/\/chilimag.hu\/webshop\/wp-json\/wp\/v2\/product"}],"about":[{"href":"https:\/\/chilimag.hu\/webshop\/wp-json\/wp\/v2\/types\/product"}],"replies":[{"embeddable":true,"href":"https:\/\/chilimag.hu\/webshop\/wp-json\/wp\/v2\/comments?post=35203"}],"wp:featuredmedia":[{"embeddable":true,"href":"https:\/\/chilimag.hu\/webshop\/wp-json\/wp\/v2\/media\/35204"}],"wp:attachment":[{"href":"https:\/\/chilimag.hu\/webshop\/wp-json\/wp\/v2\/media?parent=35203"}],"wp:term":[{"taxonomy":"product_brand","embeddable":true,"href":"https:\/\/chilimag.hu\/webshop\/wp-json\/wp\/v2\/product_brand?post=35203"},{"taxonomy":"product_cat","embeddable":true,"href":"https:\/\/chilimag.hu\/webshop\/wp-json\/wp\/v2\/product_cat?post=35203"},{"taxonomy":"product_tag","embeddable":true,"href":"https:\/\/chilimag.hu\/webshop\/wp-json\/wp\/v2\/product_tag?post=35203"}],"curies":[{"name":"wp","href":"https:\/\/api.w.org\/{rel}","templated":true}]}}