{"id":35201,"date":"2025-01-31T13:08:39","date_gmt":"2025-01-31T13:08:39","guid":{"rendered":"https:\/\/chilimag.hu\/webshop\/?post_type=product&#038;p=35201"},"modified":"2026-03-25T13:27:01","modified_gmt":"2026-03-25T13:27:01","slug":"paradicsom-charmant-f1-royal-3","status":"publish","type":"product","link":"https:\/\/chilimag.hu\/webshop\/termek\/paradicsom-charmant-f1-royal-3\/","title":{"rendered":"Paradicsom Charmant F1 Royal 3"},"content":{"rendered":"","protected":false},"excerpt":{"rendered":"<p>Le\u00edr\u00e1s<\/p>\n<p>K\u00f6z\u00e9pkorai \u00e9r\u00e9s\u0171 hibrid paradicsom. Bogy\u00f3i 15-20 g t\u00f6meg\u0171ek, egy f\u00fcrtben 20-40 db terem. Erk\u00e9lyen is termeszthet\u0151.<\/p>\n<p>A csomag 0,1 g magot tartalmaz<\/p>\n","protected":false},"featured_media":35202,"comment_status":"closed","ping_status":"closed","template":"","meta":[],"product_brand":[],"product_cat":[258],"product_tag":[],"class_list":{"0":"post-35201","1":"product","2":"type-product","3":"status-publish","4":"has-post-thumbnail","6":"product_cat-paradicsom-royal-sluis","8":"first","9":"instock","10":"taxable","11":"shipping-taxable","12":"purchasable","13":"product-type-simple"},"_links":{"self":[{"href":"https:\/\/chilimag.hu\/webshop\/wp-json\/wp\/v2\/product\/35201","targetHints":{"allow":["GET"]}}],"collection":[{"href":"https:\/\/chilimag.hu\/webshop\/wp-json\/wp\/v2\/product"}],"about":[{"href":"https:\/\/chilimag.hu\/webshop\/wp-json\/wp\/v2\/types\/product"}],"replies":[{"embeddable":true,"href":"https:\/\/chilimag.hu\/webshop\/wp-json\/wp\/v2\/comments?post=35201"}],"wp:featuredmedia":[{"embeddable":true,"href":"https:\/\/chilimag.hu\/webshop\/wp-json\/wp\/v2\/media\/35202"}],"wp:attachment":[{"href":"https:\/\/chilimag.hu\/webshop\/wp-json\/wp\/v2\/media?parent=35201"}],"wp:term":[{"taxonomy":"product_brand","embeddable":true,"href":"https:\/\/chilimag.hu\/webshop\/wp-json\/wp\/v2\/product_brand?post=35201"},{"taxonomy":"product_cat","embeddable":true,"href":"https:\/\/chilimag.hu\/webshop\/wp-json\/wp\/v2\/product_cat?post=35201"},{"taxonomy":"product_tag","embeddable":true,"href":"https:\/\/chilimag.hu\/webshop\/wp-json\/wp\/v2\/product_tag?post=35201"}],"curies":[{"name":"wp","href":"https:\/\/api.w.org\/{rel}","templated":true}]}}