{"id":35194,"date":"2025-01-31T07:29:28","date_gmt":"2025-01-31T07:29:28","guid":{"rendered":"https:\/\/chilimag.hu\/webshop\/?post_type=product&#038;p=35194"},"modified":"2026-03-06T12:31:43","modified_gmt":"2026-03-06T12:31:43","slug":"csillagfurt-opal-bg","status":"publish","type":"product","link":"https:\/\/chilimag.hu\/webshop\/termek\/csillagfurt-opal-bg\/","title":{"rendered":"Csillagf\u00fcrt Opal Bg"},"content":{"rendered":"","protected":false},"excerpt":{"rendered":"<p><img decoding=\"async\" src=\"https:\/\/c.cdnmp.net\/592978066\/brands\/1000004_logo.jpg\" alt=\"OPAL ZI - Bulgaria\" \/><\/p>\n<p>&nbsp;<\/p>\n<p>Le\u00edr\u00e1<\/p>\n<p>Er\u0151teljes, szer\u00e9ny, ellen\u00e1ll\u00f3 n\u00f6v\u00e9ny. Napos vagy vil\u00e1gos \u00e1rny\u00e9kban, j\u00f3 v\u00edzelvezet\u00e9s\u0171 talajban n\u0151. A magokat \u0151sszel vagy kora tavasszal vetik 35\/35 cm-es t\u00e1vols\u00e1gra. Nagyon kor\u00e1n vetve vir\u00e1gzik az els\u0151 \u00e9vben, 50 cm magas.<\/p>\n<p>M\u0171szaki adatok:<\/p>\n<p>Janu\u00e1rt\u00f3l kezd\u0151d\u0151en vet\u00e9s<br \/>\nA vet\u0151magtermeszt\u00e9s fajt\u00e1i<br \/>\n\u00c1ltal\u00e1noss\u00e1gok:<br \/>\n\u00dcltet\u00e9s janu\u00e1r-m\u00e1jus, okt\u00f3ber-december<br \/>\nSz\u00fcret j\u00fanius-augusztus<br \/>\nVeget\u00e1ci\u00f3 150 nap<\/p>\n<p>&nbsp;<\/p>\n","protected":false},"featured_media":37309,"comment_status":"closed","ping_status":"closed","template":"","meta":[],"product_brand":[],"product_cat":[462],"product_tag":[],"class_list":{"0":"post-35194","1":"product","2":"type-product","3":"status-publish","4":"has-post-thumbnail","6":"product_cat-virag-vetomagok-bolgar-opal-vetomagok","8":"first","9":"instock","10":"taxable","11":"shipping-taxable","12":"purchasable","13":"product-type-simple"},"_links":{"self":[{"href":"https:\/\/chilimag.hu\/webshop\/wp-json\/wp\/v2\/product\/35194","targetHints":{"allow":["GET"]}}],"collection":[{"href":"https:\/\/chilimag.hu\/webshop\/wp-json\/wp\/v2\/product"}],"about":[{"href":"https:\/\/chilimag.hu\/webshop\/wp-json\/wp\/v2\/types\/product"}],"replies":[{"embeddable":true,"href":"https:\/\/chilimag.hu\/webshop\/wp-json\/wp\/v2\/comments?post=35194"}],"wp:featuredmedia":[{"embeddable":true,"href":"https:\/\/chilimag.hu\/webshop\/wp-json\/wp\/v2\/media\/37309"}],"wp:attachment":[{"href":"https:\/\/chilimag.hu\/webshop\/wp-json\/wp\/v2\/media?parent=35194"}],"wp:term":[{"taxonomy":"product_brand","embeddable":true,"href":"https:\/\/chilimag.hu\/webshop\/wp-json\/wp\/v2\/product_brand?post=35194"},{"taxonomy":"product_cat","embeddable":true,"href":"https:\/\/chilimag.hu\/webshop\/wp-json\/wp\/v2\/product_cat?post=35194"},{"taxonomy":"product_tag","embeddable":true,"href":"https:\/\/chilimag.hu\/webshop\/wp-json\/wp\/v2\/product_tag?post=35194"}],"curies":[{"name":"wp","href":"https:\/\/api.w.org\/{rel}","templated":true}]}}