{"id":35188,"date":"2025-01-31T07:11:32","date_gmt":"2025-01-31T07:11:32","guid":{"rendered":"https:\/\/chilimag.hu\/webshop\/?post_type=product&#038;p=35188"},"modified":"2026-02-09T00:38:42","modified_gmt":"2026-02-09T00:38:42","slug":"oroszlanszaj-opal-bg","status":"publish","type":"product","link":"https:\/\/chilimag.hu\/webshop\/termek\/oroszlanszaj-opal-bg\/","title":{"rendered":"T\u00e1tika Opal Bg"},"content":{"rendered":"","protected":false},"excerpt":{"rendered":"<p><img decoding=\"async\" src=\"https:\/\/c.cdnmp.net\/592978066\/brands\/1000004_logo.jpg\" alt=\"OPAL ZI - Bulgaria\" \/><\/p>\n<p>&nbsp;<\/p>\n<p>Le\u00edr\u00e1s<\/p>\n<p>Legjobban a napon fejl\u0151dik, de v\u00edzelvezet\u0151 tulajdons\u00e1g\u00fa talajon is terem, pal\u00e1nt\u00e1t m\u00e1jus v\u00e9g\u00e9n \u00fcltet \u00e1t. M\u00e9rs\u00e9kelt \u00f6nt\u00f6z\u00e9st ig\u00e9nyel \u00e1gyak \u00e9s l\u00e1d\u00e1k az erk\u00e9lyeken.<\/p>\n<p>&nbsp;<\/p>\n","protected":false},"featured_media":35189,"comment_status":"closed","ping_status":"closed","template":"","meta":[],"product_brand":[],"product_cat":[462],"product_tag":[],"class_list":{"0":"post-35188","1":"product","2":"type-product","3":"status-publish","4":"has-post-thumbnail","6":"product_cat-virag-vetomagok-bolgar-opal-vetomagok","8":"first","9":"instock","10":"taxable","11":"shipping-taxable","12":"purchasable","13":"product-type-simple"},"_links":{"self":[{"href":"https:\/\/chilimag.hu\/webshop\/wp-json\/wp\/v2\/product\/35188","targetHints":{"allow":["GET"]}}],"collection":[{"href":"https:\/\/chilimag.hu\/webshop\/wp-json\/wp\/v2\/product"}],"about":[{"href":"https:\/\/chilimag.hu\/webshop\/wp-json\/wp\/v2\/types\/product"}],"replies":[{"embeddable":true,"href":"https:\/\/chilimag.hu\/webshop\/wp-json\/wp\/v2\/comments?post=35188"}],"wp:featuredmedia":[{"embeddable":true,"href":"https:\/\/chilimag.hu\/webshop\/wp-json\/wp\/v2\/media\/35189"}],"wp:attachment":[{"href":"https:\/\/chilimag.hu\/webshop\/wp-json\/wp\/v2\/media?parent=35188"}],"wp:term":[{"taxonomy":"product_brand","embeddable":true,"href":"https:\/\/chilimag.hu\/webshop\/wp-json\/wp\/v2\/product_brand?post=35188"},{"taxonomy":"product_cat","embeddable":true,"href":"https:\/\/chilimag.hu\/webshop\/wp-json\/wp\/v2\/product_cat?post=35188"},{"taxonomy":"product_tag","embeddable":true,"href":"https:\/\/chilimag.hu\/webshop\/wp-json\/wp\/v2\/product_tag?post=35188"}],"curies":[{"name":"wp","href":"https:\/\/api.w.org\/{rel}","templated":true}]}}