{"id":35185,"date":"2025-01-31T07:00:11","date_gmt":"2025-01-31T07:00:11","guid":{"rendered":"https:\/\/chilimag.hu\/webshop\/?post_type=product&#038;p=35185"},"modified":"2026-02-10T06:22:14","modified_gmt":"2026-02-10T06:22:14","slug":"mutragya-orchideaknak-20-gr-opal-bg","status":"publish","type":"product","link":"https:\/\/chilimag.hu\/webshop\/termek\/mutragya-orchideaknak-20-gr-opal-bg\/","title":{"rendered":"M\u0171tr\u00e1gya orchide\u00e1knak 20 gr Opal Bg"},"content":{"rendered":"","protected":false},"excerpt":{"rendered":"<p><img decoding=\"async\" src=\"https:\/\/chilimag.hu\/webshop\/wp-content\/uploads\/2025\/01\/image-150x150.webp\" \/><\/p>\n<p>Le\u00edr\u00e1s<\/p>\n<p>Orchide\u00e1k sz\u00e1m\u00e1ra be\u00e1ll\u00edtott v\u00edzben oldhat\u00f3 m\u0171tr\u00e1gya mikro- \u00e9s makroelemekkel. Nitrog\u00e9n-foszfor-k\u00e1lium ar\u00e1ny:10-45-10. A csomag tartalma 20 gramm.<\/p>\n<p>Alkalmas \u00f6nt\u00f6z\u00e9sre \u00e9s lev\u00e9ltr\u00e1gyak\u00e9nt is. Aj\u00e1nlott kezel\u00e9sek: 7-10 naponta.<\/p>\n<p>Tartalmaz:<\/p>\n<p>Nitrog\u00e9n: 10%<\/p>\n<p>Foszfor (P2O3): 45%<\/p>\n<p>K\u00e1lium (K2O): 10%<\/p>\n<p>Vas (Fe): 0,03%<\/p>\n<p>Mang\u00e1n (Mn): 0,02%<\/p>\n<p>Cink (Zn): 0,02%<\/p>\n<p>R\u00e9z (Cu): 0,02%<\/p>\n<p>B\u00f3r (B): 0,02%<\/p>\n<p>Molibd\u00e9n (Mo): 0,002%<\/p>\n<p>Aj\u00e1nlott kever\u00e9si ar\u00e1ny: 2 gramm\/1 liter v\u00edz<\/p>\n<p>Gyermekek el\u0151l elz\u00e1rva tartand\u00f3!<\/p>\n<p>&nbsp;<\/p>\n","protected":false},"featured_media":35187,"comment_status":"closed","ping_status":"closed","template":"","meta":[],"product_brand":[],"product_cat":[391],"product_tag":[],"class_list":{"0":"post-35185","1":"product","2":"type-product","3":"status-publish","4":"has-post-thumbnail","6":"product_cat-egyeb-tapoldatok","8":"first","9":"instock","10":"taxable","11":"shipping-taxable","12":"purchasable","13":"product-type-simple"},"_links":{"self":[{"href":"https:\/\/chilimag.hu\/webshop\/wp-json\/wp\/v2\/product\/35185","targetHints":{"allow":["GET"]}}],"collection":[{"href":"https:\/\/chilimag.hu\/webshop\/wp-json\/wp\/v2\/product"}],"about":[{"href":"https:\/\/chilimag.hu\/webshop\/wp-json\/wp\/v2\/types\/product"}],"replies":[{"embeddable":true,"href":"https:\/\/chilimag.hu\/webshop\/wp-json\/wp\/v2\/comments?post=35185"}],"wp:featuredmedia":[{"embeddable":true,"href":"https:\/\/chilimag.hu\/webshop\/wp-json\/wp\/v2\/media\/35187"}],"wp:attachment":[{"href":"https:\/\/chilimag.hu\/webshop\/wp-json\/wp\/v2\/media?parent=35185"}],"wp:term":[{"taxonomy":"product_brand","embeddable":true,"href":"https:\/\/chilimag.hu\/webshop\/wp-json\/wp\/v2\/product_brand?post=35185"},{"taxonomy":"product_cat","embeddable":true,"href":"https:\/\/chilimag.hu\/webshop\/wp-json\/wp\/v2\/product_cat?post=35185"},{"taxonomy":"product_tag","embeddable":true,"href":"https:\/\/chilimag.hu\/webshop\/wp-json\/wp\/v2\/product_tag?post=35185"}],"curies":[{"name":"wp","href":"https:\/\/api.w.org\/{rel}","templated":true}]}}