{"id":35183,"date":"2025-01-31T06:54:46","date_gmt":"2025-01-31T06:54:46","guid":{"rendered":"https:\/\/chilimag.hu\/webshop\/?post_type=product&#038;p=35183"},"modified":"2026-02-10T06:22:14","modified_gmt":"2026-02-10T06:22:14","slug":"mutragya-gyephez-20-gr-opal-bg","status":"publish","type":"product","link":"https:\/\/chilimag.hu\/webshop\/termek\/mutragya-gyephez-20-gr-opal-bg\/","title":{"rendered":"M\u0171tr\u00e1gya gyephez 20 gr Opal Bg"},"content":{"rendered":"","protected":false},"excerpt":{"rendered":"<p><img decoding=\"async\" src=\"https:\/\/chilimag.hu\/webshop\/wp-content\/uploads\/2025\/01\/image-150x150.webp\" \/><\/p>\n<p>Le\u00edr\u00e1s<br \/>\nSpeci\u00e1lisan a lombozat kijuttat\u00e1s\u00e1ra kifejlesztett m\u0171tr\u00e1gy\u00e1k \u00e9s gyors, l\u00e1that\u00f3 eredm\u00e9nyek.<\/p>\n<p>Gazdag mikroelem-tartalm\u00e1nak k\u00f6sz\u00f6nhet\u0151en azonnal serkenti a n\u00f6v\u00e9nyeket, jav\u00edtja sz\u00edn\u00fcket.<\/p>\n<p>Permetezhet\u0151k, amikor a n\u00f6v\u00e9nyek t\u00e1pl\u00e1l\u00e9kot ig\u00e9nyelnek, vagy hi\u00e1nyt tapasztalnak.<\/p>\n<p>Az alkalmaz\u00e1st 10 naponta meg kell ism\u00e9telni.<\/p>\n<p>&nbsp;<\/p>\n","protected":false},"featured_media":35184,"comment_status":"closed","ping_status":"closed","template":"","meta":[],"product_brand":[],"product_cat":[391],"product_tag":[],"class_list":{"0":"post-35183","1":"product","2":"type-product","3":"status-publish","4":"has-post-thumbnail","6":"product_cat-egyeb-tapoldatok","8":"first","9":"instock","10":"taxable","11":"shipping-taxable","12":"purchasable","13":"product-type-simple"},"_links":{"self":[{"href":"https:\/\/chilimag.hu\/webshop\/wp-json\/wp\/v2\/product\/35183","targetHints":{"allow":["GET"]}}],"collection":[{"href":"https:\/\/chilimag.hu\/webshop\/wp-json\/wp\/v2\/product"}],"about":[{"href":"https:\/\/chilimag.hu\/webshop\/wp-json\/wp\/v2\/types\/product"}],"replies":[{"embeddable":true,"href":"https:\/\/chilimag.hu\/webshop\/wp-json\/wp\/v2\/comments?post=35183"}],"wp:featuredmedia":[{"embeddable":true,"href":"https:\/\/chilimag.hu\/webshop\/wp-json\/wp\/v2\/media\/35184"}],"wp:attachment":[{"href":"https:\/\/chilimag.hu\/webshop\/wp-json\/wp\/v2\/media?parent=35183"}],"wp:term":[{"taxonomy":"product_brand","embeddable":true,"href":"https:\/\/chilimag.hu\/webshop\/wp-json\/wp\/v2\/product_brand?post=35183"},{"taxonomy":"product_cat","embeddable":true,"href":"https:\/\/chilimag.hu\/webshop\/wp-json\/wp\/v2\/product_cat?post=35183"},{"taxonomy":"product_tag","embeddable":true,"href":"https:\/\/chilimag.hu\/webshop\/wp-json\/wp\/v2\/product_tag?post=35183"}],"curies":[{"name":"wp","href":"https:\/\/api.w.org\/{rel}","templated":true}]}}