{"id":35177,"date":"2025-01-30T20:38:40","date_gmt":"2025-01-30T20:38:40","guid":{"rendered":"https:\/\/chilimag.hu\/webshop\/?post_type=product&#038;p=35177"},"modified":"2026-03-09T10:26:46","modified_gmt":"2026-03-09T10:26:46","slug":"mutragya-salatakhoz-20-gr-opal-bg","status":"publish","type":"product","link":"https:\/\/chilimag.hu\/webshop\/termek\/mutragya-salatakhoz-20-gr-opal-bg\/","title":{"rendered":"M\u0171tr\u00e1gya Sal\u00e1t\u00e1khoz 20 gr Opal Bg"},"content":{"rendered":"","protected":false},"excerpt":{"rendered":"<p><img decoding=\"async\" src=\"https:\/\/chilimag.hu\/webshop\/wp-content\/uploads\/2025\/01\/image-150x150.webp\" \/><\/p>\n<p>Le\u00edr\u00e1s<br \/>\nEz a formula jelent\u0151sen jav\u00edtja a veget\u00e1ci\u00f3s id\u0151szakot.<\/p>\n<p>Sal\u00e1t\u00e1khoz nagyon alkalmas m\u0171tr\u00e1gy\u00e1k, mivel seg\u00edtik a gyors n\u00f6veked\u00e9st, a magas hozamot \u00e9s a s\u0171r\u0171 \u00e9s ellen\u00e1ll\u00f3 levelek d\u00fas fejl\u0151d\u00e9s\u00e9t.<\/p>\n<p>Alkalmas csepegtet\u0151 \u00f6nt\u00f6z\u0151rendszerekhez, valamint lombozat kijuttat\u00e1s\u00e1hoz.<\/p>\n<p>A t\u00f6k\u00e9letes megold\u00e1s a n\u00f6v\u00e9ny minden ig\u00e9ny\u00e9re a fejl\u0151d\u00e9s k\u00fcl\u00f6nb\u00f6z\u0151 szakaszaiban.<\/p>\n<p>&nbsp;<\/p>\n","protected":false},"featured_media":35178,"comment_status":"closed","ping_status":"closed","template":"","meta":[],"product_brand":[],"product_cat":[391],"product_tag":[],"class_list":{"0":"post-35177","1":"product","2":"type-product","3":"status-publish","4":"has-post-thumbnail","6":"product_cat-egyeb-tapoldatok","8":"first","9":"instock","10":"taxable","11":"shipping-taxable","12":"purchasable","13":"product-type-simple"},"_links":{"self":[{"href":"https:\/\/chilimag.hu\/webshop\/wp-json\/wp\/v2\/product\/35177","targetHints":{"allow":["GET"]}}],"collection":[{"href":"https:\/\/chilimag.hu\/webshop\/wp-json\/wp\/v2\/product"}],"about":[{"href":"https:\/\/chilimag.hu\/webshop\/wp-json\/wp\/v2\/types\/product"}],"replies":[{"embeddable":true,"href":"https:\/\/chilimag.hu\/webshop\/wp-json\/wp\/v2\/comments?post=35177"}],"wp:featuredmedia":[{"embeddable":true,"href":"https:\/\/chilimag.hu\/webshop\/wp-json\/wp\/v2\/media\/35178"}],"wp:attachment":[{"href":"https:\/\/chilimag.hu\/webshop\/wp-json\/wp\/v2\/media?parent=35177"}],"wp:term":[{"taxonomy":"product_brand","embeddable":true,"href":"https:\/\/chilimag.hu\/webshop\/wp-json\/wp\/v2\/product_brand?post=35177"},{"taxonomy":"product_cat","embeddable":true,"href":"https:\/\/chilimag.hu\/webshop\/wp-json\/wp\/v2\/product_cat?post=35177"},{"taxonomy":"product_tag","embeddable":true,"href":"https:\/\/chilimag.hu\/webshop\/wp-json\/wp\/v2\/product_tag?post=35177"}],"curies":[{"name":"wp","href":"https:\/\/api.w.org\/{rel}","templated":true}]}}