{"id":35172,"date":"2025-01-30T20:30:34","date_gmt":"2025-01-30T20:30:34","guid":{"rendered":"https:\/\/chilimag.hu\/webshop\/?post_type=product&#038;p=35172"},"modified":"2025-04-07T10:18:03","modified_gmt":"2025-04-07T10:18:03","slug":"mutragya-gyogy-es-fuszernovenyekhez-20-gr-opal-bg","status":"publish","type":"product","link":"https:\/\/chilimag.hu\/webshop\/termek\/mutragya-gyogy-es-fuszernovenyekhez-20-gr-opal-bg\/","title":{"rendered":"M\u0171tr\u00e1gya gy\u00f3gy \u00e9s f\u0171szern\u00f6v\u00e9nyekhez 20 gr Opal Bg"},"content":{"rendered":"","protected":false},"excerpt":{"rendered":"<p>Le\u00edr\u00e1s<br \/>\nEz a formula jav\u00edtja a gy\u00f6k\u00e9rrendszer fejl\u0151d\u00e9s\u00e9t, serkenti a fotoszint\u00e9zist \u00e9s a n\u00f6v\u00e9nyi veget\u00e1ci\u00f3t.<\/p>\n<p>Seg\u00edti a n\u00f6veked\u00e9st \u00e9s jav\u00edtja a n\u00f6v\u00e9nyek vitalit\u00e1s\u00e1t, seg\u00edti a vir\u00e1gzat kialakul\u00e1s\u00e1t.<\/p>\n","protected":false},"featured_media":35173,"comment_status":"closed","ping_status":"closed","template":"","meta":[],"product_brand":[],"product_cat":[391],"product_tag":[],"class_list":{"0":"post-35172","1":"product","2":"type-product","3":"status-publish","4":"has-post-thumbnail","6":"product_cat-egyeb-tapoldatok","8":"first","9":"instock","10":"taxable","11":"shipping-taxable","12":"purchasable","13":"product-type-simple"},"_links":{"self":[{"href":"https:\/\/chilimag.hu\/webshop\/wp-json\/wp\/v2\/product\/35172","targetHints":{"allow":["GET"]}}],"collection":[{"href":"https:\/\/chilimag.hu\/webshop\/wp-json\/wp\/v2\/product"}],"about":[{"href":"https:\/\/chilimag.hu\/webshop\/wp-json\/wp\/v2\/types\/product"}],"replies":[{"embeddable":true,"href":"https:\/\/chilimag.hu\/webshop\/wp-json\/wp\/v2\/comments?post=35172"}],"wp:featuredmedia":[{"embeddable":true,"href":"https:\/\/chilimag.hu\/webshop\/wp-json\/wp\/v2\/media\/35173"}],"wp:attachment":[{"href":"https:\/\/chilimag.hu\/webshop\/wp-json\/wp\/v2\/media?parent=35172"}],"wp:term":[{"taxonomy":"product_brand","embeddable":true,"href":"https:\/\/chilimag.hu\/webshop\/wp-json\/wp\/v2\/product_brand?post=35172"},{"taxonomy":"product_cat","embeddable":true,"href":"https:\/\/chilimag.hu\/webshop\/wp-json\/wp\/v2\/product_cat?post=35172"},{"taxonomy":"product_tag","embeddable":true,"href":"https:\/\/chilimag.hu\/webshop\/wp-json\/wp\/v2\/product_tag?post=35172"}],"curies":[{"name":"wp","href":"https:\/\/api.w.org\/{rel}","templated":true}]}}