{"id":35151,"date":"2025-01-30T19:35:31","date_gmt":"2025-01-30T19:35:31","guid":{"rendered":"https:\/\/chilimag.hu\/webshop\/?post_type=product&#038;p=35151"},"modified":"2026-02-10T06:22:14","modified_gmt":"2026-02-10T06:22:14","slug":"mutragya-paprikakhoz-20-gr-opal-bg","status":"publish","type":"product","link":"https:\/\/chilimag.hu\/webshop\/termek\/mutragya-paprikakhoz-20-gr-opal-bg\/","title":{"rendered":"M\u0171tr\u00e1gya paprik\u00e1khoz 20 gr Opal Bg"},"content":{"rendered":"","protected":false},"excerpt":{"rendered":"<p><strong>V\u00edzben oldhat\u00f3 paprika tr\u00e1gya \u2013 20 gramm<\/strong><\/p>\n<p>V\u00edzben old\u00f3d\u00f3 m\u0171tr\u00e1gya mikro- \u00e9s makroelemekkel paprik\u00e1hoz. Nitrog\u00e9n-foszfor-k\u00e1lium ar\u00e1ny: 15-10-30. A csomag 20 grammot tartalmaz.<\/p>\n<p>\u00d6nt\u00f6z\u00e9sre, de lombtr\u00e1gy\u00e1nak is alkalmas. Javasolt kezel\u00e9si intervallum: 7-10 nap<\/p>\n<p>Paprik\u00e1k sz\u00e1m\u00e1ra be\u00e1ll\u00edtott v\u00edzben oldhat\u00f3 m\u0171tr\u00e1gya mikro- \u00e9s makroelemekkel. Nitrog\u00e9n-foszfor-k\u00e1lium ar\u00e1ny:15-10-30. A csomag tartalma 20 gramm.<\/p>\n<p>Alkalmas \u00f6nt\u00f6z\u00e9sre \u00e9s lev\u00e9lt\u00e1gyak\u00e9nt egyar\u00e1nt. Aj\u00e1nlott kezel\u00e9si intervallum: 7-10nap<\/p>\n<p>Tartalmaz:<\/p>\n<p>Nitrog\u00e9n: 15%<\/p>\n<p>Foszfor (P2O3): 10%<\/p>\n<p>K\u00e1lium (K2O): 30%<\/p>\n<p>Vas (Fe): 0,03%<\/p>\n<p>Mang\u00e1n (Mn): 0,02%<\/p>\n<p>Cink (Zn): 0,02%<\/p>\n<p>R\u00e9z (Cu): 0,02%<\/p>\n<p>B\u00f3r (B): 0,02%<\/p>\n<p>Molibd\u00e9n (Mo): 0,002%<\/p>\n<p><strong>Aj\u00e1nlott kever\u00e9si ar\u00e1ny: 2 gramm\/1 liter v\u00edz\u00a0<\/strong><\/p>\n<p>Gyermekek el\u0151l elz\u00e1rva tartand\u00f3!<\/p>\n","protected":false},"featured_media":35152,"comment_status":"closed","ping_status":"closed","template":"","meta":[],"product_brand":[],"product_cat":[391],"product_tag":[],"class_list":{"0":"post-35151","1":"product","2":"type-product","3":"status-publish","4":"has-post-thumbnail","6":"product_cat-egyeb-tapoldatok","8":"first","9":"instock","10":"taxable","11":"shipping-taxable","12":"purchasable","13":"product-type-simple"},"_links":{"self":[{"href":"https:\/\/chilimag.hu\/webshop\/wp-json\/wp\/v2\/product\/35151","targetHints":{"allow":["GET"]}}],"collection":[{"href":"https:\/\/chilimag.hu\/webshop\/wp-json\/wp\/v2\/product"}],"about":[{"href":"https:\/\/chilimag.hu\/webshop\/wp-json\/wp\/v2\/types\/product"}],"replies":[{"embeddable":true,"href":"https:\/\/chilimag.hu\/webshop\/wp-json\/wp\/v2\/comments?post=35151"}],"wp:featuredmedia":[{"embeddable":true,"href":"https:\/\/chilimag.hu\/webshop\/wp-json\/wp\/v2\/media\/35152"}],"wp:attachment":[{"href":"https:\/\/chilimag.hu\/webshop\/wp-json\/wp\/v2\/media?parent=35151"}],"wp:term":[{"taxonomy":"product_brand","embeddable":true,"href":"https:\/\/chilimag.hu\/webshop\/wp-json\/wp\/v2\/product_brand?post=35151"},{"taxonomy":"product_cat","embeddable":true,"href":"https:\/\/chilimag.hu\/webshop\/wp-json\/wp\/v2\/product_cat?post=35151"},{"taxonomy":"product_tag","embeddable":true,"href":"https:\/\/chilimag.hu\/webshop\/wp-json\/wp\/v2\/product_tag?post=35151"}],"curies":[{"name":"wp","href":"https:\/\/api.w.org\/{rel}","templated":true}]}}