{"id":35142,"date":"2025-01-30T18:04:14","date_gmt":"2025-01-30T18:04:14","guid":{"rendered":"https:\/\/chilimag.hu\/webshop\/?post_type=product&#038;p=35142"},"modified":"2026-03-29T16:16:35","modified_gmt":"2026-03-29T16:16:35","slug":"bab-saxa-opal-bg","status":"publish","type":"product","link":"https:\/\/chilimag.hu\/webshop\/termek\/bab-saxa-opal-bg\/","title":{"rendered":"Bab Saksa Opal Bg"},"content":{"rendered":"","protected":false},"excerpt":{"rendered":"<p>Tavaszi \u00e9s ny\u00e1ri vet\u00e9sre alkalmas korai fajta. A n\u00f6v\u00e9nyek alacsonyak, cserje alak\u00faak. A h\u00fcvelyek s\u00f6t\u00e9tz\u00f6ldek, egyenesek, hengeresek, 12-14 cm hossz\u00faak, a n\u00f6v\u00e9ny k\u00f6zep\u00e9n helyezkednek el. A bogy\u00f3k lassan n\u0151nek. Egyenletesen \u00e9r\u0151, nagyon j\u00f3 \u00edz\u0171 fajta. Steriliz\u00e1l\u00e1skor nem v\u00e1ltoztatja meg a sz\u00edn\u00e9t. Veget\u00e1ci\u00f3s id\u0151szak 45-50 nap. Vet\u00e9si ar\u00e1ny: 10-15 kg\/ha 1 g k\u00f6r\u00fclbel\u00fcl 2-3 magot tartalmaz.<\/p>\n<p>A csomag 80 gr magot tartalmaz<\/p>\n","protected":false},"featured_media":35143,"comment_status":"closed","ping_status":"closed","template":"","meta":[],"product_brand":[],"product_cat":[455],"product_tag":[],"class_list":{"0":"post-35142","1":"product","2":"type-product","3":"status-publish","4":"has-post-thumbnail","6":"product_cat-huvelyesek-vetomagok-bolgar-opal-vetomagok","8":"first","9":"instock","10":"taxable","11":"shipping-taxable","12":"purchasable","13":"product-type-simple"},"_links":{"self":[{"href":"https:\/\/chilimag.hu\/webshop\/wp-json\/wp\/v2\/product\/35142","targetHints":{"allow":["GET"]}}],"collection":[{"href":"https:\/\/chilimag.hu\/webshop\/wp-json\/wp\/v2\/product"}],"about":[{"href":"https:\/\/chilimag.hu\/webshop\/wp-json\/wp\/v2\/types\/product"}],"replies":[{"embeddable":true,"href":"https:\/\/chilimag.hu\/webshop\/wp-json\/wp\/v2\/comments?post=35142"}],"wp:featuredmedia":[{"embeddable":true,"href":"https:\/\/chilimag.hu\/webshop\/wp-json\/wp\/v2\/media\/35143"}],"wp:attachment":[{"href":"https:\/\/chilimag.hu\/webshop\/wp-json\/wp\/v2\/media?parent=35142"}],"wp:term":[{"taxonomy":"product_brand","embeddable":true,"href":"https:\/\/chilimag.hu\/webshop\/wp-json\/wp\/v2\/product_brand?post=35142"},{"taxonomy":"product_cat","embeddable":true,"href":"https:\/\/chilimag.hu\/webshop\/wp-json\/wp\/v2\/product_cat?post=35142"},{"taxonomy":"product_tag","embeddable":true,"href":"https:\/\/chilimag.hu\/webshop\/wp-json\/wp\/v2\/product_tag?post=35142"}],"curies":[{"name":"wp","href":"https:\/\/api.w.org\/{rel}","templated":true}]}}