{"id":35132,"date":"2025-01-30T17:01:19","date_gmt":"2025-01-30T17:01:19","guid":{"rendered":"https:\/\/chilimag.hu\/webshop\/?post_type=product&#038;p=35132"},"modified":"2026-04-02T02:17:27","modified_gmt":"2026-04-02T02:17:27","slug":"uborka-tropical-slicer-f1-opal-bg","status":"publish","type":"product","link":"https:\/\/chilimag.hu\/webshop\/termek\/uborka-tropical-slicer-f1-opal-bg\/","title":{"rendered":"Uborka Tropical slicer F1 Opal Bg"},"content":{"rendered":"","protected":false},"excerpt":{"rendered":"<p>&nbsp;<\/p>\n<p>&nbsp;<\/p>\n<p>Korai, partenokarpos, k\u00f6zepes term\u00e9s\u0171 uborkahibrid, magas hozam\u00fa \u00e9s ropog\u00f3s, n\u0151i vir\u00e1gokban gazdag. A fajta toler\u00e1ns a lisztharmat ellen. Alkalmas \u00fcvegh\u00e1zakban \u00e9s szabadban t\u00f6rt\u00e9n\u0151 termeszt\u00e9sre, ellen\u00e1ll az alacsony \u00e9s magas h\u0151m\u00e9rs\u00e9kletnek. Gy\u00fcm\u00f6lcsei 19-21 cm hossz\u00faak, s\u00f6t\u00e9tz\u00f6ld sz\u00edn\u0171ek, ellen\u00e1llnak a t\u00falzott n\u00f6veked\u00e9snek. A mez\u0151re.<\/p>\n","protected":false},"featured_media":35133,"comment_status":"closed","ping_status":"closed","template":"","meta":[],"product_brand":[],"product_cat":[461],"product_tag":[],"class_list":{"0":"post-35132","1":"product","2":"type-product","3":"status-publish","4":"has-post-thumbnail","6":"product_cat-uborka-es-padlizsan-vetomagok-bolgar-opal-vetomagok","8":"first","9":"instock","10":"taxable","11":"shipping-taxable","12":"purchasable","13":"product-type-simple"},"_links":{"self":[{"href":"https:\/\/chilimag.hu\/webshop\/wp-json\/wp\/v2\/product\/35132","targetHints":{"allow":["GET"]}}],"collection":[{"href":"https:\/\/chilimag.hu\/webshop\/wp-json\/wp\/v2\/product"}],"about":[{"href":"https:\/\/chilimag.hu\/webshop\/wp-json\/wp\/v2\/types\/product"}],"replies":[{"embeddable":true,"href":"https:\/\/chilimag.hu\/webshop\/wp-json\/wp\/v2\/comments?post=35132"}],"wp:featuredmedia":[{"embeddable":true,"href":"https:\/\/chilimag.hu\/webshop\/wp-json\/wp\/v2\/media\/35133"}],"wp:attachment":[{"href":"https:\/\/chilimag.hu\/webshop\/wp-json\/wp\/v2\/media?parent=35132"}],"wp:term":[{"taxonomy":"product_brand","embeddable":true,"href":"https:\/\/chilimag.hu\/webshop\/wp-json\/wp\/v2\/product_brand?post=35132"},{"taxonomy":"product_cat","embeddable":true,"href":"https:\/\/chilimag.hu\/webshop\/wp-json\/wp\/v2\/product_cat?post=35132"},{"taxonomy":"product_tag","embeddable":true,"href":"https:\/\/chilimag.hu\/webshop\/wp-json\/wp\/v2\/product_tag?post=35132"}],"curies":[{"name":"wp","href":"https:\/\/api.w.org\/{rel}","templated":true}]}}