{"id":35119,"date":"2025-01-29T20:14:11","date_gmt":"2025-01-29T20:14:11","guid":{"rendered":"https:\/\/chilimag.hu\/webshop\/?post_type=product&#038;p=35119"},"modified":"2026-02-18T23:43:11","modified_gmt":"2026-02-18T23:43:11","slug":"loboda-red-opal-bg","status":"publish","type":"product","link":"https:\/\/chilimag.hu\/webshop\/termek\/loboda-red-opal-bg\/","title":{"rendered":"Laboda Red Opal Bg"},"content":{"rendered":"","protected":false},"excerpt":{"rendered":"<p><img decoding=\"async\" src=\"https:\/\/c.cdnmp.net\/397100687\/brands\/11000160_logo.jpg\" alt=\"Opal BG\" \/><\/p>\n<p>A GARDEN GARDEN egyny\u00e1ri n\u00f6v\u00e9ny, sz\u00e1ra f\u00fcgg\u0151leges, el\u00e1gaz\u00f3, ak\u00e1r 2 m magass\u00e1got is el\u00e9rhet.<\/p>\n<p>K\u00f6zvetlen vet\u00e9ssel szabadf\u00f6ld\u00f6n termesztik, lehet\u0151leg kora tavasszal, szakaszosan &#8211; 10-15 naponta, am\u00edg sz\u00e1raz \u00e9s meleg id\u0151j\u00e1r\u00e1s be nem \u00e1ll.<\/p>\n<p>A loboda vet\u00e9se ny\u00e1rig folytat\u00f3dhat: j\u00falius-augusztus.<\/p>\n<p>A m\u00e1ngold \u00e1sv\u00e1nyi anyagokban gazdag, \u00e9s j\u00f3 vas-, cink-, kalcium-, magn\u00e9zium- \u00e9s k\u00e1liumforr\u00e1s.<\/p>\n<p>A csomag 1 gr magot tartalmaz<\/p>\n","protected":false},"featured_media":35120,"comment_status":"closed","ping_status":"closed","template":"","meta":[],"product_brand":[],"product_cat":[460],"product_tag":[],"class_list":{"0":"post-35119","1":"product","2":"type-product","3":"status-publish","4":"has-post-thumbnail","6":"product_cat-salata-es-retek-vetomagok-bolgar-opal-vetomagok","8":"first","9":"instock","10":"taxable","11":"shipping-taxable","12":"purchasable","13":"product-type-simple"},"_links":{"self":[{"href":"https:\/\/chilimag.hu\/webshop\/wp-json\/wp\/v2\/product\/35119","targetHints":{"allow":["GET"]}}],"collection":[{"href":"https:\/\/chilimag.hu\/webshop\/wp-json\/wp\/v2\/product"}],"about":[{"href":"https:\/\/chilimag.hu\/webshop\/wp-json\/wp\/v2\/types\/product"}],"replies":[{"embeddable":true,"href":"https:\/\/chilimag.hu\/webshop\/wp-json\/wp\/v2\/comments?post=35119"}],"wp:featuredmedia":[{"embeddable":true,"href":"https:\/\/chilimag.hu\/webshop\/wp-json\/wp\/v2\/media\/35120"}],"wp:attachment":[{"href":"https:\/\/chilimag.hu\/webshop\/wp-json\/wp\/v2\/media?parent=35119"}],"wp:term":[{"taxonomy":"product_brand","embeddable":true,"href":"https:\/\/chilimag.hu\/webshop\/wp-json\/wp\/v2\/product_brand?post=35119"},{"taxonomy":"product_cat","embeddable":true,"href":"https:\/\/chilimag.hu\/webshop\/wp-json\/wp\/v2\/product_cat?post=35119"},{"taxonomy":"product_tag","embeddable":true,"href":"https:\/\/chilimag.hu\/webshop\/wp-json\/wp\/v2\/product_tag?post=35119"}],"curies":[{"name":"wp","href":"https:\/\/api.w.org\/{rel}","templated":true}]}}