{"id":35114,"date":"2025-01-29T18:10:34","date_gmt":"2025-01-29T18:10:34","guid":{"rendered":"https:\/\/chilimag.hu\/webshop\/?post_type=product&#038;p=35114"},"modified":"2026-03-03T07:24:03","modified_gmt":"2026-03-03T07:24:03","slug":"paprika-kapia-white-opal","status":"publish","type":"product","link":"https:\/\/chilimag.hu\/webshop\/termek\/paprika-kapia-white-opal\/","title":{"rendered":"Paprika Kapia White Opal Bg"},"content":{"rendered":"","protected":false},"excerpt":{"rendered":"<p><img decoding=\"async\" src=\"https:\/\/c.cdnmp.net\/592978066\/brands\/1000004_logo.jpg\" alt=\"OPAL ZI - Bulgaria\" \/><\/p>\n<p>Korai fajta, nagyon term\u00e9keny. A n\u00f6v\u00e9ny t\u00f6m\u00f6r, 60-65 cm magas, 3-5 \u00e1g\u00fa.<\/p>\n<p>Term\u00e9sei cs\u00fcng\u0151sek, 11-16 cm hossz\u00faak, t\u00f6v\u00e9n\u00e9l 5-6 cm sz\u00e9lesek, \u00e9des \u00edz\u0171ek.<\/p>\n<p>Fel\u00fclet\u00fck sima \u00e9s f\u00e9nyes.<\/p>\n<p>A magh\u00e9j 4-6 mm vastag.<\/p>\n<p>Technikai \u00e9retts\u00e9gben a gy\u00fcm\u00f6lcs\u00f6k vil\u00e1gosz\u00f6ldek, botanikai \u00e9retts\u00e9gben \u00e9l\u00e9nkv\u00f6r\u00f6sek.<\/p>\n<p>Friss fogyaszt\u00e1sra \u00e9s feldolgoz\u00e1sra alkalmas.<\/p>\n<p>A csomag 1 gr magot tartalmaz<\/p>\n<p>&nbsp;<\/p>\n","protected":false},"featured_media":35115,"comment_status":"closed","ping_status":"closed","template":"","meta":[],"product_brand":[],"product_cat":[458],"product_tag":[],"class_list":{"0":"post-35114","1":"product","2":"type-product","3":"status-publish","4":"has-post-thumbnail","6":"product_cat-paprika-vetomagok-bolgar-opal-vetomagok","8":"first","9":"instock","10":"taxable","11":"shipping-taxable","12":"purchasable","13":"product-type-simple"},"_links":{"self":[{"href":"https:\/\/chilimag.hu\/webshop\/wp-json\/wp\/v2\/product\/35114","targetHints":{"allow":["GET"]}}],"collection":[{"href":"https:\/\/chilimag.hu\/webshop\/wp-json\/wp\/v2\/product"}],"about":[{"href":"https:\/\/chilimag.hu\/webshop\/wp-json\/wp\/v2\/types\/product"}],"replies":[{"embeddable":true,"href":"https:\/\/chilimag.hu\/webshop\/wp-json\/wp\/v2\/comments?post=35114"}],"wp:featuredmedia":[{"embeddable":true,"href":"https:\/\/chilimag.hu\/webshop\/wp-json\/wp\/v2\/media\/35115"}],"wp:attachment":[{"href":"https:\/\/chilimag.hu\/webshop\/wp-json\/wp\/v2\/media?parent=35114"}],"wp:term":[{"taxonomy":"product_brand","embeddable":true,"href":"https:\/\/chilimag.hu\/webshop\/wp-json\/wp\/v2\/product_brand?post=35114"},{"taxonomy":"product_cat","embeddable":true,"href":"https:\/\/chilimag.hu\/webshop\/wp-json\/wp\/v2\/product_cat?post=35114"},{"taxonomy":"product_tag","embeddable":true,"href":"https:\/\/chilimag.hu\/webshop\/wp-json\/wp\/v2\/product_tag?post=35114"}],"curies":[{"name":"wp","href":"https:\/\/api.w.org\/{rel}","templated":true}]}}