{"id":35109,"date":"2025-01-29T18:04:52","date_gmt":"2025-01-29T18:04:52","guid":{"rendered":"https:\/\/chilimag.hu\/webshop\/?post_type=product&#038;p=35109"},"modified":"2026-02-03T16:59:31","modified_gmt":"2026-02-03T16:59:31","slug":"paprika-trakiya-chudo-opal","status":"publish","type":"product","link":"https:\/\/chilimag.hu\/webshop\/termek\/paprika-trakiya-chudo-opal\/","title":{"rendered":"Paprika Trakiya chudo Opal Bg"},"content":{"rendered":"","protected":false},"excerpt":{"rendered":"<p><img decoding=\"async\" src=\"https:\/\/c.cdnmp.net\/592978066\/brands\/1000004_logo.jpg\" alt=\"OPAL ZI - Bulgaria\" \/><\/p>\n<p>A Trakiya Chudo paprika egy \u00faj, magas hozam\u00fa bolg\u00e1r fajta, k\u00f6z\u00e9pkorai termeszt\u00e9sre.<\/p>\n<p>A n\u00f6v\u00e9ny 50 cm magasra n\u0151, \u00e9s nagy leveleket alkot.<\/p>\n<p>Tr\u00e1k csoda Kapia: term\u00e9s &#8211; \u00e1tlagos hossza 16 cm, magh\u00e9j vastags\u00e1ga 5-6 mm, gy\u00fcm\u00f6lcs s\u00falya 160-230 g, k\u00e9t fala \u00e9s h\u00e1rom fala van<\/p>\n<p>A gy\u00fcm\u00f6lcs\u00f6k nagyok, hossz\u00faak, vastag p\u00e9ppel \u00e9s kiv\u00e1l\u00f3 \u00edz\u0171ek. Technikai \u00e9retts\u00e9gben a gy\u00fcm\u00f6lcs\u00f6k s\u00f6t\u00e9tz\u00f6ldek, botanikai \u00e9retts\u00e9gben pedig s\u00f6t\u00e9tv\u00f6r\u00f6sek.<\/p>\n<p>Vet\u0151mennyis\u00e9g: 150-180 g\/1000 nm.<\/p>\n<p>\u00c1tlagos magsz\u00e1m grammonk\u00e9nt: 150 mag<\/p>\n<p>Gy\u00e1rt\u00f3: Opal ZI Bulgaria<\/p>\n<p>A csomag 1 gr magot tartalmaz<\/p>\n","protected":false},"featured_media":35112,"comment_status":"closed","ping_status":"closed","template":"","meta":[],"product_brand":[],"product_cat":[458],"product_tag":[],"class_list":{"0":"post-35109","1":"product","2":"type-product","3":"status-publish","4":"has-post-thumbnail","6":"product_cat-paprika-vetomagok-bolgar-opal-vetomagok","8":"first","9":"instock","10":"taxable","11":"shipping-taxable","12":"purchasable","13":"product-type-simple"},"_links":{"self":[{"href":"https:\/\/chilimag.hu\/webshop\/wp-json\/wp\/v2\/product\/35109","targetHints":{"allow":["GET"]}}],"collection":[{"href":"https:\/\/chilimag.hu\/webshop\/wp-json\/wp\/v2\/product"}],"about":[{"href":"https:\/\/chilimag.hu\/webshop\/wp-json\/wp\/v2\/types\/product"}],"replies":[{"embeddable":true,"href":"https:\/\/chilimag.hu\/webshop\/wp-json\/wp\/v2\/comments?post=35109"}],"wp:featuredmedia":[{"embeddable":true,"href":"https:\/\/chilimag.hu\/webshop\/wp-json\/wp\/v2\/media\/35112"}],"wp:attachment":[{"href":"https:\/\/chilimag.hu\/webshop\/wp-json\/wp\/v2\/media?parent=35109"}],"wp:term":[{"taxonomy":"product_brand","embeddable":true,"href":"https:\/\/chilimag.hu\/webshop\/wp-json\/wp\/v2\/product_brand?post=35109"},{"taxonomy":"product_cat","embeddable":true,"href":"https:\/\/chilimag.hu\/webshop\/wp-json\/wp\/v2\/product_cat?post=35109"},{"taxonomy":"product_tag","embeddable":true,"href":"https:\/\/chilimag.hu\/webshop\/wp-json\/wp\/v2\/product_tag?post=35109"}],"curies":[{"name":"wp","href":"https:\/\/api.w.org\/{rel}","templated":true}]}}