{"id":35031,"date":"2025-01-28T18:48:39","date_gmt":"2025-01-28T18:48:39","guid":{"rendered":"https:\/\/chilimag.hu\/webshop\/?post_type=product&#038;p=35031"},"modified":"2026-02-18T11:39:47","modified_gmt":"2026-02-18T11:39:47","slug":"uborka-croki-opal","status":"publish","type":"product","link":"https:\/\/chilimag.hu\/webshop\/termek\/uborka-croki-opal\/","title":{"rendered":"Uborka Croki Opal Bg"},"content":{"rendered":"","protected":false},"excerpt":{"rendered":"<p><img decoding=\"async\" src=\"https:\/\/c.cdnmp.net\/592978066\/brands\/1000004_logo.jpg\" alt=\"OPAL ZI - Bulgaria\" \/><\/p>\n<p>F\u00e9lkorai hossz\u00fa uborka fajta. Term\u00e9sei megny\u00falt hengeresek, er\u0151sen bord\u00e1zottak, 25-28 cm hossz\u00faak, \u00e1tlagosan 250-300 gr t\u00f6meg\u0171ek, t\u00f6visesek, vil\u00e1gosz\u00f6ld sz\u00edn\u0171ek.<\/p>\n<p>Rendk\u00edv\u00fcl kellemes \u00edz\u0171ek, keser\u0171s\u00e9g n\u00e9lk\u00fcl, er\u0151s uborka illat\u00faak, ropog\u00f3s, gyeng\u00e9d \u00e1llag\u00faak.<\/p>\n<p>Friss fogyaszt\u00e1sra alkalmas.<\/p>\n<p>&nbsp;<\/p>\n","protected":false},"featured_media":35131,"comment_status":"closed","ping_status":"closed","template":"","meta":[],"product_brand":[],"product_cat":[461],"product_tag":[],"class_list":{"0":"post-35031","1":"product","2":"type-product","3":"status-publish","4":"has-post-thumbnail","6":"product_cat-uborka-es-padlizsan-vetomagok-bolgar-opal-vetomagok","8":"first","9":"instock","10":"taxable","11":"shipping-taxable","12":"purchasable","13":"product-type-simple"},"_links":{"self":[{"href":"https:\/\/chilimag.hu\/webshop\/wp-json\/wp\/v2\/product\/35031","targetHints":{"allow":["GET"]}}],"collection":[{"href":"https:\/\/chilimag.hu\/webshop\/wp-json\/wp\/v2\/product"}],"about":[{"href":"https:\/\/chilimag.hu\/webshop\/wp-json\/wp\/v2\/types\/product"}],"replies":[{"embeddable":true,"href":"https:\/\/chilimag.hu\/webshop\/wp-json\/wp\/v2\/comments?post=35031"}],"wp:featuredmedia":[{"embeddable":true,"href":"https:\/\/chilimag.hu\/webshop\/wp-json\/wp\/v2\/media\/35131"}],"wp:attachment":[{"href":"https:\/\/chilimag.hu\/webshop\/wp-json\/wp\/v2\/media?parent=35031"}],"wp:term":[{"taxonomy":"product_brand","embeddable":true,"href":"https:\/\/chilimag.hu\/webshop\/wp-json\/wp\/v2\/product_brand?post=35031"},{"taxonomy":"product_cat","embeddable":true,"href":"https:\/\/chilimag.hu\/webshop\/wp-json\/wp\/v2\/product_cat?post=35031"},{"taxonomy":"product_tag","embeddable":true,"href":"https:\/\/chilimag.hu\/webshop\/wp-json\/wp\/v2\/product_tag?post=35031"}],"curies":[{"name":"wp","href":"https:\/\/api.w.org\/{rel}","templated":true}]}}