{"id":34936,"date":"2025-01-25T10:39:43","date_gmt":"2025-01-25T10:39:43","guid":{"rendered":"https:\/\/chilimag.hu\/webshop\/?post_type=product&#038;p=34936"},"modified":"2026-04-30T07:28:57","modified_gmt":"2026-04-30T07:28:57","slug":"mycelium-sarga-rokagomba-10-gr-sl","status":"publish","type":"product","link":"https:\/\/chilimag.hu\/webshop\/termek\/mycelium-sarga-rokagomba-10-gr-sl\/","title":{"rendered":"Mycelium S\u00e1rga r\u00f3kagomba 10 gr SL"},"content":{"rendered":"","protected":false},"excerpt":{"rendered":"<div class=\"thumbnail thumbnail-image\"><img decoding=\"async\" class=\"\" draggable=\"false\" src=\"https:\/\/chilimag.hu\/webshop\/wp-content\/uploads\/2025\/09\/logo-mycelium-300x108.png\" alt=\"\" width=\"150\" height=\"54\" \/><\/div>\n<div class=\"details\"><\/div>\n<div class=\"e-hint\">\n<div class=\"e-hint__container\" data-event=\"image_optimizer_hint\">\n<div class=\"elementor-control-notice elementor-control-notice-type-info\" data-display=\"true\">\n<div class=\"elementor-control-notice-icon\"><\/div>\n<div class=\"elementor-control-notice-main action-handler\" data-event=\"image_optimizer_hint\" data-settings=\"eyJhY3Rpb25fdXJsIjoiaHR0cHM6XC9cL2NoaWxpbWFnLmh1XC93ZWJzaG9wXC93cC1hZG1pblwvdXBkYXRlLnBocD9hY3Rpb249aW5zdGFsbC1wbHVnaW4mYW1wO3BsdWdpbj1pbWFnZS1vcHRpbWl6YXRpb24mYW1wO193cG5vbmNlPTNmZjNkNzBmM2UifQ==\"><\/div>\n<\/div>\n<\/div>\n<\/div>\n<p><b>Term\u00e9kle\u00edr\u00e1s<\/b><\/p>\n<p>A r\u00f3kagomba n\u00e9pszer\u0171 \u00e9s \u00edzletes erdei gomba. Frissen, jellemz\u0151en sz\u00e1r\u00edtva, p\u00e1colva, s\u00f3zva, fagyasztva, vagy f\u0171szerk\u00e9nt porr\u00e1 \u0151r\u00f6lve fogyasztj\u00e1k, szinte soha nem szenved rovarfert\u0151z\u00e9st\u0151l. A kalap h\u00fasos, a fiatal gomb\u00e1kn\u00e1l kiemelkedik, az \u00e9rett gomb\u00e1kn\u00e1l cs\u00e9szealj vagy t\u00e1l alak\u00fa, sz\u00e9lei szab\u00e1lytalanul hull\u00e1mosak. A sapka sz\u00edne \u00e1ltal\u00e1ban \u00e9l\u00e9nk s\u00e1rga, esetenk\u00e9nt narancss\u00e1rga vagy vil\u00e1goss\u00e1rga. Sz\u00e1ra r\u00f6vid, vaskos, t\u00f6v\u00e9n\u00e9l elv\u00e9konyod\u00f3. A gomba jellegzetes gy\u00fcm\u00f6lcs\u00f6s illattal \u00e9s kifejezetten kellemes \u00edzzel rendelkezik, n\u00e9ha egy kis keser\u0171s\u00e9ggel. Termeszt\u00e9si tippek: Az \u00fcltet\u00e9st \u00e1prilis k\u00f6zepe \u00e9s okt\u00f3ber k\u00f6z\u00f6tt kell elv\u00e9gezni. Ennek a gomb\u00e1nak az ide\u00e1lis \u00fcltet\u00e9si helye t\u0171level\u0171 f\u00e1k legyenek, de alkalmas t\u00f6lgyek, b\u00fckk\u00f6s\u00f6k \u00e9s lucfeny\u0151k \u00fcltet\u00e9s\u00e9re is. Gyakran megtal\u00e1lhat\u00f3 szalm\u00e1ban feny\u0151k \u00e9s feny\u0151k alatt. A fiatal f\u00e1k el\u0151ny\u00f6sebbek az optim\u00e1lis n\u00f6veked\u00e9shez. Az \u00fcltet\u00e9shez t\u00f6bbc\u00e9l\u00fa szubsztr\u00e1tum vagy komposzt haszn\u00e1lata javasolt, magas t\u0151zegr\u00e9teggel. Termeszt\u00e9s \u00e9s gondoz\u00e1s:<br \/>\n1. \u00c1ss h\u00e1rom lyukat a fat\u00f6rzs k\u00f6r\u00e9, mindegyik 30-40 cm \u00e1tm\u00e9r\u0151j\u0171 \u00e9s 15 cm m\u00e9ly. A lyukakat a fa t\u00f6rzs\u00e9t\u0151l 0,5-5 m t\u00e1vols\u00e1gra (kb. a t\u00f6rzs \u00e1tm\u00e9r\u0151j\u00e9nek 10-szerese) helyezze el.<br \/>\n2. F\u00e9lig t\u00f6ltse meg a lyukakat el\u0151k\u00e9sz\u00edtett talajjal, majd helyezze minden csomagb\u00f3l a gomba mic\u00e9lium\u00e1nak egyharmad\u00e1t minden lyukba. T\u00f6ltse fel a lyukakat f\u00f6lddel a talajszintig, \u00e9s t\u00f6m\u00f6r\u00edtse szorosan.<br \/>\n3. \u00d3vatosan \u00f6nt\u00f6zze meg az \u00fcltet\u00e9si ter\u00fcletet (kb. 1 v\u00f6d\u00f6r v\u00edzzel minden g\u00f6d\u00f6r k\u00f6r\u00fcl).<br \/>\n4. Fedje le egy r\u00e9teg lev\u00e9llel, feny\u0151t\u0171vel, szalm\u00e1val vagy gallyakkal (pl. az erd\u0151b\u0151l).<br \/>\n5. El\u0151seg\u00edti a gomb\u00e1k fejl\u0151d\u00e9s\u00e9t cukoroldattal (10 g cukor 10 liter v\u00edzben).<br \/>\n6. Ha a gomba cs\u00edr\u00e1z\u00e1sa sor\u00e1n nem esik elegend\u0151 csapad\u00e9k, akkor a talaj rendszeres nedves\u00edt\u00e9se javasolt. Cs\u00edr\u00e1z\u00e1s: Kedvez\u0151 k\u00f6r\u00fclm\u00e9nyek k\u00f6z\u00f6tt a gomb\u00e1k az \u00fcltet\u00e9st k\u00f6vet\u0151 els\u0151 vagy m\u00e1sodik \u00e9vben megjelenhetnek. A mic\u00e9lium 3-4 \u00e9vig hat\u00e1sos. Term\u00e9shozam: \u00c9vente t\u00f6bb-t\u00f6bb tucat gomb\u00e1t lehet betakar\u00edtani f\u00e1nk\u00e9nt. Kiszerel\u00e9s: Biol\u00f3giai sp\u00f3rapor vet\u00e9shez \u2013 10 g. A term\u00e9kenys\u00e9g val\u00f3sz\u00edn\u0171s\u00e9ge 85-87%. Jegyzet. A mikorrhiza (mikorrhiza \u2013 fagy\u00f6kerek szimbi\u00f3zisa a gomb\u00e1kkal) erdei gomb\u00e1k amat\u0151r termeszt\u00e9se nem garant\u00e1lja az eredm\u00e9nyt, mivel a gomba n\u00f6veked\u00e9se jelent\u0151sen f\u00fcgg az id\u0151j\u00e1r\u00e1si viszonyokt\u00f3l \u00e9s sz\u00e1mos egy\u00e9b t\u00e9nyez\u0151t\u0151l. Termeszt\u00e9s\u00fckh\u00f6z a lehet\u0151 legterm\u00e9szetesebb felt\u00e9teleket kell teremteni, \u00e9s a gomba mic\u00e9lium\u00e1t az utas\u00edt\u00e1soknak megfelel\u0151en kell haszn\u00e1lni. Megfelel\u0151 id\u0151j\u00e1r\u00e1si k\u00f6r\u00fclm\u00e9nyek eset\u00e9n viszonylag gyorsan pozit\u00edv eredm\u00e9nyeket lehet el\u00e9rni.<\/p>\n","protected":false},"featured_media":34937,"comment_status":"closed","ping_status":"closed","template":"","meta":[],"product_brand":[],"product_cat":[472,329],"product_tag":[],"class_list":{"0":"post-34936","1":"product","2":"type-product","3":"status-publish","4":"has-post-thumbnail","6":"product_cat-mycelium-es-szezonalis-termekek","7":"product_cat-zoldseg-vetomagok-egyeb-es-kulonleges-vetomagok","9":"first","10":"instock","11":"taxable","12":"shipping-taxable","13":"purchasable","14":"product-type-simple"},"_links":{"self":[{"href":"https:\/\/chilimag.hu\/webshop\/wp-json\/wp\/v2\/product\/34936","targetHints":{"allow":["GET"]}}],"collection":[{"href":"https:\/\/chilimag.hu\/webshop\/wp-json\/wp\/v2\/product"}],"about":[{"href":"https:\/\/chilimag.hu\/webshop\/wp-json\/wp\/v2\/types\/product"}],"replies":[{"embeddable":true,"href":"https:\/\/chilimag.hu\/webshop\/wp-json\/wp\/v2\/comments?post=34936"}],"wp:featuredmedia":[{"embeddable":true,"href":"https:\/\/chilimag.hu\/webshop\/wp-json\/wp\/v2\/media\/34937"}],"wp:attachment":[{"href":"https:\/\/chilimag.hu\/webshop\/wp-json\/wp\/v2\/media?parent=34936"}],"wp:term":[{"taxonomy":"product_brand","embeddable":true,"href":"https:\/\/chilimag.hu\/webshop\/wp-json\/wp\/v2\/product_brand?post=34936"},{"taxonomy":"product_cat","embeddable":true,"href":"https:\/\/chilimag.hu\/webshop\/wp-json\/wp\/v2\/product_cat?post=34936"},{"taxonomy":"product_tag","embeddable":true,"href":"https:\/\/chilimag.hu\/webshop\/wp-json\/wp\/v2\/product_tag?post=34936"}],"curies":[{"name":"wp","href":"https:\/\/api.w.org\/{rel}","templated":true}]}}