{"id":34849,"date":"2025-01-21T18:01:05","date_gmt":"2025-01-21T18:01:05","guid":{"rendered":"https:\/\/chilimag.hu\/webshop\/?post_type=product&#038;p=34849"},"modified":"2026-02-23T07:15:49","modified_gmt":"2026-02-23T07:15:49","slug":"centopercento-f1-paradicsom-sp","status":"publish","type":"product","link":"https:\/\/chilimag.hu\/webshop\/termek\/centopercento-f1-paradicsom-sp\/","title":{"rendered":"Centopercento F1 Paradicsom SP"},"content":{"rendered":"","protected":false},"excerpt":{"rendered":"<p><img decoding=\"async\" class=\"general_border\" src=\"https:\/\/seminteplante.ro\/img\/m\/259-brand_default.jpg\" alt=\"La Semiorto Sementi\" width=\"154\" height=\"70\" \/><\/p>\n<p>A Centopercento F1 egy \u00faj, &#8222;San Marzano&#8221; t\u00edpus\u00fa, hat\u00e1rozatlan n\u00f6veked\u00e9s\u0171, f\u00e9lkorai \u00e9r\u00e9s\u0171 paradicsomhibrid, amely v\u00e9dett helyen (\u00fcvegh\u00e1zak \u00e9s szol\u00e1riumok) \u00e9s szabadf\u00f6ld\u00f6n egyar\u00e1nt termeszthet\u0151.<\/p>\n<p>A hibrid n\u00f6v\u00e9nyek er\u0151teljesek, nagy term\u0151k\u00e9pess\u00e9ggel, \u00e1tlagos intern\u00f3diumt\u00e1vols\u00e1ggal \u00e9s koncentr\u00e1lt \u00e9r\u00e9ssel.<\/p>\n<p>Gy\u00fcm\u00f6lcsei \u00e9l\u00e9nkpirosak, ov\u00e1lis-hossz\u00fak\u00e1sak, &#8222;San Marzano&#8221; t\u00edpus\u00faak, kem\u00e9nyek, \u00e1tlagosan 90 grammos t\u00f6meg\u0171ek, \u00edz\u00fck a magas, k\u00f6r\u00fclbel\u00fcl 5-\u00f6s sz\u00e1razanyag-sz\u00e1zal\u00e9knak (BRIX) k\u00f6sz\u00f6nhet\u0151en nagyon \u00e9des. t\u00fal\u00e9retts\u00e9ggel szemben kiv\u00e1l\u00f3an ellen\u00e1ll\u00f3 gy\u00fcm\u00f6lcs\u00f6k.<\/p>\n<p>A Centopercento F1 alkalmas mind a friss fogyaszt\u00e1sra, mind az iparos\u00edt\u00e1sra (l\u00e9, h\u00fasleves vagy sz\u00e1r\u00edtott gy\u00fcm\u00f6lcs el\u0151\u00e1ll\u00edt\u00e1sa).<\/p>\n<p>A fent bemutatott el\u0151ny\u00f6k mellett a Centopercento F1 hibrid a betegs\u00e9gekkel szembeni ellen\u00e1ll\u00f3 k\u00e9pess\u00e9g kiv\u00e1l\u00f3 csomagj\u00e1t is bemutatja.<\/p>\n<p>Betegs\u00e9grezisztens (HR):<\/p>\n<p>V (Va\/Vd):0 &#8211; Verticillium dahliae (Vascularis sz\u00e1r\u00edt\u00e1s);<br \/>\nFol:0-1 &#8211; Fusarium oxysporum f sp. Lycopersici (\u00e9rrendszeri hervad\u00e1s);<br \/>\nTMV:0 &#8211; Tobacco Mosaic Virus (Tobacco Mosaic Virus);<br \/>\nToMV:0-2 &#8211; Paradicsommozaik v\u00edrus.<br \/>\nBetegs\u00e9g\u00e1ll\u00f3 (IR):<\/p>\n<p>M (Ma\/Mi\/Mj) &#8211; Meloidogyne arenaria\/incognita\/javanica (Fon\u00e1lf\u00e9rgek);<br \/>\nFor &#8211; Fusarium oxysporum f. sp. radicis-lycopersici (Gy\u00f6k\u00e9r vaszkul\u00e1ris hervad\u00e1s).<\/p>\n<p>&nbsp;<\/p>\n","protected":false},"featured_media":34850,"comment_status":"closed","ping_status":"closed","template":"","meta":[],"product_brand":[],"product_cat":[10],"product_tag":[],"class_list":{"0":"post-34849","1":"product","2":"type-product","3":"status-publish","4":"has-post-thumbnail","6":"product_cat-paradicsom","8":"first","9":"instock","10":"taxable","11":"shipping-taxable","12":"purchasable","13":"product-type-simple"},"_links":{"self":[{"href":"https:\/\/chilimag.hu\/webshop\/wp-json\/wp\/v2\/product\/34849","targetHints":{"allow":["GET"]}}],"collection":[{"href":"https:\/\/chilimag.hu\/webshop\/wp-json\/wp\/v2\/product"}],"about":[{"href":"https:\/\/chilimag.hu\/webshop\/wp-json\/wp\/v2\/types\/product"}],"replies":[{"embeddable":true,"href":"https:\/\/chilimag.hu\/webshop\/wp-json\/wp\/v2\/comments?post=34849"}],"wp:featuredmedia":[{"embeddable":true,"href":"https:\/\/chilimag.hu\/webshop\/wp-json\/wp\/v2\/media\/34850"}],"wp:attachment":[{"href":"https:\/\/chilimag.hu\/webshop\/wp-json\/wp\/v2\/media?parent=34849"}],"wp:term":[{"taxonomy":"product_brand","embeddable":true,"href":"https:\/\/chilimag.hu\/webshop\/wp-json\/wp\/v2\/product_brand?post=34849"},{"taxonomy":"product_cat","embeddable":true,"href":"https:\/\/chilimag.hu\/webshop\/wp-json\/wp\/v2\/product_cat?post=34849"},{"taxonomy":"product_tag","embeddable":true,"href":"https:\/\/chilimag.hu\/webshop\/wp-json\/wp\/v2\/product_tag?post=34849"}],"curies":[{"name":"wp","href":"https:\/\/api.w.org\/{rel}","templated":true}]}}