{"id":34846,"date":"2025-01-21T17:54:35","date_gmt":"2025-01-21T17:54:35","guid":{"rendered":"https:\/\/chilimag.hu\/webshop\/?post_type=product&#038;p=34846"},"modified":"2026-02-14T12:55:52","modified_gmt":"2026-02-14T12:55:52","slug":"masaniello-po9461-f1-paradicsom","status":"publish","type":"product","link":"https:\/\/chilimag.hu\/webshop\/termek\/masaniello-po9461-f1-paradicsom\/","title":{"rendered":"Masaniello (PO9461) F1 Paradicsom SP"},"content":{"rendered":"","protected":false},"excerpt":{"rendered":"<p><img decoding=\"async\" class=\"general_border\" src=\"https:\/\/seminteplante.ro\/img\/m\/259-brand_default.jpg\" alt=\"La Semiorto Sementi\" width=\"154\" height=\"70\" \/><\/p>\n<p>&nbsp;<\/p>\n<p>A Masaniello F1 a Semiorto Sementi &#8222;San Marzano&#8221; t\u00edpus\u00fa indetermin\u00e1ns paradicsomhibridje, amely a speci\u00e1lis term\u00e9kcsal\u00e1d r\u00e9sze, v\u00e9dett k\u00f6rnyezetben termeszthet\u0151, de k\u00fclt\u00e9ren is t\u00f6k\u00e9letesen alkalmazkodik.<\/p>\n<p>A n\u00f6v\u00e9nyek er\u0151teljesek, nagy term\u0151k\u00e9pess\u00e9g\u0171ek, k\u00f6z\u00e9pkorai \u00e9r\u00e9s\u0171ek.<\/p>\n<p>A hibrid term\u00e9sei ov\u00e1lisan megny\u00faltak, s\u00e1rga sz\u00edn\u0171ek, \u00e1tlagosan 120-130 grammos t\u00f6meg\u0171ek, k\u00fcl\u00f6n\u00f6sen friss fogyaszt\u00e1sra \u00e9s a min\u0151s\u00e9gi term\u00e9keket keres\u0151 piacokra sz\u00e1nj\u00e1k.<\/p>\n<p>A fent bemutatott el\u0151ny\u00f6k\u00f6n t\u00fal ez a paradicsomhibrid kiv\u00e1l\u00f3 betegs\u00e9gekkel \u00e9s k\u00e1rtev\u0151kkel szembeni ellen\u00e1ll\u00f3 k\u00e9pess\u00e9ggel is rendelkezik.<\/p>\n<p>Ellen\u00e1ll\u00e1sok (HR):<\/p>\n<p>Ma, Mi &#8211; Meloidogyne arenaria, incognita (Fonalomf\u00e9rgek).<br \/>\nEllen\u00e1ll\u00e1sok (IR):<\/p>\n<p>Va:0, Vd:0 &#8211; Verticilium dahliae (Vascularis sz\u00e1r\u00edt\u00e1s);<br \/>\nFol:0,1 &#8211; Fusarium oxysporum f. sp. lycopersici (Fusarium).<\/p>\n","protected":false},"featured_media":34847,"comment_status":"closed","ping_status":"closed","template":"","meta":[],"product_brand":[],"product_cat":[10],"product_tag":[],"class_list":{"0":"post-34846","1":"product","2":"type-product","3":"status-publish","4":"has-post-thumbnail","6":"product_cat-paradicsom","8":"first","9":"instock","10":"taxable","11":"shipping-taxable","12":"purchasable","13":"product-type-simple"},"_links":{"self":[{"href":"https:\/\/chilimag.hu\/webshop\/wp-json\/wp\/v2\/product\/34846","targetHints":{"allow":["GET"]}}],"collection":[{"href":"https:\/\/chilimag.hu\/webshop\/wp-json\/wp\/v2\/product"}],"about":[{"href":"https:\/\/chilimag.hu\/webshop\/wp-json\/wp\/v2\/types\/product"}],"replies":[{"embeddable":true,"href":"https:\/\/chilimag.hu\/webshop\/wp-json\/wp\/v2\/comments?post=34846"}],"wp:featuredmedia":[{"embeddable":true,"href":"https:\/\/chilimag.hu\/webshop\/wp-json\/wp\/v2\/media\/34847"}],"wp:attachment":[{"href":"https:\/\/chilimag.hu\/webshop\/wp-json\/wp\/v2\/media?parent=34846"}],"wp:term":[{"taxonomy":"product_brand","embeddable":true,"href":"https:\/\/chilimag.hu\/webshop\/wp-json\/wp\/v2\/product_brand?post=34846"},{"taxonomy":"product_cat","embeddable":true,"href":"https:\/\/chilimag.hu\/webshop\/wp-json\/wp\/v2\/product_cat?post=34846"},{"taxonomy":"product_tag","embeddable":true,"href":"https:\/\/chilimag.hu\/webshop\/wp-json\/wp\/v2\/product_tag?post=34846"}],"curies":[{"name":"wp","href":"https:\/\/api.w.org\/{rel}","templated":true}]}}