{"id":34823,"date":"2025-01-21T05:54:37","date_gmt":"2025-01-21T05:54:37","guid":{"rendered":"https:\/\/chilimag.hu\/webshop\/?post_type=product&#038;p=34823"},"modified":"2025-08-11T12:17:56","modified_gmt":"2025-08-11T12:17:56","slug":"berrybitte-paradicsom-sp","status":"publish","type":"product","link":"https:\/\/chilimag.hu\/webshop\/termek\/berrybitte-paradicsom-sp\/","title":{"rendered":"BerryBitte F1 Paradicsom SP"},"content":{"rendered":"","protected":false},"excerpt":{"rendered":"<p><img decoding=\"async\" class=\"general_border\" src=\"https:\/\/seminteplante.ro\/img\/m\/282-brand_default.jpg\" alt=\"NongWoo Bio\" width=\"154\" height=\"70\" \/><\/p>\n<p>A BerryBite F1 egy paradicsom hibrid a Nongwoo Bio term\u00e9kcsal\u00e1db\u00f3l, hat\u00e1rozatlan n\u00f6veked\u00e9s\u0171 a cseresznye t\u00edpuson, alkalmas v\u00e9dett helyeken t\u00f6rt\u00e9n\u0151 teny\u00e9szt\u00e9sre, mind a kle\u00f3z rendszerben, mind a talajon, mind a hidroponikus rendszerben, hossz\u00fa teny\u00e9szt\u00e9si ciklusokon.<\/p>\n<p>A n\u00f6v\u00e9nyek er\u0151teljes n\u00f6veked\u00e9s\u0171ek, a csom\u00f3pontok k\u00f6z\u00f6tti t\u00e1vols\u00e1g r\u00f6vid, \u00e9s b\u0151s\u00e9ges a term\u00e9s.<\/p>\n<p>A BerryBite F1 \u00edzletes, kem\u00e9ny \u00e9s nagyon \u00e9des, \u00e9l\u00e9nkpiros, sz\u00edv alak\u00fa gy\u00fcm\u00f6lcs\u00f6ket hoz, amelyek \u00e1tlagos t\u00f6mege el\u00e9rheti a 20-24 grammot, \u00e9s f\u00fcrtenk\u00e9nt 20-25 darabot tesznek ki.<\/p>\n<p>A hibrid alkalmas mind a f\u00fcrt\u00f6kben t\u00f6rt\u00e9n\u0151 betakar\u00edt\u00e1sra, mind a gy\u00fcm\u00f6lcsenk\u00e9nt, rakott \u00e9telekre.<\/p>\n<p>A fent bemutatott el\u0151ny\u00f6k mellett a BerryBite F1 paradicsomhibrid kiv\u00e1l\u00f3 betegs\u00e9gekkel szembeni ellen\u00e1ll\u00f3 k\u00e9pess\u00e9ggel is rendelkezik.<\/p>\n<p>Betegs\u00e9grezisztens (HR):<\/p>\n<p>TSWV \u2013 Tomato Spotted Wilt Virus;<br \/>\nPi &#8211; Phytophthora infestans (paradicsomr\u00fch);<br \/>\nPst &#8211; Pseudomonas syringae pv. paradicsom 0 (Pultul\u00e1ris foltosod\u00e1s\/bakteri\u00f3zis);<br \/>\nTYLCV (TY2) &#8211; Paradicsom s\u00e1rga lev\u00e9lg\u00f6nd\u00f6r v\u00edrus;<br \/>\nFf \u2013 Cladosporium fulvum (Tawny folt).<br \/>\nBetegs\u00e9g\u00e1ll\u00f3 (IR):<\/p>\n<p>ToMV &#8211; Paradicsom mozaik v\u00edrus.<\/p>\n<p>&nbsp;<\/p>\n","protected":false},"featured_media":34824,"comment_status":"closed","ping_status":"closed","template":"","meta":[],"product_brand":[],"product_cat":[10],"product_tag":[],"class_list":{"0":"post-34823","1":"product","2":"type-product","3":"status-publish","4":"has-post-thumbnail","6":"product_cat-paradicsom","8":"first","9":"instock","10":"taxable","11":"shipping-taxable","12":"purchasable","13":"product-type-simple"},"_links":{"self":[{"href":"https:\/\/chilimag.hu\/webshop\/wp-json\/wp\/v2\/product\/34823","targetHints":{"allow":["GET"]}}],"collection":[{"href":"https:\/\/chilimag.hu\/webshop\/wp-json\/wp\/v2\/product"}],"about":[{"href":"https:\/\/chilimag.hu\/webshop\/wp-json\/wp\/v2\/types\/product"}],"replies":[{"embeddable":true,"href":"https:\/\/chilimag.hu\/webshop\/wp-json\/wp\/v2\/comments?post=34823"}],"wp:featuredmedia":[{"embeddable":true,"href":"https:\/\/chilimag.hu\/webshop\/wp-json\/wp\/v2\/media\/34824"}],"wp:attachment":[{"href":"https:\/\/chilimag.hu\/webshop\/wp-json\/wp\/v2\/media?parent=34823"}],"wp:term":[{"taxonomy":"product_brand","embeddable":true,"href":"https:\/\/chilimag.hu\/webshop\/wp-json\/wp\/v2\/product_brand?post=34823"},{"taxonomy":"product_cat","embeddable":true,"href":"https:\/\/chilimag.hu\/webshop\/wp-json\/wp\/v2\/product_cat?post=34823"},{"taxonomy":"product_tag","embeddable":true,"href":"https:\/\/chilimag.hu\/webshop\/wp-json\/wp\/v2\/product_tag?post=34823"}],"curies":[{"name":"wp","href":"https:\/\/api.w.org\/{rel}","templated":true}]}}