{"id":34815,"date":"2025-01-20T19:53:34","date_gmt":"2025-01-20T19:53:34","guid":{"rendered":"https:\/\/chilimag.hu\/webshop\/?post_type=product&#038;p=34815"},"modified":"2026-03-03T07:14:34","modified_gmt":"2026-03-03T07:14:34","slug":"piccante-giallo-sp","status":"publish","type":"product","link":"https:\/\/chilimag.hu\/webshop\/termek\/piccante-giallo-sp\/","title":{"rendered":"Piccante Giallo S-P"},"content":{"rendered":"","protected":false},"excerpt":{"rendered":"<p><img decoding=\"async\" class=\"general_border\" src=\"https:\/\/seminteplante.ro\/img\/m\/259-brand_default.jpg\" alt=\"La Semiorto Sementi\" width=\"154\" height=\"70\" \/><\/p>\n<p>A Piccante Giallo fajta egy olasz cs\u00edp\u0151s paprika, s\u00e1rga sz\u00edn\u0171 \u00e9s nagyon term\u00e9keny. Hossz\u00fas\u00e1guk el\u00e9rheti a 10-12 centim\u00e9tert.<\/p>\n<p>Gy\u00fcm\u00f6lcsei eleinte vil\u00e1gosz\u00f6ldek, \u00e9retten s\u00e1rg\u00e1k.<\/p>\n<p>A lombozat j\u00f3l fejlett, a n\u00f6v\u00e9nyek er\u0151teljesek.<\/p>\n<p>A fajta tavaszi-ny\u00e1ri n\u00f6v\u00e9nyek termeszt\u00e9s\u00e9re szolg\u00e1l v\u00e9dett ter\u00fcleteken \u00e9s ny\u00e1ri-\u0151szi kult\u00far\u00e1k ny\u00edlt ter\u00fcleteken.<\/p>\n<p>A csomag 10 szem magot tartalmaz<\/p>\n","protected":false},"featured_media":34816,"comment_status":"closed","ping_status":"closed","template":"","meta":[],"product_brand":[],"product_cat":[8],"product_tag":[],"class_list":{"0":"post-34815","1":"product","2":"type-product","3":"status-publish","4":"has-post-thumbnail","6":"product_cat-paprika","8":"first","9":"instock","10":"taxable","11":"shipping-taxable","12":"purchasable","13":"product-type-simple"},"_links":{"self":[{"href":"https:\/\/chilimag.hu\/webshop\/wp-json\/wp\/v2\/product\/34815","targetHints":{"allow":["GET"]}}],"collection":[{"href":"https:\/\/chilimag.hu\/webshop\/wp-json\/wp\/v2\/product"}],"about":[{"href":"https:\/\/chilimag.hu\/webshop\/wp-json\/wp\/v2\/types\/product"}],"replies":[{"embeddable":true,"href":"https:\/\/chilimag.hu\/webshop\/wp-json\/wp\/v2\/comments?post=34815"}],"wp:featuredmedia":[{"embeddable":true,"href":"https:\/\/chilimag.hu\/webshop\/wp-json\/wp\/v2\/media\/34816"}],"wp:attachment":[{"href":"https:\/\/chilimag.hu\/webshop\/wp-json\/wp\/v2\/media?parent=34815"}],"wp:term":[{"taxonomy":"product_brand","embeddable":true,"href":"https:\/\/chilimag.hu\/webshop\/wp-json\/wp\/v2\/product_brand?post=34815"},{"taxonomy":"product_cat","embeddable":true,"href":"https:\/\/chilimag.hu\/webshop\/wp-json\/wp\/v2\/product_cat?post=34815"},{"taxonomy":"product_tag","embeddable":true,"href":"https:\/\/chilimag.hu\/webshop\/wp-json\/wp\/v2\/product_tag?post=34815"}],"curies":[{"name":"wp","href":"https:\/\/api.w.org\/{rel}","templated":true}]}}