{"id":34698,"date":"2025-01-16T05:52:16","date_gmt":"2025-01-16T05:52:16","guid":{"rendered":"https:\/\/chilimag.hu\/webshop\/?post_type=product&#038;p=34698"},"modified":"2025-04-05T17:02:41","modified_gmt":"2025-04-05T17:02:41","slug":"talajstabilizalo-kokuszrost-tekercs-50-x-150-cm-bph180","status":"publish","type":"product","link":"https:\/\/chilimag.hu\/webshop\/termek\/talajstabilizalo-kokuszrost-tekercs-50-x-150-cm-bph180\/","title":{"rendered":"Talajstabiliz\u00e1l\u00f3 k\u00f3kuszrost tekercs, 50 x 150 cm BPH180"},"content":{"rendered":"","protected":false},"excerpt":{"rendered":"<div id=\"myread-more\" class=\"myread-more openedmyread\">\n<div class=\"myread-more__content \">Talajstabiliz\u00e1l\u00f3 k\u00f3kuszrost tekercs, 50 x 150 cm. A k\u00f3kuszrost tekercs haszn\u00e1lat\u00e1val sok id\u0151t takar\u00edthatsz meg a kertben. A f\u00f6ldlaz\u00edt\u00e1s \u00e9s a gyoml\u00e1l\u00e1s a m\u00falt\u00e9, az \u00f6nt\u00f6z\u00e9si id\u0151 pedig a fel\u00e9re cs\u00f6kkenthet\u0151. Kezd\u0151 kert\u00e9szk\u00e9nt is nagyon k\u00f6nnyen telep\u00edthet\u0151. A legfontosabb, amire oda kell figyeln\u00fcnk, hogy a n\u00f6v\u00e9ny n\u00f6veked\u00e9s\u00e9vel a k\u00f3kusz mulcson tal\u00e1lhat\u00f3 lyuk m\u00e9ret\u00e9t ennek megfelel\u0151en kell kialak\u00edtani.<\/div>\n<\/div>\n","protected":false},"featured_media":34699,"comment_status":"closed","ping_status":"closed","template":"","meta":[],"product_brand":[],"product_cat":[338],"product_tag":[],"class_list":{"0":"post-34698","1":"product","2":"type-product","3":"status-publish","4":"has-post-thumbnail","6":"product_cat-talajtakarok-es-foliak","8":"first","9":"instock","10":"taxable","11":"shipping-taxable","12":"purchasable","13":"product-type-simple"},"_links":{"self":[{"href":"https:\/\/chilimag.hu\/webshop\/wp-json\/wp\/v2\/product\/34698","targetHints":{"allow":["GET"]}}],"collection":[{"href":"https:\/\/chilimag.hu\/webshop\/wp-json\/wp\/v2\/product"}],"about":[{"href":"https:\/\/chilimag.hu\/webshop\/wp-json\/wp\/v2\/types\/product"}],"replies":[{"embeddable":true,"href":"https:\/\/chilimag.hu\/webshop\/wp-json\/wp\/v2\/comments?post=34698"}],"wp:featuredmedia":[{"embeddable":true,"href":"https:\/\/chilimag.hu\/webshop\/wp-json\/wp\/v2\/media\/34699"}],"wp:attachment":[{"href":"https:\/\/chilimag.hu\/webshop\/wp-json\/wp\/v2\/media?parent=34698"}],"wp:term":[{"taxonomy":"product_brand","embeddable":true,"href":"https:\/\/chilimag.hu\/webshop\/wp-json\/wp\/v2\/product_brand?post=34698"},{"taxonomy":"product_cat","embeddable":true,"href":"https:\/\/chilimag.hu\/webshop\/wp-json\/wp\/v2\/product_cat?post=34698"},{"taxonomy":"product_tag","embeddable":true,"href":"https:\/\/chilimag.hu\/webshop\/wp-json\/wp\/v2\/product_tag?post=34698"}],"curies":[{"name":"wp","href":"https:\/\/api.w.org\/{rel}","templated":true}]}}