{"id":34694,"date":"2025-01-16T05:35:39","date_gmt":"2025-01-16T05:35:39","guid":{"rendered":"https:\/\/chilimag.hu\/webshop\/?post_type=product&#038;p=34694"},"modified":"2025-01-25T09:29:14","modified_gmt":"2025-01-25T09:29:14","slug":"lucerna-holyna-5-kg-rk","status":"publish","type":"product","link":"https:\/\/chilimag.hu\/webshop\/termek\/lucerna-holyna-5-kg-rk\/","title":{"rendered":"Lucerna Holyna 5 kg RK"},"content":{"rendered":"","protected":false},"excerpt":{"rendered":"<p>H\u00e1zi\u00e1llatainknak feh\u00e9rjed\u00fas sz\u00e1lastakarm\u00e1ny termeszt\u00e9sre \u00e9s a talaj term\u00e9szetes \u00faton t\u00f6rt\u00e9n\u0151 jav\u00edt\u00e1sra. Jelent\u0151s nitrog\u00e9nt hagy vissza a talajban, gazdag gy\u00f6k\u00e9rzet\u00e9vel n\u00f6veli a talaj szervesanyag-tartalm\u00e1t. Fokozza az ut\u00e1na vetett z\u00f6lds\u00e9gek \u00e9s vir\u00e1gok term\u00e9shozam\u00e1t \u00e9s min\u0151s\u00e9g\u00e9t.<\/p>\n","protected":false},"featured_media":34695,"comment_status":"closed","ping_status":"closed","template":"","meta":[],"product_brand":[],"product_cat":[471],"product_tag":[],"class_list":{"0":"post-34694","1":"product","2":"type-product","3":"status-publish","4":"has-post-thumbnail","6":"product_cat-fu-es-mezogazdasagi-vetomagok","8":"first","9":"instock","10":"taxable","11":"shipping-taxable","12":"purchasable","13":"product-type-simple"},"_links":{"self":[{"href":"https:\/\/chilimag.hu\/webshop\/wp-json\/wp\/v2\/product\/34694","targetHints":{"allow":["GET"]}}],"collection":[{"href":"https:\/\/chilimag.hu\/webshop\/wp-json\/wp\/v2\/product"}],"about":[{"href":"https:\/\/chilimag.hu\/webshop\/wp-json\/wp\/v2\/types\/product"}],"replies":[{"embeddable":true,"href":"https:\/\/chilimag.hu\/webshop\/wp-json\/wp\/v2\/comments?post=34694"}],"wp:featuredmedia":[{"embeddable":true,"href":"https:\/\/chilimag.hu\/webshop\/wp-json\/wp\/v2\/media\/34695"}],"wp:attachment":[{"href":"https:\/\/chilimag.hu\/webshop\/wp-json\/wp\/v2\/media?parent=34694"}],"wp:term":[{"taxonomy":"product_brand","embeddable":true,"href":"https:\/\/chilimag.hu\/webshop\/wp-json\/wp\/v2\/product_brand?post=34694"},{"taxonomy":"product_cat","embeddable":true,"href":"https:\/\/chilimag.hu\/webshop\/wp-json\/wp\/v2\/product_cat?post=34694"},{"taxonomy":"product_tag","embeddable":true,"href":"https:\/\/chilimag.hu\/webshop\/wp-json\/wp\/v2\/product_tag?post=34694"}],"curies":[{"name":"wp","href":"https:\/\/api.w.org\/{rel}","templated":true}]}}