{"id":34690,"date":"2025-01-16T05:23:03","date_gmt":"2025-01-16T05:23:03","guid":{"rendered":"https:\/\/chilimag.hu\/webshop\/?post_type=product&#038;p=34690"},"modified":"2025-08-18T08:46:58","modified_gmt":"2025-08-18T08:46:58","slug":"foldi-cseresznye-physalis-rk","status":"publish","type":"product","link":"https:\/\/chilimag.hu\/webshop\/termek\/foldi-cseresznye-physalis-rk\/","title":{"rendered":"F\u00f6ldi cseresznye Physalis  RK"},"content":{"rendered":"","protected":false},"excerpt":{"rendered":"<p>Minden\u00fctt nevelhet\u0151, ahol a paradicsom. Egy n\u00f6v\u00e9ny 50-60-n\u00e1l is t\u00f6bb bogy\u00f3t hozhat. A s\u00e1rga, cseresznye m\u00e9ret\u0171 gy\u00fcm\u00f6lcs\u00f6k kis lampionok belsej\u00e9ben fejl\u0151dnek, anan\u00e1sz \u00edz\u0171ek. Aikor a lampionok megsz\u00e1radnak \u00e9s k\u00f6nnyen lev\u00e1lnak a n\u00f6v\u00e9nyr\u0151l, akkor \u00e9rettek. Az \u00e9retlen, z\u00f6ld gy\u00fcm\u00f6lcs m\u00e9rgez\u0151! Tipp: H\u0171t\u0151szekr\u00e9nyben +7\u00b0C k\u00f6r\u00fcl kar\u00e1csonyig eltarthat\u00f3 \u00e9s a h\u0171t\u00e9s k\u00f6zben zamata m\u00e9g fokoz\u00f3dik.<\/p>\n<p>A csomag 0,25 gr magot tartalmaz<\/p>\n","protected":false},"featured_media":34691,"comment_status":"closed","ping_status":"closed","template":"","meta":[],"product_brand":[],"product_cat":[425],"product_tag":[],"class_list":{"0":"post-34690","1":"product","2":"type-product","3":"status-publish","4":"has-post-thumbnail","6":"product_cat-gyumolcs-es-kukorica-vetomagok-redei-kertimag","8":"first","9":"outofstock","10":"taxable","11":"shipping-taxable","12":"purchasable","13":"product-type-simple"},"_links":{"self":[{"href":"https:\/\/chilimag.hu\/webshop\/wp-json\/wp\/v2\/product\/34690","targetHints":{"allow":["GET"]}}],"collection":[{"href":"https:\/\/chilimag.hu\/webshop\/wp-json\/wp\/v2\/product"}],"about":[{"href":"https:\/\/chilimag.hu\/webshop\/wp-json\/wp\/v2\/types\/product"}],"replies":[{"embeddable":true,"href":"https:\/\/chilimag.hu\/webshop\/wp-json\/wp\/v2\/comments?post=34690"}],"wp:featuredmedia":[{"embeddable":true,"href":"https:\/\/chilimag.hu\/webshop\/wp-json\/wp\/v2\/media\/34691"}],"wp:attachment":[{"href":"https:\/\/chilimag.hu\/webshop\/wp-json\/wp\/v2\/media?parent=34690"}],"wp:term":[{"taxonomy":"product_brand","embeddable":true,"href":"https:\/\/chilimag.hu\/webshop\/wp-json\/wp\/v2\/product_brand?post=34690"},{"taxonomy":"product_cat","embeddable":true,"href":"https:\/\/chilimag.hu\/webshop\/wp-json\/wp\/v2\/product_cat?post=34690"},{"taxonomy":"product_tag","embeddable":true,"href":"https:\/\/chilimag.hu\/webshop\/wp-json\/wp\/v2\/product_tag?post=34690"}],"curies":[{"name":"wp","href":"https:\/\/api.w.org\/{rel}","templated":true}]}}