{"id":34684,"date":"2025-01-16T04:29:08","date_gmt":"2025-01-16T04:29:08","guid":{"rendered":"https:\/\/chilimag.hu\/webshop\/?post_type=product&#038;p=34684"},"modified":"2026-02-21T13:49:05","modified_gmt":"2026-02-21T13:49:05","slug":"kakukkfu-kolostorok-gyogynovenye-pannon-rk","status":"publish","type":"product","link":"https:\/\/chilimag.hu\/webshop\/termek\/kakukkfu-kolostorok-gyogynovenye-pannon-rk\/","title":{"rendered":"Kakukkf\u0171 Kolostorok gy\u00f3gyn\u00f6v\u00e9nye Pannon RK"},"content":{"rendered":"","protected":false},"excerpt":{"rendered":"<p>Kellemes illat\u00fa 25-30 cm magas, k\u00fasz\u00f3 f\u00e9lcserje. R\u00f3zsasz\u00ednes vir\u00e1gai m\u00e1jus-j\u00faniusban ny\u00edlnak. M\u00e1sodik \u00e9vt\u0151l szedj\u00fck vir\u00e1gos sz\u00e1r\u00e1t. F\u0171szerk\u00e9nt sal\u00e1t\u00e1khoz, levesekhez, h\u00fasokhoz haszn\u00e1lhatjuk. Tea f\u0151zete, sz\u00e9lhajt\u00f3, \u00e9tv\u00e1gyjav\u00edt\u00f3 \u00e9s k\u00f6h\u00f6g\u00e9scsillap\u00edt\u00f3.<\/p>\n<p>A csomag 1 gr magot tartalmaz<\/p>\n","protected":false},"featured_media":34685,"comment_status":"closed","ping_status":"closed","template":"","meta":[],"product_brand":[],"product_cat":[424],"product_tag":[],"class_list":{"0":"post-34684","1":"product","2":"type-product","3":"status-publish","4":"has-post-thumbnail","6":"product_cat-fuszer-es-gyogynoveny-vetomagok-redei-kertimag","8":"first","9":"instock","10":"taxable","11":"shipping-taxable","12":"purchasable","13":"product-type-simple"},"_links":{"self":[{"href":"https:\/\/chilimag.hu\/webshop\/wp-json\/wp\/v2\/product\/34684","targetHints":{"allow":["GET"]}}],"collection":[{"href":"https:\/\/chilimag.hu\/webshop\/wp-json\/wp\/v2\/product"}],"about":[{"href":"https:\/\/chilimag.hu\/webshop\/wp-json\/wp\/v2\/types\/product"}],"replies":[{"embeddable":true,"href":"https:\/\/chilimag.hu\/webshop\/wp-json\/wp\/v2\/comments?post=34684"}],"wp:featuredmedia":[{"embeddable":true,"href":"https:\/\/chilimag.hu\/webshop\/wp-json\/wp\/v2\/media\/34685"}],"wp:attachment":[{"href":"https:\/\/chilimag.hu\/webshop\/wp-json\/wp\/v2\/media?parent=34684"}],"wp:term":[{"taxonomy":"product_brand","embeddable":true,"href":"https:\/\/chilimag.hu\/webshop\/wp-json\/wp\/v2\/product_brand?post=34684"},{"taxonomy":"product_cat","embeddable":true,"href":"https:\/\/chilimag.hu\/webshop\/wp-json\/wp\/v2\/product_cat?post=34684"},{"taxonomy":"product_tag","embeddable":true,"href":"https:\/\/chilimag.hu\/webshop\/wp-json\/wp\/v2\/product_tag?post=34684"}],"curies":[{"name":"wp","href":"https:\/\/api.w.org\/{rel}","templated":true}]}}