{"id":34680,"date":"2025-01-16T04:24:21","date_gmt":"2025-01-16T04:24:21","guid":{"rendered":"https:\/\/chilimag.hu\/webshop\/?post_type=product&#038;p=34680"},"modified":"2026-04-20T16:51:55","modified_gmt":"2026-04-20T16:51:55","slug":"citromfu-kolostorok-gyogynovenye-pannon-rk","status":"publish","type":"product","link":"https:\/\/chilimag.hu\/webshop\/termek\/citromfu-kolostorok-gyogynovenye-pannon-rk\/","title":{"rendered":"Citromf\u0171 Kolostorok gy\u00f3gyn\u00f6v\u00e9nye Pannon RK"},"content":{"rendered":"","protected":false},"excerpt":{"rendered":"<p>Kellemes illat\u00fa 50-80 cm magas f\u00e9lcserje, K\u00edv\u00e1l\u00f3 m\u00e9hlegel\u0151. Sz\u00e1razs\u00e1gt\u0171r\u0151. Friss leveleit szedj\u00fck. F\u0171szerk\u00e9nt sal\u00e1t\u00e1khoz, levesekhez, s\u00fctem\u00e9nyekhez haszn\u00e1ljuk. Te\u00e1ja idegnyugtat\u00f3, em\u00e9szt\u00e9st serkent\u0151, k\u00fcls\u0151leg borogat\u00f3szer.<\/p>\n<p>A csomag 1 gr magot tartalmaz<\/p>\n","protected":false},"featured_media":34681,"comment_status":"closed","ping_status":"closed","template":"","meta":[],"product_brand":[],"product_cat":[424],"product_tag":[],"class_list":{"0":"post-34680","1":"product","2":"type-product","3":"status-publish","4":"has-post-thumbnail","6":"product_cat-fuszer-es-gyogynoveny-vetomagok-redei-kertimag","8":"first","9":"outofstock","10":"taxable","11":"shipping-taxable","12":"purchasable","13":"product-type-simple"},"_links":{"self":[{"href":"https:\/\/chilimag.hu\/webshop\/wp-json\/wp\/v2\/product\/34680","targetHints":{"allow":["GET"]}}],"collection":[{"href":"https:\/\/chilimag.hu\/webshop\/wp-json\/wp\/v2\/product"}],"about":[{"href":"https:\/\/chilimag.hu\/webshop\/wp-json\/wp\/v2\/types\/product"}],"replies":[{"embeddable":true,"href":"https:\/\/chilimag.hu\/webshop\/wp-json\/wp\/v2\/comments?post=34680"}],"wp:featuredmedia":[{"embeddable":true,"href":"https:\/\/chilimag.hu\/webshop\/wp-json\/wp\/v2\/media\/34681"}],"wp:attachment":[{"href":"https:\/\/chilimag.hu\/webshop\/wp-json\/wp\/v2\/media?parent=34680"}],"wp:term":[{"taxonomy":"product_brand","embeddable":true,"href":"https:\/\/chilimag.hu\/webshop\/wp-json\/wp\/v2\/product_brand?post=34680"},{"taxonomy":"product_cat","embeddable":true,"href":"https:\/\/chilimag.hu\/webshop\/wp-json\/wp\/v2\/product_cat?post=34680"},{"taxonomy":"product_tag","embeddable":true,"href":"https:\/\/chilimag.hu\/webshop\/wp-json\/wp\/v2\/product_tag?post=34680"}],"curies":[{"name":"wp","href":"https:\/\/api.w.org\/{rel}","templated":true}]}}