{"id":34670,"date":"2025-01-15T20:24:09","date_gmt":"2025-01-15T20:24:09","guid":{"rendered":"https:\/\/chilimag.hu\/webshop\/?post_type=product&#038;p=34670"},"modified":"2026-03-20T14:17:09","modified_gmt":"2026-03-20T14:17:09","slug":"borso-dbr-korai-pannon-rk","status":"publish","type":"product","link":"https:\/\/chilimag.hu\/webshop\/termek\/borso-dbr-korai-pannon-rk\/","title":{"rendered":"Bors\u00f3 Dbr. Korai Pannon RK"},"content":{"rendered":"","protected":false},"excerpt":{"rendered":"<p>Vel\u0151bors\u00f3\u00a0Tetszet\u0151s h\u00fcvely\u0171 korai h\u00e1zikerti fajta. A h\u00fcvelyek s\u00f6t\u00e9tz\u00f6ld sz\u00edn\u0171ek enyh\u00e9n hajlottak, hossz\u00faak, benne 8-9 db s\u00f6t\u00e9tz\u00f6ld sz\u00edn\u0171 9-11 mm-es maggal. T\u00f6bbsz\u00f6ri szakaszos vet\u00e9sre, friss fogyaszt\u00e1sra kiv\u00e1l\u00f3an alkalmas. A kikelt magvet\u00e9st miel\u0151bb kap\u00e1ljuk meg, hogy a talaj felsz\u00edne porhany\u00f3s, a leveg\u0151t \u00e1tereszt\u0151 \u00e9s vizet befogad\u00f3 legyen. A vir\u00e1gz\u00e1s, illetve a h\u00fcvelyk\u00e9pz\u0151d\u00e9s id\u0151szak\u00e1ban t\u00f6rt\u00e9n\u0151 \u00f6nt\u00f6z\u00e9s eset\u00e9n b\u0151s\u00e9ges h\u00fcvelyhozamra sz\u00e1m\u00edthatunk.<\/p>\n<p>A csomag 250 gr magot tartalmaz<\/p>\n","protected":false},"featured_media":34671,"comment_status":"closed","ping_status":"closed","template":"","meta":[],"product_brand":[],"product_cat":[427],"product_tag":[],"class_list":{"0":"post-34670","1":"product","2":"type-product","3":"status-publish","4":"has-post-thumbnail","6":"product_cat-huvelyesek-vetomagok-redei-kertimag","8":"first","9":"instock","10":"taxable","11":"shipping-taxable","12":"purchasable","13":"product-type-simple"},"_links":{"self":[{"href":"https:\/\/chilimag.hu\/webshop\/wp-json\/wp\/v2\/product\/34670","targetHints":{"allow":["GET"]}}],"collection":[{"href":"https:\/\/chilimag.hu\/webshop\/wp-json\/wp\/v2\/product"}],"about":[{"href":"https:\/\/chilimag.hu\/webshop\/wp-json\/wp\/v2\/types\/product"}],"replies":[{"embeddable":true,"href":"https:\/\/chilimag.hu\/webshop\/wp-json\/wp\/v2\/comments?post=34670"}],"wp:featuredmedia":[{"embeddable":true,"href":"https:\/\/chilimag.hu\/webshop\/wp-json\/wp\/v2\/media\/34671"}],"wp:attachment":[{"href":"https:\/\/chilimag.hu\/webshop\/wp-json\/wp\/v2\/media?parent=34670"}],"wp:term":[{"taxonomy":"product_brand","embeddable":true,"href":"https:\/\/chilimag.hu\/webshop\/wp-json\/wp\/v2\/product_brand?post=34670"},{"taxonomy":"product_cat","embeddable":true,"href":"https:\/\/chilimag.hu\/webshop\/wp-json\/wp\/v2\/product_cat?post=34670"},{"taxonomy":"product_tag","embeddable":true,"href":"https:\/\/chilimag.hu\/webshop\/wp-json\/wp\/v2\/product_tag?post=34670"}],"curies":[{"name":"wp","href":"https:\/\/api.w.org\/{rel}","templated":true}]}}