{"id":34668,"date":"2025-01-15T20:20:28","date_gmt":"2025-01-15T20:20:28","guid":{"rendered":"https:\/\/chilimag.hu\/webshop\/?post_type=product&#038;p=34668"},"modified":"2026-03-06T18:09:28","modified_gmt":"2026-03-06T18:09:28","slug":"nyari-ciprus-pannon-rk","status":"publish","type":"product","link":"https:\/\/chilimag.hu\/webshop\/termek\/nyari-ciprus-pannon-rk\/","title":{"rendered":"Ny\u00e1ri Ciprus Pannon RK"},"content":{"rendered":"","protected":false},"excerpt":{"rendered":"<p>80-100 cm magas, f\u00f6lfel\u00e9 t\u00f6r\u00f4 n\u00f6veked\u00e9s\u00fb, karcs\u00fa bokor. F\u00f4leg s\u00f6v\u00e9ny-, \u00e9s ker\u00edt\u00e9sp\u00f3tl\u00f3k\u00e9nt ismert, de \u00e1rny\u00e9kol\u00f3- \u00e9s szoliter-n\u00f6v\u00e9nyk\u00e9nt is hasznos\u00edthat\u00f3. \u0150sszel pirosra sz\u00ednez\u0151dik.<\/p>\n<p>A csomag 1 gr magot tartalmaz<\/p>\n","protected":false},"featured_media":34669,"comment_status":"closed","ping_status":"closed","template":"","meta":[],"product_brand":[],"product_cat":[433],"product_tag":[],"class_list":{"0":"post-34668","1":"product","2":"type-product","3":"status-publish","4":"has-post-thumbnail","6":"product_cat-virag-vetomagok","8":"first","9":"instock","10":"taxable","11":"shipping-taxable","12":"purchasable","13":"product-type-simple"},"_links":{"self":[{"href":"https:\/\/chilimag.hu\/webshop\/wp-json\/wp\/v2\/product\/34668","targetHints":{"allow":["GET"]}}],"collection":[{"href":"https:\/\/chilimag.hu\/webshop\/wp-json\/wp\/v2\/product"}],"about":[{"href":"https:\/\/chilimag.hu\/webshop\/wp-json\/wp\/v2\/types\/product"}],"replies":[{"embeddable":true,"href":"https:\/\/chilimag.hu\/webshop\/wp-json\/wp\/v2\/comments?post=34668"}],"wp:featuredmedia":[{"embeddable":true,"href":"https:\/\/chilimag.hu\/webshop\/wp-json\/wp\/v2\/media\/34669"}],"wp:attachment":[{"href":"https:\/\/chilimag.hu\/webshop\/wp-json\/wp\/v2\/media?parent=34668"}],"wp:term":[{"taxonomy":"product_brand","embeddable":true,"href":"https:\/\/chilimag.hu\/webshop\/wp-json\/wp\/v2\/product_brand?post=34668"},{"taxonomy":"product_cat","embeddable":true,"href":"https:\/\/chilimag.hu\/webshop\/wp-json\/wp\/v2\/product_cat?post=34668"},{"taxonomy":"product_tag","embeddable":true,"href":"https:\/\/chilimag.hu\/webshop\/wp-json\/wp\/v2\/product_tag?post=34668"}],"curies":[{"name":"wp","href":"https:\/\/api.w.org\/{rel}","templated":true}]}}