{"id":34665,"date":"2025-01-15T20:14:20","date_gmt":"2025-01-15T20:14:20","guid":{"rendered":"https:\/\/chilimag.hu\/webshop\/?post_type=product&#038;p=34665"},"modified":"2025-10-10T18:01:42","modified_gmt":"2025-10-10T18:01:42","slug":"konyhakomeny-pannon-rk","status":"publish","type":"product","link":"https:\/\/chilimag.hu\/webshop\/termek\/konyhakomeny-pannon-rk\/","title":{"rendered":"Konyhak\u00f6m\u00e9ny Pannon RK"},"content":{"rendered":"","protected":false},"excerpt":{"rendered":"<p>A m\u00e1sodik \u00e9vben vir\u00e1gzik \u00e9s hoz magot. Napos helyet ig\u00e9nyel. Magj\u00e1t j\u00faniusban kell begy\u0171jteni \u00e9s sz\u00e1r\u00edt\u00e1s ut\u00e1n lemorzsolni. K\u00e1poszt\u00e1s \u00e9telek, p\u00e9k\u00e1ruk, sajtok \u00edzes\u00edt\u0151je. Alkoholos italok \u00edzes\u00edt\u00e9s\u00e9re is kiv\u00e1l\u00f3. Ill\u00f3olaja sz\u00e9lhajt\u00f3 hat\u00e1s\u00fa.<\/p>\n<p>A csomag 2 gr magot tartalmaz<\/p>\n","protected":false},"featured_media":34667,"comment_status":"closed","ping_status":"closed","template":"","meta":[],"product_brand":[],"product_cat":[424],"product_tag":[],"class_list":{"0":"post-34665","1":"product","2":"type-product","3":"status-publish","4":"has-post-thumbnail","6":"product_cat-fuszer-es-gyogynoveny-vetomagok-redei-kertimag","8":"first","9":"instock","10":"taxable","11":"shipping-taxable","12":"purchasable","13":"product-type-simple"},"_links":{"self":[{"href":"https:\/\/chilimag.hu\/webshop\/wp-json\/wp\/v2\/product\/34665","targetHints":{"allow":["GET"]}}],"collection":[{"href":"https:\/\/chilimag.hu\/webshop\/wp-json\/wp\/v2\/product"}],"about":[{"href":"https:\/\/chilimag.hu\/webshop\/wp-json\/wp\/v2\/types\/product"}],"replies":[{"embeddable":true,"href":"https:\/\/chilimag.hu\/webshop\/wp-json\/wp\/v2\/comments?post=34665"}],"wp:featuredmedia":[{"embeddable":true,"href":"https:\/\/chilimag.hu\/webshop\/wp-json\/wp\/v2\/media\/34667"}],"wp:attachment":[{"href":"https:\/\/chilimag.hu\/webshop\/wp-json\/wp\/v2\/media?parent=34665"}],"wp:term":[{"taxonomy":"product_brand","embeddable":true,"href":"https:\/\/chilimag.hu\/webshop\/wp-json\/wp\/v2\/product_brand?post=34665"},{"taxonomy":"product_cat","embeddable":true,"href":"https:\/\/chilimag.hu\/webshop\/wp-json\/wp\/v2\/product_cat?post=34665"},{"taxonomy":"product_tag","embeddable":true,"href":"https:\/\/chilimag.hu\/webshop\/wp-json\/wp\/v2\/product_tag?post=34665"}],"curies":[{"name":"wp","href":"https:\/\/api.w.org\/{rel}","templated":true}]}}