{"id":34521,"date":"2025-01-11T07:10:56","date_gmt":"2025-01-11T07:10:56","guid":{"rendered":"https:\/\/chilimag.hu\/webshop\/?post_type=product&#038;p=34521"},"modified":"2025-01-11T07:10:56","modified_gmt":"2025-01-11T07:10:56","slug":"csizmatarto-es-sarlehuzo-allvany-lh58","status":"publish","type":"product","link":"https:\/\/chilimag.hu\/webshop\/termek\/csizmatarto-es-sarlehuzo-allvany-lh58\/","title":{"rendered":"Csizmatart\u00f3 \u00e9s s\u00e1rleh\u00faz\u00f3 \u00e1llv\u00e1ny (LH58)"},"content":{"rendered":"","protected":false},"excerpt":{"rendered":"<p>\u00d6nt\u00f6ttvas csizmatart\u00f3 \u00e1llv\u00e1ny, mely 2 p\u00e1r csizma t\u00e1rol\u00e1s\u00e1ra, sz\u00e1r\u00edt\u00e1s\u00e1ra alkalmas. Az \u00e1llv\u00e1ny k\u00f6zep\u00e9n egy s\u00e1rkapar\u00f3 r\u00e9sz is tal\u00e1lhat\u00f3. A massz\u00edv szerkezet\u0171 \u00e1llv\u00e1ny egy tart\u00f3 polccal eg\u00e9sz\u00fcl ki a tetej\u00e9n.<\/p>\n<p>M\u00e9rete: magass\u00e1g: 60 cm, sz\u00e9less\u00e9g: 60 cm, m\u00e9lys\u00e9g: 23 cm<\/p>\n","protected":false},"featured_media":34522,"comment_status":"closed","ping_status":"closed","template":"","meta":[],"product_brand":[],"product_cat":[342],"product_tag":[],"class_list":{"0":"post-34521","1":"product","2":"type-product","3":"status-publish","4":"has-post-thumbnail","6":"product_cat-egyeb-kerti-termekek","8":"first","9":"instock","10":"taxable","11":"shipping-taxable","12":"purchasable","13":"product-type-simple"},"_links":{"self":[{"href":"https:\/\/chilimag.hu\/webshop\/wp-json\/wp\/v2\/product\/34521","targetHints":{"allow":["GET"]}}],"collection":[{"href":"https:\/\/chilimag.hu\/webshop\/wp-json\/wp\/v2\/product"}],"about":[{"href":"https:\/\/chilimag.hu\/webshop\/wp-json\/wp\/v2\/types\/product"}],"replies":[{"embeddable":true,"href":"https:\/\/chilimag.hu\/webshop\/wp-json\/wp\/v2\/comments?post=34521"}],"wp:featuredmedia":[{"embeddable":true,"href":"https:\/\/chilimag.hu\/webshop\/wp-json\/wp\/v2\/media\/34522"}],"wp:attachment":[{"href":"https:\/\/chilimag.hu\/webshop\/wp-json\/wp\/v2\/media?parent=34521"}],"wp:term":[{"taxonomy":"product_brand","embeddable":true,"href":"https:\/\/chilimag.hu\/webshop\/wp-json\/wp\/v2\/product_brand?post=34521"},{"taxonomy":"product_cat","embeddable":true,"href":"https:\/\/chilimag.hu\/webshop\/wp-json\/wp\/v2\/product_cat?post=34521"},{"taxonomy":"product_tag","embeddable":true,"href":"https:\/\/chilimag.hu\/webshop\/wp-json\/wp\/v2\/product_tag?post=34521"}],"curies":[{"name":"wp","href":"https:\/\/api.w.org\/{rel}","templated":true}]}}