{"id":34515,"date":"2025-01-11T07:04:51","date_gmt":"2025-01-11T07:04:51","guid":{"rendered":"https:\/\/chilimag.hu\/webshop\/?post_type=product&#038;p=34515"},"modified":"2025-05-25T15:03:07","modified_gmt":"2025-05-25T15:03:07","slug":"polc-tarto-konzol-cb29","status":"publish","type":"product","link":"https:\/\/chilimag.hu\/webshop\/termek\/polc-tarto-konzol-cb29\/","title":{"rendered":"Polc tart\u00f3 konzol (CB29)"},"content":{"rendered":"","protected":false},"excerpt":{"rendered":"<p>\u00d6nt\u00f6ttvas polctart\u00f3 konzol kett\u0151f\u00e9le mint\u00e1val. A konzol falhoz, illetve a polchoz is r\u00f6gz\u00edthet\u0151.<\/p>\n<p>M\u00e9rete:<\/p>\n<p>A \u2013\u00a0magass\u00e1g: 19 cm, m\u00e9lys\u00e9g: 4,2 cm,\u00a0sz\u00e9less\u00e9g: 26,3 cm<\/p>\n<p>C \u2013 magass\u00e1g: 20 cm, m\u00e9lys\u00e9g: 5 cm, sz\u00e9less\u00e9g: 27,5 cm<\/p>\n","protected":false},"featured_media":34516,"comment_status":"closed","ping_status":"closed","template":"","meta":[],"product_brand":[],"product_cat":[342],"product_tag":[],"class_list":{"0":"post-34515","1":"product","2":"type-product","3":"status-publish","4":"has-post-thumbnail","6":"product_cat-egyeb-kerti-termekek","8":"first","9":"instock","10":"taxable","11":"shipping-taxable","12":"purchasable","13":"product-type-variable"},"_links":{"self":[{"href":"https:\/\/chilimag.hu\/webshop\/wp-json\/wp\/v2\/product\/34515","targetHints":{"allow":["GET"]}}],"collection":[{"href":"https:\/\/chilimag.hu\/webshop\/wp-json\/wp\/v2\/product"}],"about":[{"href":"https:\/\/chilimag.hu\/webshop\/wp-json\/wp\/v2\/types\/product"}],"replies":[{"embeddable":true,"href":"https:\/\/chilimag.hu\/webshop\/wp-json\/wp\/v2\/comments?post=34515"}],"wp:featuredmedia":[{"embeddable":true,"href":"https:\/\/chilimag.hu\/webshop\/wp-json\/wp\/v2\/media\/34516"}],"wp:attachment":[{"href":"https:\/\/chilimag.hu\/webshop\/wp-json\/wp\/v2\/media?parent=34515"}],"wp:term":[{"taxonomy":"product_brand","embeddable":true,"href":"https:\/\/chilimag.hu\/webshop\/wp-json\/wp\/v2\/product_brand?post=34515"},{"taxonomy":"product_cat","embeddable":true,"href":"https:\/\/chilimag.hu\/webshop\/wp-json\/wp\/v2\/product_cat?post=34515"},{"taxonomy":"product_tag","embeddable":true,"href":"https:\/\/chilimag.hu\/webshop\/wp-json\/wp\/v2\/product_tag?post=34515"}],"curies":[{"name":"wp","href":"https:\/\/api.w.org\/{rel}","templated":true}]}}