{"id":34507,"date":"2025-01-10T17:59:35","date_gmt":"2025-01-10T17:59:35","guid":{"rendered":"https:\/\/chilimag.hu\/webshop\/?post_type=product&#038;p=34507"},"modified":"2026-01-06T18:21:56","modified_gmt":"2026-01-06T18:21:56","slug":"karfiol-lisboa-f1-b-s","status":"publish","type":"product","link":"https:\/\/chilimag.hu\/webshop\/termek\/karfiol-lisboa-f1-b-s\/","title":{"rendered":"Karfiol Lisboa F1 B-S"},"content":{"rendered":"","protected":false},"excerpt":{"rendered":"<p><img decoding=\"async\" src=\"https:\/\/chilimag.hu\/webshop\/wp-content\/uploads\/2022\/10\/bobby-seeds-test-logo-150x150.png\" \/><\/p>\n<p>Narancs sz\u00edn\u0171 karfiol k\u00fcl\u00f6nlegess\u00e9g<\/p>\n<p>Egy karfiol, mely f\u00e9nyes narancss\u00e1rga sz\u00edn\u00e9vel kiemelkedik a standardb\u00f3l. Betakar\u00edthat\u00f3 eg\u00e9sz vir\u00e1gk\u00e9nt vagy k\u00fcl\u00f6n\u00e1ll\u00f3 vir\u00e1gk\u00e9nt. Ny\u00e1ron \u0151szig j\u00f3l fejl\u0151dik, el\u00e9g gyorsan n\u00f6vekszik. Kb. 55-65 nappal az \u00fcltet\u00e9s ut\u00e1n k\u00e9szen \u00e1ll a betakar\u00edt\u00e1sra.<\/p>\n<p>Brassica oleracea<br \/>\nA betakar\u00edt\u00e1s augusztust\u00f3l november k\u00f6zep\u00e9ig tart<br \/>\nEgy adag 25 szemet tartalmaz<br \/>\nA vet\u00e9s m\u00e1rcius v\u00e9g\u00e9t\u0151l j\u00faniusig t\u00f6rt\u00e9nik el\u0151kult\u00far\u00e1val, majd 50 x 40 cm t\u00e1vols\u00e1gra \u00fcltet\u00e9s<\/p>\n","protected":false},"featured_media":34508,"comment_status":"closed","ping_status":"closed","template":"","meta":[],"product_brand":[],"product_cat":[329],"product_tag":[],"class_list":{"0":"post-34507","1":"product","2":"type-product","3":"status-publish","4":"has-post-thumbnail","6":"product_cat-zoldseg-vetomagok-egyeb-es-kulonleges-vetomagok","8":"first","9":"instock","10":"taxable","11":"shipping-taxable","12":"purchasable","13":"product-type-simple"},"_links":{"self":[{"href":"https:\/\/chilimag.hu\/webshop\/wp-json\/wp\/v2\/product\/34507","targetHints":{"allow":["GET"]}}],"collection":[{"href":"https:\/\/chilimag.hu\/webshop\/wp-json\/wp\/v2\/product"}],"about":[{"href":"https:\/\/chilimag.hu\/webshop\/wp-json\/wp\/v2\/types\/product"}],"replies":[{"embeddable":true,"href":"https:\/\/chilimag.hu\/webshop\/wp-json\/wp\/v2\/comments?post=34507"}],"wp:featuredmedia":[{"embeddable":true,"href":"https:\/\/chilimag.hu\/webshop\/wp-json\/wp\/v2\/media\/34508"}],"wp:attachment":[{"href":"https:\/\/chilimag.hu\/webshop\/wp-json\/wp\/v2\/media?parent=34507"}],"wp:term":[{"taxonomy":"product_brand","embeddable":true,"href":"https:\/\/chilimag.hu\/webshop\/wp-json\/wp\/v2\/product_brand?post=34507"},{"taxonomy":"product_cat","embeddable":true,"href":"https:\/\/chilimag.hu\/webshop\/wp-json\/wp\/v2\/product_cat?post=34507"},{"taxonomy":"product_tag","embeddable":true,"href":"https:\/\/chilimag.hu\/webshop\/wp-json\/wp\/v2\/product_tag?post=34507"}],"curies":[{"name":"wp","href":"https:\/\/api.w.org\/{rel}","templated":true}]}}