{"id":343,"date":"2014-11-10T09:23:13","date_gmt":"2014-11-10T09:23:13","guid":{"rendered":"https:\/\/chilimag.hu\/webshop\/?post_type=product&#038;p=343"},"modified":"2026-02-09T19:59:20","modified_gmt":"2026-02-09T19:59:20","slug":"thai-cayenne","status":"publish","type":"product","link":"https:\/\/chilimag.hu\/webshop\/termek\/thai-cayenne\/","title":{"rendered":"Thai Cayenne"},"content":{"rendered":"","protected":false},"excerpt":{"rendered":"<div id=\"productDescription\" class=\"content\">\n<p><img decoding=\"async\" src=\"https:\/\/chilimag.hu\/webshop\/wp-content\/uploads\/2014\/11\/chilimag-logo-2-150x150.jpg\" \/><\/p>\n<p>&nbsp;<\/p>\n<p>Le\u00edr\u00e1s<\/p>\n<p>A Cayenne Chili az egyik legelterjedtebb chilifajta vil\u00e1gszerte, \u00e9s igazi f\u0171szerklasszikus. A Cayenne eredetileg Latin-Amerik\u00e1b\u00f3l sz\u00e1rmazik, \u00e9s r\u00e9gi\u00f3nkban els\u0151sorban Cayenne Pepper n\u00e9ven \u00e1rus\u00edtj\u00e1k. Az elnevez\u00e9s azonban n\u00e9mileg megt\u00e9veszt\u0151, hiszen nem fekete borsr\u00f3l van sz\u00f3, hanem chiliporr\u00f3l.<\/p>\n<p>A Thai Cayenne \u00a0Chili a h\u00edres cayenne chili teny\u00e9szt\u00e9se az USA-b\u00f3l. A n\u00f6v\u00e9nyek bokrosak \u00e9s kb. 75 cm magas. K\u00fcl\u00f6nf\u00e9le tipikus kanyarg\u00f3s paprik\u00e1kat (kb. 2 x 14 cm) fejlesztenek ki, amelyek \u00e9l\u00e9nkv\u00f6r\u00f6sre \u00e9rnek, \u00e9s valamivel h\u00fasosabbak, mint az eredeti Cayenne-i. A Thai Cayenne \u00a0chili mindenf\u00e9le f\u0171szeres \u00e9telhez a legalkalmasabb. Sz\u00e1r\u00edt\u00e1sra, p\u00e1col\u00e1sra is kiv\u00e1l\u00f3ak.<\/p>\n<p>Gondoz\u00e1sa: A cs\u00edr\u00e1z\u00e1si h\u0151m\u00e9rs\u00e9klet 22 \u00e9s 28\u00b0C k\u00f6z\u00f6tt van (7-20 napos cs\u00edr\u00e1z\u00e1si id\u0151), ez\u00e9rt \u00fcvegh\u00e1z \u00e9s f\u0171t\u0151sz\u0151nyeg haszn\u00e1lata javasolt. A n\u00f6v\u00e9nyeknek friss, j\u00f3l tr\u00e1gy\u00e1zott, v\u00edz\u00e1tereszt\u0151 talajra van sz\u00fcks\u00e9g\u00fck, nem t\u0171rik a bevizesed\u00e9st. Napos, v\u00e9dett helyre kell \u00fcltetni, ahol legal\u00e1bb 6 \u00f3ra napf\u00e9ny \u2013 lehet\u0151leg t\u00f6bb. Tedd ki a n\u00f6v\u00e9nyeket kb. 2-3 h\u00e9ttel az utols\u00f3 fagy ut\u00e1n.<\/p>\n<p>Capsicum annuum t\u00edpus<br \/>\nF\u0171szeress\u00e9gi szint 7<br \/>\nScoville 15.000 &#8211; 30.000 SHU<br \/>\noptim\u00e1lis cs\u00edr\u00e1z\u00e1si h\u0151m\u00e9rs\u00e9klet 22 &#8211; 28 \u00b0C<br \/>\nVet\u00e9s jan. &#8211; \u00e1pr.<br \/>\nVir\u00e1gok feh\u00e9rek (m\u00e1jus-augusztus)<br \/>\nN\u00f6v\u00e9nyn\u00f6veked\u00e9si szok\u00e1s bokros, kb. 75 cm magas<br \/>\nZ\u00f6ldr\u0151l pirosra \u00e9rik<br \/>\nGy\u00fcm\u00f6lcs megjelen\u00e9se hossz\u00fa, v\u00e9kony fal\u00fa paprika, kb. 2 x 14 cm<br \/>\n\u00c9r\u00e9si id\u0151 70-80 nap<br \/>\nSz\u00e1rmaz\u00e1sa USA<\/p>\n<p>&nbsp;<\/p>\n<p>A csomag 10 szem \u00a0magot tartalmaz<\/p>\n<\/div>\n","protected":false},"featured_media":344,"comment_status":"open","ping_status":"closed","template":"","meta":[],"product_brand":[],"product_cat":[8],"product_tag":[],"class_list":{"0":"post-343","1":"product","2":"type-product","3":"status-publish","4":"has-post-thumbnail","6":"product_cat-paprika","8":"first","9":"outofstock","10":"taxable","11":"shipping-taxable","12":"purchasable","13":"product-type-simple"},"_links":{"self":[{"href":"https:\/\/chilimag.hu\/webshop\/wp-json\/wp\/v2\/product\/343","targetHints":{"allow":["GET"]}}],"collection":[{"href":"https:\/\/chilimag.hu\/webshop\/wp-json\/wp\/v2\/product"}],"about":[{"href":"https:\/\/chilimag.hu\/webshop\/wp-json\/wp\/v2\/types\/product"}],"replies":[{"embeddable":true,"href":"https:\/\/chilimag.hu\/webshop\/wp-json\/wp\/v2\/comments?post=343"}],"wp:featuredmedia":[{"embeddable":true,"href":"https:\/\/chilimag.hu\/webshop\/wp-json\/wp\/v2\/media\/344"}],"wp:attachment":[{"href":"https:\/\/chilimag.hu\/webshop\/wp-json\/wp\/v2\/media?parent=343"}],"wp:term":[{"taxonomy":"product_brand","embeddable":true,"href":"https:\/\/chilimag.hu\/webshop\/wp-json\/wp\/v2\/product_brand?post=343"},{"taxonomy":"product_cat","embeddable":true,"href":"https:\/\/chilimag.hu\/webshop\/wp-json\/wp\/v2\/product_cat?post=343"},{"taxonomy":"product_tag","embeddable":true,"href":"https:\/\/chilimag.hu\/webshop\/wp-json\/wp\/v2\/product_tag?post=343"}],"curies":[{"name":"wp","href":"https:\/\/api.w.org\/{rel}","templated":true}]}}