{"id":34143,"date":"2024-12-20T12:56:27","date_gmt":"2024-12-20T12:56:27","guid":{"rendered":"https:\/\/chilimag.hu\/webshop\/?post_type=product&#038;p=34143"},"modified":"2026-02-27T19:15:04","modified_gmt":"2026-02-27T19:15:04","slug":"mangold-piros-florian-bg","status":"publish","type":"product","link":"https:\/\/chilimag.hu\/webshop\/termek\/mangold-piros-florian-bg\/","title":{"rendered":"M\u00e1ngold piros Florian Bg"},"content":{"rendered":"","protected":false},"excerpt":{"rendered":"<p><img decoding=\"async\" src=\"https:\/\/c.cdnmp.net\/592978066\/brands\/1000002_logo.png\" alt=\"Florian\" \/><\/p>\n<p>A sv\u00e1jci m\u00e1ngold egy k\u00e9t\u00e9ves n\u00f6v\u00e9ny, amelyet lev\u00e9lr\u00e9pa vagy spen\u00f3tr\u00e9pa n\u00e9ven ismernek. A leveleket \u00fagy haszn\u00e1lj\u00e1k, mint a spen\u00f3tot, amelyek magas vitamin- \u00e9s \u00e1sv\u00e1nyi s\u00f3tartalommal rendelkeznek. Betakar\u00edtani, amikor a levelek el\u00e9rik az \u00e9retts\u00e9get, aj\u00e1nlott legfeljebb a levelek negyed\u00e9t elt\u00e1vol\u00edtani, nehogy kimer\u00edts\u00e9k a n\u00f6v\u00e9nyt. Sikeresen tud hibern\u00e1lni, ha a hideg id\u0151 el\u0151tt kiszedj\u00fck \u00e9s a pince f\u00e9ny fel\u00e9 es\u0151 homokj\u00e1ba s\u0171r\u0171n be\u00fcltetj\u00fck, vagy \u00fcvegh\u00e1zba \u00fcltetj\u00fck.<\/p>\n<p>Sv\u00e1jci m\u00e1ngold, a spen\u00f3tot helyettes\u00edt\u0151 n\u00f6v\u00e9ny<br \/>\nA sv\u00e1jci m\u00e1ngold el\u0151nye a spen\u00f3ttal szemben, hogy ny\u00e1r elej\u00e9n nem terem magot, tavaszt\u00f3l a fagyokig folyamatosan sz\u00fcretelhet\u0151.<br \/>\nMint ilyen, a f\u00f6ldben marad. Norm\u00e1lis esetben a m\u00e1ngold ny\u00e1ri n\u00f6v\u00e9ny, de ha nem h\u00fazzuk ki a gy\u00f6kerekb\u0151l, tavasszal j\u00f3val kor\u00e1bban ad levelet, mint a szezon kezdete.<br \/>\nEzeknek a leveleknek a gy\u0171jt\u00e9s\u00e9t nem szabad sok\u00e1ig halogatni, mert magvakat k\u00e9sz\u00edtve m\u00e9rgez\u0151v\u00e9 v\u00e1lnak.<br \/>\nA m\u00e1ngoldlev\u00e9l kiv\u00e1l\u00f3 t\u00e1pl\u00e1l\u00e9k azoknak, akiknek hi\u00e1nyzik a k\u00e1lium, kalcium, foszfor.<br \/>\nA lev\u00e9lny\u00e9l azoknak aj\u00e1nlott, akiknek n\u00e1triumra \u00e9s k\u00e1liumra van sz\u00fcks\u00e9g\u00fck, sok tekintetben hasonl\u00edt a sp\u00e1rg\u00e1ra \u00e9s a karfiolra.<br \/>\nA m\u00e1ngold cukorbetegek sz\u00e1m\u00e1ra javasolt.<br \/>\nJ\u00f3 em\u00e9szt\u00e9si id\u0151szak: 65-80 nap. M\u00e1rcius 15-30.<\/p>\n<p>&nbsp;<\/p>\n","protected":false},"featured_media":34144,"comment_status":"closed","ping_status":"closed","template":"","meta":[],"product_brand":[],"product_cat":[386],"product_tag":[],"class_list":{"0":"post-34143","1":"product","2":"type-product","3":"status-publish","4":"has-post-thumbnail","6":"product_cat-zoldseg-vetomagok-bolgar-florian-vetomagok","8":"first","9":"instock","10":"taxable","11":"shipping-taxable","12":"purchasable","13":"product-type-simple"},"_links":{"self":[{"href":"https:\/\/chilimag.hu\/webshop\/wp-json\/wp\/v2\/product\/34143","targetHints":{"allow":["GET"]}}],"collection":[{"href":"https:\/\/chilimag.hu\/webshop\/wp-json\/wp\/v2\/product"}],"about":[{"href":"https:\/\/chilimag.hu\/webshop\/wp-json\/wp\/v2\/types\/product"}],"replies":[{"embeddable":true,"href":"https:\/\/chilimag.hu\/webshop\/wp-json\/wp\/v2\/comments?post=34143"}],"wp:featuredmedia":[{"embeddable":true,"href":"https:\/\/chilimag.hu\/webshop\/wp-json\/wp\/v2\/media\/34144"}],"wp:attachment":[{"href":"https:\/\/chilimag.hu\/webshop\/wp-json\/wp\/v2\/media?parent=34143"}],"wp:term":[{"taxonomy":"product_brand","embeddable":true,"href":"https:\/\/chilimag.hu\/webshop\/wp-json\/wp\/v2\/product_brand?post=34143"},{"taxonomy":"product_cat","embeddable":true,"href":"https:\/\/chilimag.hu\/webshop\/wp-json\/wp\/v2\/product_cat?post=34143"},{"taxonomy":"product_tag","embeddable":true,"href":"https:\/\/chilimag.hu\/webshop\/wp-json\/wp\/v2\/product_tag?post=34143"}],"curies":[{"name":"wp","href":"https:\/\/api.w.org\/{rel}","templated":true}]}}