{"id":34068,"date":"2024-12-16T11:45:04","date_gmt":"2024-12-16T11:45:04","guid":{"rendered":"https:\/\/chilimag.hu\/webshop\/?post_type=product&#038;p=34068"},"modified":"2025-08-22T16:11:00","modified_gmt":"2025-08-22T16:11:00","slug":"teraszfutes-fa-taroloval-ff298","status":"publish","type":"product","link":"https:\/\/chilimag.hu\/webshop\/termek\/teraszfutes-fa-taroloval-ff298\/","title":{"rendered":". Teraszf\u0171t\u00e9s, fa t\u00e1rol\u00f3val (FF298)"},"content":{"rendered":"","protected":false},"excerpt":{"rendered":"<p><span data-mce-mark=\"1\">Rozsd\u00e1s\u00edtott teraszf\u0171t\u00e9s, melyen egy k\u00e9m\u00e9ny kivezet\u00e9s\u00e9vel ell\u00e1tott \u00e9g\u00e9st\u00e9r, \u00e9s egy als\u00f3 fa t\u00e1rol\u00f3 tal\u00e1lhat\u00f3.<\/span><\/p>\n<p><span data-mce-mark=\"1\">M\u00e9rete: magass\u00e1g: 136,3 cm, sz\u00e9less\u00e9g: 38,4 cm, m\u00e9lys\u00e9g: 38,4 cm<\/span><\/p>\n","protected":false},"featured_media":34069,"comment_status":"closed","ping_status":"closed","template":"","meta":[],"product_brand":[],"product_cat":[343,342],"product_tag":[],"class_list":{"0":"post-34068","1":"product","2":"type-product","3":"status-publish","4":"has-post-thumbnail","6":"product_cat-akciok","7":"product_cat-egyeb-kerti-termekek","9":"first","10":"instock","11":"sale","12":"taxable","13":"shipping-taxable","14":"purchasable","15":"product-type-simple"},"_links":{"self":[{"href":"https:\/\/chilimag.hu\/webshop\/wp-json\/wp\/v2\/product\/34068","targetHints":{"allow":["GET"]}}],"collection":[{"href":"https:\/\/chilimag.hu\/webshop\/wp-json\/wp\/v2\/product"}],"about":[{"href":"https:\/\/chilimag.hu\/webshop\/wp-json\/wp\/v2\/types\/product"}],"replies":[{"embeddable":true,"href":"https:\/\/chilimag.hu\/webshop\/wp-json\/wp\/v2\/comments?post=34068"}],"wp:featuredmedia":[{"embeddable":true,"href":"https:\/\/chilimag.hu\/webshop\/wp-json\/wp\/v2\/media\/34069"}],"wp:attachment":[{"href":"https:\/\/chilimag.hu\/webshop\/wp-json\/wp\/v2\/media?parent=34068"}],"wp:term":[{"taxonomy":"product_brand","embeddable":true,"href":"https:\/\/chilimag.hu\/webshop\/wp-json\/wp\/v2\/product_brand?post=34068"},{"taxonomy":"product_cat","embeddable":true,"href":"https:\/\/chilimag.hu\/webshop\/wp-json\/wp\/v2\/product_cat?post=34068"},{"taxonomy":"product_tag","embeddable":true,"href":"https:\/\/chilimag.hu\/webshop\/wp-json\/wp\/v2\/product_tag?post=34068"}],"curies":[{"name":"wp","href":"https:\/\/api.w.org\/{rel}","templated":true}]}}