{"id":33969,"date":"2024-11-30T17:44:48","date_gmt":"2024-11-30T17:44:48","guid":{"rendered":"https:\/\/chilimag.hu\/webshop\/?post_type=product&#038;p=33969"},"modified":"2024-11-30T17:44:49","modified_gmt":"2024-11-30T17:44:49","slug":"kokuszrost-szubsztrat-orchideaknak-sl","status":"publish","type":"product","link":"https:\/\/chilimag.hu\/webshop\/termek\/kokuszrost-szubsztrat-orchideaknak-sl\/","title":{"rendered":"K\u00f3kuszrost szubsztr\u00e1t orchide\u00e1knak SL"},"content":{"rendered":"","protected":false},"excerpt":{"rendered":"<p><img decoding=\"async\" class=\"logo\" src=\"https:\/\/b2b.seklos.lt\/themes\/warehouse\/img\/logo_en.png\" alt=\"Agrofirma S\u0117klos, UAB\" \/><\/p>\n<p>ORCHIDE POTING MIX Speci\u00e1lis kever\u00e9k term\u00e9szetes anyagokb\u00f3l orchide\u00e1k \u00e9s m\u00e1s epifita n\u00f6v\u00e9nyek termeszt\u00e9s\u00e9re \u00e9s \u00fajratelep\u00edt\u00e9s\u00e9re. A kever\u00e9k por\u00f3zus, felsz\u00edvja a vizet \u00e9s megtartja a nedvess\u00e9get, mentes a betegs\u00e9g vektorait\u00f3l.<br \/>\nPRODUCX m\u00e1rka<br \/>\nKiszerel\u00e9s 5l<\/p>\n","protected":false},"featured_media":33970,"comment_status":"closed","ping_status":"closed","template":"","meta":[],"product_brand":[],"product_cat":[371,466],"product_tag":[],"class_list":{"0":"post-33969","1":"product","2":"type-product","3":"status-publish","4":"has-post-thumbnail","6":"product_cat-seklos-lt-tozegek","7":"product_cat-talaj-javitok-es-takarok","9":"first","10":"instock","11":"taxable","12":"shipping-taxable","13":"purchasable","14":"product-type-simple"},"_links":{"self":[{"href":"https:\/\/chilimag.hu\/webshop\/wp-json\/wp\/v2\/product\/33969","targetHints":{"allow":["GET"]}}],"collection":[{"href":"https:\/\/chilimag.hu\/webshop\/wp-json\/wp\/v2\/product"}],"about":[{"href":"https:\/\/chilimag.hu\/webshop\/wp-json\/wp\/v2\/types\/product"}],"replies":[{"embeddable":true,"href":"https:\/\/chilimag.hu\/webshop\/wp-json\/wp\/v2\/comments?post=33969"}],"wp:featuredmedia":[{"embeddable":true,"href":"https:\/\/chilimag.hu\/webshop\/wp-json\/wp\/v2\/media\/33970"}],"wp:attachment":[{"href":"https:\/\/chilimag.hu\/webshop\/wp-json\/wp\/v2\/media?parent=33969"}],"wp:term":[{"taxonomy":"product_brand","embeddable":true,"href":"https:\/\/chilimag.hu\/webshop\/wp-json\/wp\/v2\/product_brand?post=33969"},{"taxonomy":"product_cat","embeddable":true,"href":"https:\/\/chilimag.hu\/webshop\/wp-json\/wp\/v2\/product_cat?post=33969"},{"taxonomy":"product_tag","embeddable":true,"href":"https:\/\/chilimag.hu\/webshop\/wp-json\/wp\/v2\/product_tag?post=33969"}],"curies":[{"name":"wp","href":"https:\/\/api.w.org\/{rel}","templated":true}]}}