{"id":33967,"date":"2024-11-30T17:25:24","date_gmt":"2024-11-30T17:25:24","guid":{"rendered":"https:\/\/chilimag.hu\/webshop\/?post_type=product&#038;p=33967"},"modified":"2025-08-21T10:30:42","modified_gmt":"2025-08-21T10:30:42","slug":"szegfu-silene-keisker-silky-pink-eln-sl","status":"publish","type":"product","link":"https:\/\/chilimag.hu\/webshop\/termek\/szegfu-silene-keisker-silky-pink-eln-sl\/","title":{"rendered":"Szegf\u0171 Silene keisker  Silky Pink ELN SL"},"content":{"rendered":"","protected":false},"excerpt":{"rendered":"<p><img decoding=\"async\" class=\"active-logo\" src=\"https:\/\/b2b.seklos.lt\/themes\/warehouse\/img\/logo_en.png\" alt=\"Agrofirma S\u0117klos, UAB\" width=\"280\" height=\"95\" \/><\/p>\n<p>CAMPION SILKY PINK \u00c9vel\u0151, 20 cm magas t\u00f6rpe n\u00f6v\u00e9ny. A vir\u00e1gok f\u00e9nyesek; a vir\u00e1gok olyan b\u0151s\u00e9gesek, hogy nem is l\u00e1tni a n\u00f6v\u00e9ny lombozat\u00e1t. A vet\u00e9s ut\u00e1ni els\u0151 \u00e9vben b\u0151s\u00e9gesen vir\u00e1gzik. Kiv\u00e1l\u00f3an alkalmas alacsony n\u00f6v\u00e9nyzet\u0171 vir\u00e1goskertekben, cserepekben \u00e9s \u00e1gy\u00e1sokban t\u00f6rt\u00e9n\u0151 termeszt\u00e9sre. Mivel gazdagon \u00e9s hosszan vir\u00e1gzik, j\u00f3l illik m\u00e1s vir\u00e1gokhoz. A vir\u00e1g\u00e1gy\u00e1sokba pal\u00e1nt\u00e1kat \u00fcltetnek. Legjobban napos helyen, term\u00e9keny, v\u00edz\u00e1tereszt\u0151 talajban fejl\u0151dik. Ed\u00e9nyben t\u00f6rt\u00e9n\u0151 termeszt\u00e9skor foly\u00e9kony m\u0171tr\u00e1gy\u00e1val is meg kell tr\u00e1gy\u00e1zni. A n\u00f6v\u00e9nyeket fagy ut\u00e1n ki lehet vinni. 20 mag elegend\u0151 egy 2 m2-es vir\u00e1g\u00e1gy\u00e1s vagy 10-15 cser\u00e9p el\u00fcltet\u00e9s\u00e9hez.<\/p>\n<p>Vet\u00e9sid\u0151 \u00fcvegh\u00e1zban III-IV<br \/>\nT\u00e1vols\u00e1gok, 25&#215;25 cm<br \/>\nSz\u00fcret VI-IX<br \/>\nLucia Elite m\u00e1rka<\/p>\n","protected":false},"featured_media":33968,"comment_status":"closed","ping_status":"closed","template":"","meta":[],"product_brand":[],"product_cat":[369],"product_tag":[],"class_list":{"0":"post-33967","1":"product","2":"type-product","3":"status-publish","4":"has-post-thumbnail","6":"product_cat-virag-vetomagok-lucia-elite","8":"first","9":"instock","10":"taxable","11":"shipping-taxable","12":"purchasable","13":"product-type-simple"},"_links":{"self":[{"href":"https:\/\/chilimag.hu\/webshop\/wp-json\/wp\/v2\/product\/33967","targetHints":{"allow":["GET"]}}],"collection":[{"href":"https:\/\/chilimag.hu\/webshop\/wp-json\/wp\/v2\/product"}],"about":[{"href":"https:\/\/chilimag.hu\/webshop\/wp-json\/wp\/v2\/types\/product"}],"replies":[{"embeddable":true,"href":"https:\/\/chilimag.hu\/webshop\/wp-json\/wp\/v2\/comments?post=33967"}],"wp:featuredmedia":[{"embeddable":true,"href":"https:\/\/chilimag.hu\/webshop\/wp-json\/wp\/v2\/media\/33968"}],"wp:attachment":[{"href":"https:\/\/chilimag.hu\/webshop\/wp-json\/wp\/v2\/media?parent=33967"}],"wp:term":[{"taxonomy":"product_brand","embeddable":true,"href":"https:\/\/chilimag.hu\/webshop\/wp-json\/wp\/v2\/product_brand?post=33967"},{"taxonomy":"product_cat","embeddable":true,"href":"https:\/\/chilimag.hu\/webshop\/wp-json\/wp\/v2\/product_cat?post=33967"},{"taxonomy":"product_tag","embeddable":true,"href":"https:\/\/chilimag.hu\/webshop\/wp-json\/wp\/v2\/product_tag?post=33967"}],"curies":[{"name":"wp","href":"https:\/\/api.w.org\/{rel}","templated":true}]}}