{"id":33965,"date":"2024-11-30T16:59:51","date_gmt":"2024-11-30T16:59:51","guid":{"rendered":"https:\/\/chilimag.hu\/webshop\/?post_type=product&#038;p=33965"},"modified":"2026-02-19T11:22:46","modified_gmt":"2026-02-19T11:22:46","slug":"bibor-kasvirag-alans-pride-eln-sl","status":"publish","type":"product","link":"https:\/\/chilimag.hu\/webshop\/termek\/bibor-kasvirag-alans-pride-eln-sl\/","title":{"rendered":"B\u00edbor Kasvir\u00e1g ALAN&#8217;S PRIDE ELN SL"},"content":{"rendered":"","protected":false},"excerpt":{"rendered":"<p><img decoding=\"async\" class=\"active-logo\" src=\"https:\/\/b2b.seklos.lt\/themes\/warehouse\/img\/logo_en.png\" alt=\"Agrofirma S\u0117klos, UAB\" width=\"280\" height=\"95\" \/><\/p>\n<p>ALAN&#8217;S PRIDE \u00c9vel\u0151, vir\u00e1gai 9-10 cm \u00e1tm\u00e9r\u0151j\u0171ek, jellegzetes sz\u00edn\u0171ek, 55-75 cm magasak. Ig\u00e9nytelen, dekorat\u00edv, m\u00e9zes vir\u00e1gok, amelyek vonzz\u00e1k a pillang\u00f3kat. A vet\u00e9s ut\u00e1ni els\u0151 \u00e9vben vir\u00e1gzik a ny\u00e1r k\u00f6zep\u00e9t\u0151l a fagyokig. A t\u00faln\u0151tt vir\u00e1gokat aj\u00e1nlatos elt\u00e1vol\u00edtani, hogy a n\u00f6v\u00e9ny \u00faj vir\u00e1gokat form\u00e1zzon \u00e9s b\u0151s\u00e9gesebben vir\u00e1gozzon. Szerves tr\u00e1gy\u00e1val j\u00f3l tr\u00e1gy\u00e1zott, vil\u00e1gosabb talajban, napos helyen vagy f\u00e9l\u00e1rny\u00e9kban j\u00f3l megterem, a vizes talajt nem szereti. Z\u00f6ld\u00fcltetv\u00e9nyekbe, vir\u00e1gos kertekbe \u00fcltetve csokorba szedve. Fed\u00e9letlen\u00fcl telel, t\u00f6bb \u00e9vig is n\u0151het ugyanazon a helyen. 15 mag elegend\u0151 egy 4 m2-es vir\u00e1g\u00e1gy\u00e1shoz.<\/p>\n<p>Magok sz\u00e1ma a csomagban, db. 15<br \/>\nVet\u00e9sid\u0151 a talajban V-VII<br \/>\nT\u00e1vols\u00e1gok, 25&#215;25 cm<br \/>\nSz\u00fcret VII-VIII<br \/>\nLucia Elite m\u00e1rka<\/p>\n","protected":false},"featured_media":33966,"comment_status":"closed","ping_status":"closed","template":"","meta":[],"product_brand":[],"product_cat":[369],"product_tag":[],"class_list":{"0":"post-33965","1":"product","2":"type-product","3":"status-publish","4":"has-post-thumbnail","6":"product_cat-virag-vetomagok-lucia-elite","8":"first","9":"instock","10":"taxable","11":"shipping-taxable","12":"purchasable","13":"product-type-simple"},"_links":{"self":[{"href":"https:\/\/chilimag.hu\/webshop\/wp-json\/wp\/v2\/product\/33965","targetHints":{"allow":["GET"]}}],"collection":[{"href":"https:\/\/chilimag.hu\/webshop\/wp-json\/wp\/v2\/product"}],"about":[{"href":"https:\/\/chilimag.hu\/webshop\/wp-json\/wp\/v2\/types\/product"}],"replies":[{"embeddable":true,"href":"https:\/\/chilimag.hu\/webshop\/wp-json\/wp\/v2\/comments?post=33965"}],"wp:featuredmedia":[{"embeddable":true,"href":"https:\/\/chilimag.hu\/webshop\/wp-json\/wp\/v2\/media\/33966"}],"wp:attachment":[{"href":"https:\/\/chilimag.hu\/webshop\/wp-json\/wp\/v2\/media?parent=33965"}],"wp:term":[{"taxonomy":"product_brand","embeddable":true,"href":"https:\/\/chilimag.hu\/webshop\/wp-json\/wp\/v2\/product_brand?post=33965"},{"taxonomy":"product_cat","embeddable":true,"href":"https:\/\/chilimag.hu\/webshop\/wp-json\/wp\/v2\/product_cat?post=33965"},{"taxonomy":"product_tag","embeddable":true,"href":"https:\/\/chilimag.hu\/webshop\/wp-json\/wp\/v2\/product_tag?post=33965"}],"curies":[{"name":"wp","href":"https:\/\/api.w.org\/{rel}","templated":true}]}}