{"id":33963,"date":"2024-11-30T16:52:33","date_gmt":"2024-11-30T16:52:33","guid":{"rendered":"https:\/\/chilimag.hu\/webshop\/?post_type=product&#038;p=33963"},"modified":"2026-02-26T20:33:24","modified_gmt":"2026-02-26T20:33:24","slug":"paradicsom-kokoro-hibrid-eln-sl","status":"publish","type":"product","link":"https:\/\/chilimag.hu\/webshop\/termek\/paradicsom-kokoro-hibrid-eln-sl\/","title":{"rendered":"Paradicsom Kokoro Hibrid ELN SL"},"content":{"rendered":"","protected":false},"excerpt":{"rendered":"<p><img decoding=\"async\" class=\"active-logo\" src=\"https:\/\/b2b.seklos.lt\/themes\/warehouse\/img\/logo_en.png\" alt=\"Agrofirma S\u0117klos, UAB\" width=\"280\" height=\"95\" \/><\/p>\n<p>PARADICSOM KOKORO H Korai, f\u00e9lmagas (indetermin\u00e1lt) hibridfajta, amely rendk\u00edv\u00fcl \u00edzletes paradicsomot hoz. Gy\u00fcm\u00f6lcs s\u00falya 300 g. A n\u00f6v\u00e9ny 1,2-1,6 m magasra n\u0151. Az ilyen fajta paradicsom azoknak tetszeni fog, akik szeretik a finom, \u00e9des \u00edz\u0171, lisztes, szinte mag n\u00e9lk\u00fcli gy\u00fcm\u00f6lcs\u00f6ket. A paradicsom alkalmas sal\u00e1t\u00e1khoz, \u00e9s konzerv\u00e1lhat\u00f3. A magokat m\u00e1rciusban vetik el. Annak \u00e9rdek\u00e9ben, hogy a magvak gyorsabban \u00e9s egyenletesebben cs\u00edr\u00e1zhassanak, a term\u00e9st \u00fcveggel vagy f\u00f3li\u00e1val kell lefedni. Az aljzat h\u0151m\u00e9rs\u00e9klete, amelybe a magokat veti, nem lehet alacsonyabb +21\u201326 \u00b0C-n\u00e1l, a helyis\u00e9g h\u0151m\u00e9rs\u00e9klete nem lehet +23 \u00b0C-n\u00e1l alacsonyabb. 2-4 val\u00f3di lev\u00e9l felnevel\u00e9se ut\u00e1n a pal\u00e1nt\u00e1kat k\u00fcl\u00f6n \u00fcltetik \u00e1t. A pal\u00e1nt\u00e1kat akkor \u00fcltetik az \u00fcvegh\u00e1zba, amikor m\u00e1r nem \u00e1ll fenn a fagyvesz\u00e9ly. 3-4 m\u00b2-es ter\u00fcletre 5 mag elegend\u0151. Kedvez\u0151 termeszt\u00e9si felt\u00e9telek mellett 8-10 kg a v\u00e1rhat\u00f3 term\u00e9shozam.<\/p>\n<p>Vet\u00e9sid\u0151 \u00fcvegh\u00e1zban III-IV<br \/>\nT\u00e1vols\u00e1gok, 60&#215;40 cm<br \/>\nN\u00f6v\u00e9nymagass\u00e1g F\u00e9lmagas<br \/>\nSz\u00fcret VI-VIII<br \/>\nLucia Elite m\u00e1rka<\/p>\n","protected":false},"featured_media":33964,"comment_status":"closed","ping_status":"closed","template":"","meta":[],"product_brand":[],"product_cat":[368],"product_tag":[],"class_list":{"0":"post-33963","1":"product","2":"type-product","3":"status-publish","4":"has-post-thumbnail","6":"product_cat-zoldseg-vetomagok","8":"first","9":"instock","10":"taxable","11":"shipping-taxable","12":"purchasable","13":"product-type-simple"},"_links":{"self":[{"href":"https:\/\/chilimag.hu\/webshop\/wp-json\/wp\/v2\/product\/33963","targetHints":{"allow":["GET"]}}],"collection":[{"href":"https:\/\/chilimag.hu\/webshop\/wp-json\/wp\/v2\/product"}],"about":[{"href":"https:\/\/chilimag.hu\/webshop\/wp-json\/wp\/v2\/types\/product"}],"replies":[{"embeddable":true,"href":"https:\/\/chilimag.hu\/webshop\/wp-json\/wp\/v2\/comments?post=33963"}],"wp:featuredmedia":[{"embeddable":true,"href":"https:\/\/chilimag.hu\/webshop\/wp-json\/wp\/v2\/media\/33964"}],"wp:attachment":[{"href":"https:\/\/chilimag.hu\/webshop\/wp-json\/wp\/v2\/media?parent=33963"}],"wp:term":[{"taxonomy":"product_brand","embeddable":true,"href":"https:\/\/chilimag.hu\/webshop\/wp-json\/wp\/v2\/product_brand?post=33963"},{"taxonomy":"product_cat","embeddable":true,"href":"https:\/\/chilimag.hu\/webshop\/wp-json\/wp\/v2\/product_cat?post=33963"},{"taxonomy":"product_tag","embeddable":true,"href":"https:\/\/chilimag.hu\/webshop\/wp-json\/wp\/v2\/product_tag?post=33963"}],"curies":[{"name":"wp","href":"https:\/\/api.w.org\/{rel}","templated":true}]}}