{"id":33955,"date":"2024-11-30T15:22:06","date_gmt":"2024-11-30T15:22:06","guid":{"rendered":"https:\/\/chilimag.hu\/webshop\/?post_type=product&#038;p=33955"},"modified":"2025-12-03T20:39:28","modified_gmt":"2025-12-03T20:39:28","slug":"cekla-red-chine-eln-sl","status":"publish","type":"product","link":"https:\/\/chilimag.hu\/webshop\/termek\/cekla-red-chine-eln-sl\/","title":{"rendered":"C\u00e9kla Red Chine ELN SL"},"content":{"rendered":"","protected":false},"excerpt":{"rendered":"<p><img decoding=\"async\" class=\"logo\" src=\"https:\/\/b2b.seklos.lt\/themes\/warehouse\/img\/logo_en.png\" alt=\"Agrofirma S\u0117klos, UAB\" \/><\/p>\n<p>RED SHINE K\u00f6nnyen vethet\u0151, ritk\u00edt\u00e1st szinte egy\u00e1ltal\u00e1n nem ig\u00e9nyl\u0151, korai monogerm fajta. Kiv\u00e1l\u00f3 min\u0151s\u00e9g\u0171 gum\u00f3i miatt \u00e9rt\u00e9kelik, amelyek k\u00fcl\u00f6n\u00f6sen j\u00f3 \u00edz\u00fckkel, gazdag sz\u00edn\u00fckkel \u00e9s sz\u00e9p form\u00e1jukkal t\u0171nnek ki. A h\u00fas \u00e9l\u00e9nkv\u00f6r\u00f6s \u00e9s l\u00e9d\u00fas. A c\u00e9kl\u00e1t friss fogyaszt\u00e1sra termesztik; hossz\u00fa ideig tart\u00f3s\u00edthat\u00f3k \u00e9s t\u00e1rolhat\u00f3k. A n\u00f6v\u00e9nyeket a cs\u00edr\u00e1z\u00e1st k\u00f6vet\u0151 108\u2013112 nap eltelt\u00e9vel betakar\u00edtj\u00e1k. A c\u00e9kla term\u00e9keny, k\u00f6zepesen neh\u00e9z, m\u00e9lyen m\u0171velt \u00e9s v\u00edz\u00e1tereszt\u0151 talajban n\u0151. A c\u00e9kl\u00e1t k\u00f6zvetlen\u00fcl a talajba vetik, vagy pal\u00e1ntak\u00e9nt \u00fcltetik. A n\u00f6veked\u00e9s sor\u00e1n a c\u00e9kl\u00e1t komplex m\u0171tr\u00e1gy\u00e1kkal tr\u00e1gy\u00e1zz\u00e1k. 3 g &#8211; k\u00f6r\u00fclbel\u00fcl 220-350 mag. 1,5-2,0 m2-es ter\u00fcletre 3 g elegend\u0151. Ennek a gy\u00f6k\u00e9rz\u00f6lds\u00e9gnek a term\u00e9s\u00e9t az \u00fcltet\u00e9si s\u0171r\u0171s\u00e9g hat\u00e1rozza meg: a v\u00e1rhat\u00f3 term\u00e9smennyis\u00e9g 27-43 kg.<\/p>\n<p>Vet\u00e9sid\u0151 a talajban IV-VI<br \/>\nT\u00e1vols\u00e1gok, cm 4&#215;15-20<br \/>\nSz\u00fcret VI-IX<br \/>\nLucia Elite m\u00e1rka<\/p>\n","protected":false},"featured_media":33956,"comment_status":"closed","ping_status":"closed","template":"","meta":[],"product_brand":[],"product_cat":[368],"product_tag":[],"class_list":{"0":"post-33955","1":"product","2":"type-product","3":"status-publish","4":"has-post-thumbnail","6":"product_cat-zoldseg-vetomagok","8":"first","9":"instock","10":"taxable","11":"shipping-taxable","12":"purchasable","13":"product-type-simple"},"_links":{"self":[{"href":"https:\/\/chilimag.hu\/webshop\/wp-json\/wp\/v2\/product\/33955","targetHints":{"allow":["GET"]}}],"collection":[{"href":"https:\/\/chilimag.hu\/webshop\/wp-json\/wp\/v2\/product"}],"about":[{"href":"https:\/\/chilimag.hu\/webshop\/wp-json\/wp\/v2\/types\/product"}],"replies":[{"embeddable":true,"href":"https:\/\/chilimag.hu\/webshop\/wp-json\/wp\/v2\/comments?post=33955"}],"wp:featuredmedia":[{"embeddable":true,"href":"https:\/\/chilimag.hu\/webshop\/wp-json\/wp\/v2\/media\/33956"}],"wp:attachment":[{"href":"https:\/\/chilimag.hu\/webshop\/wp-json\/wp\/v2\/media?parent=33955"}],"wp:term":[{"taxonomy":"product_brand","embeddable":true,"href":"https:\/\/chilimag.hu\/webshop\/wp-json\/wp\/v2\/product_brand?post=33955"},{"taxonomy":"product_cat","embeddable":true,"href":"https:\/\/chilimag.hu\/webshop\/wp-json\/wp\/v2\/product_cat?post=33955"},{"taxonomy":"product_tag","embeddable":true,"href":"https:\/\/chilimag.hu\/webshop\/wp-json\/wp\/v2\/product_tag?post=33955"}],"curies":[{"name":"wp","href":"https:\/\/api.w.org\/{rel}","templated":true}]}}