{"id":33950,"date":"2024-11-30T07:00:10","date_gmt":"2024-11-30T07:00:10","guid":{"rendered":"https:\/\/chilimag.hu\/webshop\/?post_type=product&#038;p=33950"},"modified":"2026-03-28T14:15:14","modified_gmt":"2026-03-28T14:15:14","slug":"tarka-levelu-zsalya-agr-sl","status":"publish","type":"product","link":"https:\/\/chilimag.hu\/webshop\/termek\/tarka-levelu-zsalya-agr-sl\/","title":{"rendered":"Tarka level\u0171 zs\u00e1lya Agr SL"},"content":{"rendered":"","protected":false},"excerpt":{"rendered":"<p><img decoding=\"async\" class=\"active-logo\" src=\"https:\/\/b2b.seklos.lt\/themes\/warehouse\/img\/logo_en.png\" alt=\"Agrofirma S\u0117klos, UAB\" width=\"280\" height=\"95\" \/><\/p>\n<p>ZS\u00c1LYA<br \/>\nEgyny\u00e1ri vir\u00e1gok, 60-70 cm magasak, dekorat\u00edv k\u00e9tsz\u00edn\u0171 levelekkel. Nevelje vir\u00e1g\u00e1gy\u00e1sokban, hogy kellemes kieg\u00e9sz\u00edt\u0151je legyen a csokroknak. Fagy ut\u00e1n szabadba \u00fcltetj\u00fck. . Legjobban teljes napon, nedves, laza, term\u00e9keny talajban fejl\u0151dik.<\/p>\n<p>Magok sz\u00e1ma grammonk\u00e9nt ~400<br \/>\nA pal\u00e1nt\u00e1k vet\u00e9si ideje III-IV<br \/>\nT\u00e1vols\u00e1gok, 25-30 cm<br \/>\nVir\u00e1gz\u00e1s VI-IX<br \/>\nAGRONOM m\u00e1rka<br \/>\nNapos hely Igen<\/p>\n","protected":false},"featured_media":33951,"comment_status":"closed","ping_status":"closed","template":"","meta":[],"product_brand":[],"product_cat":[405],"product_tag":[],"class_list":{"0":"post-33950","1":"product","2":"type-product","3":"status-publish","4":"has-post-thumbnail","6":"product_cat-virag-vetomagok-agronom","8":"first","9":"instock","10":"taxable","11":"shipping-taxable","12":"purchasable","13":"product-type-simple"},"_links":{"self":[{"href":"https:\/\/chilimag.hu\/webshop\/wp-json\/wp\/v2\/product\/33950","targetHints":{"allow":["GET"]}}],"collection":[{"href":"https:\/\/chilimag.hu\/webshop\/wp-json\/wp\/v2\/product"}],"about":[{"href":"https:\/\/chilimag.hu\/webshop\/wp-json\/wp\/v2\/types\/product"}],"replies":[{"embeddable":true,"href":"https:\/\/chilimag.hu\/webshop\/wp-json\/wp\/v2\/comments?post=33950"}],"wp:featuredmedia":[{"embeddable":true,"href":"https:\/\/chilimag.hu\/webshop\/wp-json\/wp\/v2\/media\/33951"}],"wp:attachment":[{"href":"https:\/\/chilimag.hu\/webshop\/wp-json\/wp\/v2\/media?parent=33950"}],"wp:term":[{"taxonomy":"product_brand","embeddable":true,"href":"https:\/\/chilimag.hu\/webshop\/wp-json\/wp\/v2\/product_brand?post=33950"},{"taxonomy":"product_cat","embeddable":true,"href":"https:\/\/chilimag.hu\/webshop\/wp-json\/wp\/v2\/product_cat?post=33950"},{"taxonomy":"product_tag","embeddable":true,"href":"https:\/\/chilimag.hu\/webshop\/wp-json\/wp\/v2\/product_tag?post=33950"}],"curies":[{"name":"wp","href":"https:\/\/api.w.org\/{rel}","templated":true}]}}